{"id":4605,"date":"2025-11-18T17:23:35","date_gmt":"2025-11-18T16:23:35","guid":{"rendered":"https:\/\/bienvenue.bretagne.bzh\/?page_id=4605"},"modified":"2026-02-26T11:51:58","modified_gmt":"2026-02-26T10:51:58","slug":"bienvenue","status":"publish","type":"page","link":"https:\/\/bienvenue.bretagne.bzh\/fr\/financer-son-projet\/bienvenue\/","title":{"rendered":"Bienven\u00fce+"},"content":{"rendered":"<section class=\"bloc-header page-header\">\n    <div class=\"bg-header bg-header-1 d-flex flex-column justify-content-end\"\n        style=\"background-image: url('https:\/\/bienvenue.bretagne.bzh\/app\/uploads\/2025\/07\/cyprien-delaporte-_SH5OB1o1z0-unsplash-scaled.jpg'); background-position: center\">\n        <div class=\"container px-4 px-lg-5\">\n            <div class=\"info-header\">\n                                    <div><img decoding=\"async\" class=\"logo-imgfixedh\" width=\"auto\"     height=\"70\"                            src=\"https:\/\/bienvenue.bretagne.bzh\/app\/uploads\/2025\/02\/logos_Bienvenue_site.png\">\n                    <\/div>\n                                <h1 class=\"title color-white font-JostSemiBold pb-3\"><span class=\"htitle  \" style=\"background-color: transparent;color:white\">Bienven\u00fce +<\/span><\/h1>\n                <div class=\"text color-white font-WorkSansLight\">\n                    Bienven\u00fce + est le nouveau programme r\u00e9gional COFUND qui soutient le recrutement de chercheurs postdoctoraux internationaux de haut niveau pour des projets de recherche de 24 mois.\n                <\/div>\n            <\/div>\n        <\/div>\n        <div class=\"bg-filter\"><\/div>\n\n        <div>\n            <img decoding=\"async\" class=\"logo-arrow\" src=\"\/app\/themes\/msca-bienvenue\/src\/img\/picto\/arrow@3x.png\" alt=\"logo-arrow\">\n        <\/div>\n\n<\/section>\n\n\n<section class=\"block-pictos block-contenu\">\n    <div class=\"container\">\n        <div class=\"row py-3\">\n                            <div class=\"col-12 col-lg-6 d-flex flex-row align-items-center pb-3 pb-lg-0\">\n                    <div class=\"icon mr-3\">\n                        <img decoding=\"async\" src=\"https:\/\/bienvenue.bretagne.bzh\/app\/uploads\/2025\/02\/groupe.png\" alt=\"picto-ecole\">\n                    <\/div>\n\n                    <div class=\"text font-WorkSansLight\">20 \u00e9tablissements d\u2019accueil, repr\u00e9sentant plus de 100 unit\u00e9s de recherche<\/div>\n                <\/div>\n                            <div class=\"col-12 col-lg-6 d-flex flex-row align-items-center pb-3 pb-lg-0\">\n                    <div class=\"icon mr-3\">\n                        <img decoding=\"async\" src=\"https:\/\/bienvenue.bretagne.bzh\/app\/uploads\/2020\/12\/ampoule.png\" alt=\"picto-ecole\">\n                    <\/div>\n\n                    <div class=\"text font-WorkSansLight\">75 projets postdoctoraux financ\u00e9s en 3 appels \u00e0 projet (2025, 2026, 2027)<\/div>\n                <\/div>\n                    <\/div>\n    <\/div>\n<\/section>\n\n\n<section class=\"block-contenu pt-4\">\n    <div class=\"container text font-WorkSansLight\"><p>Bienven\u00fce+ est un programme international de bourses postdoctorales destin\u00e9 \u00e0 attirer des scientifiques de talent pour mener un projet de recherche de deux ans dans des laboratoires bretons. Ce programme est cofinanc\u00e9 par le programme europ\u00e9en HORIZON-MSCA-COFUND, la R\u00e9gion Bretagne et 20 institutions d&rsquo;accueil. Il est coordonn\u00e9 par la R\u00e9gion Bretagne.<\/p>\n<p>Bienven\u00fce+ s&rsquo;appuie sur le<a href=\"https:\/\/bienvenue.bretagne.bzh\/fr\/financer-son-projet\/bienvenue-cofund\/\"> premier programme COFUND<\/a> coordonn\u00e9 par la R\u00e9gion Bretagne depuis 2020.<\/p>\n<p>Bienven\u00fce+ s&rsquo;organise autour d&rsquo;un <strong>recrutement ouvert, transparent et bas\u00e9 sur le m\u00e9rite, pour trois promotions de 25 postdoctorants de haut niveau.<\/strong> Bienven\u00fce+ vise \u00e0 int\u00e9grer les principes des actions Marie Sk\u0142odowska-Curie (MSCA) et les standards d&rsquo;excellence europ\u00e9ens dans la gestion des programmes de recherche de la R\u00e9gion Bretagne.<\/p>\n<p>Bienven\u00fce+ privil\u00e9gie une approche th\u00e9matique plut\u00f4t que disciplinaire\u00a0: les projets de toutes les disciplines peuvent \u00eatre financ\u00e9s <strong>d\u00e8s lors qu\u2019ils contribuent \u00e0 l\u2019un des axes strat\u00e9giques d\u2019innovation<\/strong> <a href=\"https:\/\/bienvenue.bretagne.bzh\/fr\/strategie-s3-bretonne\/\"><strong>de la Strat\u00e9gie de sp\u00e9cialisation intelligente bretonne en mati\u00e8re de recherche et d\u2019innovation (RIS3).<\/strong><\/a><\/p>\n<p>Le consortium Bienven\u00fce+ est compos\u00e9 de 20 \u00e9tablissements d\u2019accueil compl\u00e9mentaires et reconnus internationalement, situ\u00e9s en Bretagne, et du SATT Ouest Valorisation, qui propose un accompagnement en mati\u00e8re de formation et de transfert de technologie. Seules les unit\u00e9s de recherche situ\u00e9es en Bretagne sont \u00e9ligibles pour accueillir des chercheurs Bienven\u00fce+.<\/p>\n<p>Les postdoctorants seront employ\u00e9s par l&rsquo;un des \u00e9tablissements d&rsquo;accueil Bienven\u00fce+ au sein des locaux bretons : ANSES, CNRS, EHESP, Ecole Navale, ENS Rennes, ENSCR, ENSTA, Ifremer, IMT Atlantique, Bretagne INP, INRAE, Inria, INSA Rennes, Institut Agro Rennes-Angers, MNHN, Sorbonne Universit\u00e9 \u2013 Roscoff Marine Station, Universit\u00e9 de Bretagne-Occidentale, Universit\u00e9 de Bretagne Sud, Universit\u00e9 de Rennes, Universit\u00e9 Rennes 2.<\/p>\n<p>La bourse Bienven\u00fce+ comprend un programme de formation attractif (orient\u00e9 vers la recherche et sur les comp\u00e9tences transf\u00e9rables) ainsi qu&rsquo;un accompagnement local pour d\u00e9velopper des projets innovants. Les collaborations avec des acteurs suppl\u00e9mentaires des secteurs acad\u00e9miques ou socio-\u00e9conomiques sont encourag\u00e9es par le biais de secondments et de placements. Enfin, un personnel d\u00e9di\u00e9 aidera les laur\u00e9ats \u00e0 s&rsquo;installer en Bretagne.<\/p>\n<p><strong>L&rsquo;appel \u00e0 projet 2025 est maintenant clos, le prochain appel \u00e0 projet ouvrira fin 2026.<\/strong><\/p>\n<p><strong>Plus d&rsquo;informations seront publi\u00e9es en septembre 2026, cependant la plupart des crit\u00e8res et le calendrier devraient \u00eatre similaires au dernier appel \u00e0 projet.\u00a0<\/strong><\/p>\n<\/div>\n<\/section>\n\n\n<section class=\"block-accordeon\" style=\"background-color:white\">\n    <div class=\"page-faq\">\n        <div class=\"container\">\n                            <h2 class=\"sub-title font-JostBold pb-2 pb-lg-3\">Ressources<\/h2>\n                                    <div class=\"pr-md-4\">\n                                    <div class=\"faq-accordion collapsed mt-4 px-4\" data-toggle=\"collapse\"\n                         href=\"#collapse-item-4-1\">Documents de l&rsquo;appel \u00e0 projet<\/div>\n\n                    <div id=\"collapse-item-4-1\" class=\"text font-WorkSansLight collapse p-3\">\n                        <div><p>La strat\u00e9gie RIS3 &#8211; <a href=\"https:\/\/bienvenue.bretagne.bzh\/fr\/strategie-s3-bretonne\/\">page d\u00e9di\u00e9e<\/a><\/p>\n<p>Le <a href=\"https:\/\/bienvenue.bretagne.bzh\/app\/uploads\/2026\/01\/BienvenuePLUS_Host_Institutions_Guide-1.pdf\">guide<\/a> des institutions partenaires (en anglais)<\/p>\n<p><a href=\"https:\/\/op.europa.eu\/en\/publication-detail\/-\/publication\/cca3dd5c-2d1c-11ef-a61b-01aa75ed71a1\/language-en\">La note d&rsquo;information<\/a> \u00e0 destination des candidats MSCA dans le cadre d&rsquo;un projet, r\u00e9gional, national ou international co-financ\u00e9 par un programme COFUND.<\/p>\n<p><strong>Trouver un superviseur <\/strong><\/p>\n<p>Consulter la page <a href=\"https:\/\/bienvenue.bretagne.bzh\/fr\/sinstaller-en-bretagne\/la-recherche-en-bretagne\/\">La recherche en Bretagne<\/a> et notamment la carte interactive regroupant les unit\u00e9s de recherche en Bretagne<\/p>\n<\/div>\n                    <\/div>\n                                    <div class=\"faq-accordion collapsed mt-4 px-4\" data-toggle=\"collapse\"\n                         href=\"#collapse-item-4-2\">Documents de l&rsquo;appel \u00e0 projet 2025<\/div>\n\n                    <div id=\"collapse-item-4-2\" class=\"text font-WorkSansLight collapse p-3\">\n                        <div><p><a href=\"https:\/\/bienvenue.bretagne.bzh\/app\/uploads\/2025\/09\/BienvenuePLUS2025_application-Guidelines.pdf\">Le guide du candidat<\/a> (en anglais)<\/p>\n<p><a href=\"https:\/\/bienvenue.bretagne.bzh\/app\/uploads\/2025\/09\/BPLUSCall2025_Application_template.rtf\">Le formulaire de candidature en anglais<\/a>, son utilisation est obligatoire (il sera actualis\u00e9 prochainement).<\/p>\n<\/div>\n                    <\/div>\n                                    <div class=\"faq-accordion collapsed mt-4 px-4\" data-toggle=\"collapse\"\n                         href=\"#collapse-item-4-3\">Candidater<\/div>\n\n                    <div id=\"collapse-item-4-3\" class=\"text font-WorkSansLight collapse p-3\">\n                        <div><p>Les candidatures seront \u00e0 d\u00e9pos\u00e9e sur la plateforme extranet recherche d\u00e9di\u00e9e. Le lien sera disponible au d\u00e9but du prochain appel \u00e0 projet.<\/p>\n<p><a href=\"https:\/\/bienvenue.bretagne.bzh\/app\/uploads\/2025\/11\/User-manual-Extranet-Recherche-EN.pdf\">Guide de la plateforme<\/a> de candidature en anglais<\/p>\n<p>Il est fortement conseill\u00e9 de ne pas attendre la derni\u00e8re minute pour candidater afin d&rsquo;\u00e9viter tout probl\u00e8me technique.<\/p>\n<\/div>\n                    <\/div>\n                                    <div class=\"faq-accordion collapsed mt-4 px-4\" data-toggle=\"collapse\"\n                         href=\"#collapse-item-4-4\">Contacts <\/div>\n\n                    <div id=\"collapse-item-4-4\" class=\"text font-WorkSansLight collapse p-3\">\n                        <div><p>Pour toute question relative au programme Bienven\u00fce, veuillez contacter msca-bienven\u00fce@bretagne.bzh.<\/p>\n<p>Pour toute question relative \u00e0 la mise en \u0153uvre d&rsquo;un projet de recherche, veuillez contacter directement l&rsquo;\u00e9tablissement d&rsquo;accueil concern\u00e9. Ses coordonn\u00e9es Bienven\u00fce+ sont disponibles dans le Guide des \u00e9tablissements d&rsquo;accueil.<\/p>\n<\/div>\n                    <\/div>\n                \n            <\/div>\n        <\/div>\n    <\/div>\n<\/section>","protected":false},"excerpt":{"rendered":"","protected":false},"author":16,"featured_media":0,"parent":3825,"menu_order":3,"comment_status":"closed","ping_status":"closed","template":"","meta":{"_acf_changed":false,"inline_featured_image":false,"footnotes":""},"class_list":["post-4605","page","type-page","status-publish","hentry"],"acf":[],"yoast_head":"<!-- This site is optimized with the Yoast SEO plugin v26.0 - https:\/\/yoast.com\/wordpress\/plugins\/seo\/ -->\n<title>Bienven\u00fce+ &#183; BIENVEN\u00dcE<\/title>\n<meta name=\"robots\" content=\"index, follow, max-snippet:-1, max-image-preview:large, max-video-preview:-1\" \/>\n<link rel=\"canonical\" href=\"https:\/\/bienvenue.bretagne.bzh\/fr\/financer-son-projet\/bienvenue\/\" \/>\n<meta property=\"og:locale\" content=\"fr_FR\" \/>\n<meta property=\"og:type\" content=\"article\" \/>\n<meta property=\"og:title\" content=\"Bienven\u00fce+ &#183; BIENVEN\u00dcE\" \/>\n<meta property=\"og:url\" content=\"https:\/\/bienvenue.bretagne.bzh\/fr\/financer-son-projet\/bienvenue\/\" \/>\n<meta property=\"og:site_name\" content=\"BIENVEN\u00dcE\" \/>\n<meta property=\"article:modified_time\" content=\"2026-02-26T10:51:58+00:00\" \/>\n<meta name=\"twitter:card\" content=\"summary_large_image\" \/>\n<script type=\"application\/ld+json\" class=\"yoast-schema-graph\">{\"@context\":\"https:\/\/schema.org\",\"@graph\":[{\"@type\":\"WebPage\",\"@id\":\"https:\/\/bienvenue.bretagne.bzh\/fr\/financer-son-projet\/bienvenue\/\",\"url\":\"https:\/\/bienvenue.bretagne.bzh\/fr\/financer-son-projet\/bienvenue\/\",\"name\":\"Bienven\u00fce+ &#183; BIENVEN\u00dcE\",\"isPartOf\":{\"@id\":\"https:\/\/msca-bienvenue.bretagne.bzh\/#website\"},\"datePublished\":\"2025-11-18T16:23:35+00:00\",\"dateModified\":\"2026-02-26T10:51:58+00:00\",\"breadcrumb\":{\"@id\":\"https:\/\/bienvenue.bretagne.bzh\/fr\/financer-son-projet\/bienvenue\/#breadcrumb\"},\"inLanguage\":\"fr-FR\",\"potentialAction\":[{\"@type\":\"ReadAction\",\"target\":[\"https:\/\/bienvenue.bretagne.bzh\/fr\/financer-son-projet\/bienvenue\/\"]}]},{\"@type\":\"BreadcrumbList\",\"@id\":\"https:\/\/bienvenue.bretagne.bzh\/fr\/financer-son-projet\/bienvenue\/#breadcrumb\",\"itemListElement\":[{\"@type\":\"ListItem\",\"position\":1,\"name\":\"Home\",\"item\":\"https:\/\/bienvenue.bretagne.bzh\/fr\/\"},{\"@type\":\"ListItem\",\"position\":2,\"name\":\"Financer son projet\",\"item\":\"https:\/\/bienvenue.bretagne.bzh\/fr\/financer-son-projet\/\"},{\"@type\":\"ListItem\",\"position\":3,\"name\":\"Bienven\u00fce+\"}]},{\"@type\":\"WebSite\",\"@id\":\"https:\/\/msca-bienvenue.bretagne.bzh\/#website\",\"url\":\"https:\/\/msca-bienvenue.bretagne.bzh\/\",\"name\":\"BIENVEN\u00dcE\",\"description\":\"Welcoming talented international post-docs in Brittany.\",\"potentialAction\":[{\"@type\":\"SearchAction\",\"target\":{\"@type\":\"EntryPoint\",\"urlTemplate\":\"https:\/\/msca-bienvenue.bretagne.bzh\/?s={search_term_string}\"},\"query-input\":{\"@type\":\"PropertyValueSpecification\",\"valueRequired\":true,\"valueName\":\"search_term_string\"}}],\"inLanguage\":\"fr-FR\"}]}<\/script>\n<!-- \/ Yoast SEO plugin. -->","yoast_head_json":{"title":"Bienven\u00fce+ &#183; BIENVEN\u00dcE","robots":{"index":"index","follow":"follow","max-snippet":"max-snippet:-1","max-image-preview":"max-image-preview:large","max-video-preview":"max-video-preview:-1"},"canonical":"https:\/\/bienvenue.bretagne.bzh\/fr\/financer-son-projet\/bienvenue\/","og_locale":"fr_FR","og_type":"article","og_title":"Bienven\u00fce+ &#183; BIENVEN\u00dcE","og_url":"https:\/\/bienvenue.bretagne.bzh\/fr\/financer-son-projet\/bienvenue\/","og_site_name":"BIENVEN\u00dcE","article_modified_time":"2026-02-26T10:51:58+00:00","twitter_card":"summary_large_image","schema":{"@context":"https:\/\/schema.org","@graph":[{"@type":"WebPage","@id":"https:\/\/bienvenue.bretagne.bzh\/fr\/financer-son-projet\/bienvenue\/","url":"https:\/\/bienvenue.bretagne.bzh\/fr\/financer-son-projet\/bienvenue\/","name":"Bienven\u00fce+ &#183; BIENVEN\u00dcE","isPartOf":{"@id":"https:\/\/msca-bienvenue.bretagne.bzh\/#website"},"datePublished":"2025-11-18T16:23:35+00:00","dateModified":"2026-02-26T10:51:58+00:00","breadcrumb":{"@id":"https:\/\/bienvenue.bretagne.bzh\/fr\/financer-son-projet\/bienvenue\/#breadcrumb"},"inLanguage":"fr-FR","potentialAction":[{"@type":"ReadAction","target":["https:\/\/bienvenue.bretagne.bzh\/fr\/financer-son-projet\/bienvenue\/"]}]},{"@type":"BreadcrumbList","@id":"https:\/\/bienvenue.bretagne.bzh\/fr\/financer-son-projet\/bienvenue\/#breadcrumb","itemListElement":[{"@type":"ListItem","position":1,"name":"Home","item":"https:\/\/bienvenue.bretagne.bzh\/fr\/"},{"@type":"ListItem","position":2,"name":"Financer son projet","item":"https:\/\/bienvenue.bretagne.bzh\/fr\/financer-son-projet\/"},{"@type":"ListItem","position":3,"name":"Bienven\u00fce+"}]},{"@type":"WebSite","@id":"https:\/\/msca-bienvenue.bretagne.bzh\/#website","url":"https:\/\/msca-bienvenue.bretagne.bzh\/","name":"BIENVEN\u00dcE","description":"Welcoming talented international post-docs in Brittany.","potentialAction":[{"@type":"SearchAction","target":{"@type":"EntryPoint","urlTemplate":"https:\/\/msca-bienvenue.bretagne.bzh\/?s={search_term_string}"},"query-input":{"@type":"PropertyValueSpecification","valueRequired":true,"valueName":"search_term_string"}}],"inLanguage":"fr-FR"}]}},"_links":{"self":[{"href":"https:\/\/bienvenue.bretagne.bzh\/fr\/wp-json\/wp\/v2\/pages\/4605","targetHints":{"allow":["GET"]}}],"collection":[{"href":"https:\/\/bienvenue.bretagne.bzh\/fr\/wp-json\/wp\/v2\/pages"}],"about":[{"href":"https:\/\/bienvenue.bretagne.bzh\/fr\/wp-json\/wp\/v2\/types\/page"}],"author":[{"embeddable":true,"href":"https:\/\/bienvenue.bretagne.bzh\/fr\/wp-json\/wp\/v2\/users\/16"}],"replies":[{"embeddable":true,"href":"https:\/\/bienvenue.bretagne.bzh\/fr\/wp-json\/wp\/v2\/comments?post=4605"}],"version-history":[{"count":17,"href":"https:\/\/bienvenue.bretagne.bzh\/fr\/wp-json\/wp\/v2\/pages\/4605\/revisions"}],"predecessor-version":[{"id":4730,"href":"https:\/\/bienvenue.bretagne.bzh\/fr\/wp-json\/wp\/v2\/pages\/4605\/revisions\/4730"}],"up":[{"embeddable":true,"href":"https:\/\/bienvenue.bretagne.bzh\/fr\/wp-json\/wp\/v2\/pages\/3825"}],"wp:attachment":[{"href":"https:\/\/bienvenue.bretagne.bzh\/fr\/wp-json\/wp\/v2\/media?parent=4605"}],"curies":[{"name":"wp","href":"https:\/\/api.w.org\/{rel}","templated":true}]}}