{"id":4106,"date":"2025-01-31T14:50:08","date_gmt":"2025-01-31T13:50:08","guid":{"rendered":"https:\/\/bienvenue.bretagne.bzh\/?page_id=4106"},"modified":"2025-02-18T09:55:58","modified_gmt":"2025-02-18T08:55:58","slug":"strategie-s3-bretonne","status":"publish","type":"page","link":"https:\/\/bienvenue.bretagne.bzh\/fr\/strategie-s3-bretonne\/","title":{"rendered":"La strat\u00e9gie de recherche et innovation bretonne"},"content":{"rendered":"<section class=\"bloc-header page-header\">\n    <div class=\"bg-header bg-header-1 d-flex flex-column justify-content-end\"\n        style=\"background-image: url('https:\/\/bienvenue.bretagne.bzh\/app\/uploads\/2025\/02\/Copyright-Franck-Betermin_pageS3-scaled.jpg'); background-position: center\">\n        <div class=\"container px-4 px-lg-5\">\n            <div class=\"info-header\">\n                                <h1 class=\"title color-white font-JostSemiBold pb-3\"><span class=\"htitle px-2 px-md-4 \" style=\"background-color: #c1ca90;color:#000000\">La strat\u00e9gie de recherche et d&rsquo;innovation bretonne<\/span><\/h1>\n                <div class=\"text color-white font-WorkSansLight\">\n                                    <\/div>\n            <\/div>\n        <\/div>\n        <div class=\"bg-filter\"><\/div>\n\n        <div>\n            <img decoding=\"async\" class=\"logo-arrow\" src=\"\/app\/themes\/msca-bienvenue\/src\/img\/picto\/arrow@3x.png\" alt=\"logo-arrow\">\n        <\/div>\n\n<\/section>\n\n\n<section class=\"block-contenu pt-4\">\n    <div class=\"container text font-WorkSansLight\"><p>La R\u00e9gion Bretagne a d\u00e9fini une strat\u00e9gie r\u00e9gionale de recherche et d\u2019innovation appel\u00e9e S3 (<em>Smart Specialization Strategy<\/em>) afin de positionner la r\u00e9gion dans l\u2019espace europ\u00e9en de recherche et d\u2019innovation, \u00e0 d\u00e9finir des domaines th\u00e9matiques prioritaires d\u2019intervention.<\/p>\n<p>En accueillant de jeunes chercheurs internationaux, l\u2019objectif de la R\u00e9gion Bretagne est de renforcer l\u2019excellence de la recherche dans ses domaines forts.<\/p>\n<p>Lire la <a href=\"https:\/\/www.bretagne.bzh\/app\/uploads\/20_DIRECO_SIS_01_S3-b.pdf\">Strat\u00e9gie de Recherche et Innovation \u2013 Strat\u00e9gie de Sp\u00e9cialisation Intelligente (S3)<\/a> de la R\u00e9gion Bretagne<\/p>\n<p>&nbsp;<\/p>\n<\/div>\n<\/section>\n\n\n<section class=\"bloc-programs block-secteurs\">\n    <div class=\"row mx-0\">\n                    <a class=\"program d-block col-6 px-0\" data-color=\"#cf7a26\" style=\"background-color: #cf7a26\" href=\"https:\/\/bienvenue.bretagne.bzh\/fr\/strategic-innovation-areas\/numerique-responsable\/\">\n                <div class=\"bg text-center m-2\">\n                    <div class=\"program-content mx-auto px-2 px-lg-4 py-5\">\n                        <div class=\"title-small font-JostBold mx-auto\">Economie du num\u00e9rique s\u00e9curis\u00e9e et responsable<\/div>\n                        <div class=\"d-none d-lg-block\">\n                            <div class=\"my-4\">\n                                <span class=\"text font-WorkSansMedium text-uppercase p-2\"  style=\"background-color: #cf7a26\">Accompagner la num\u00e9risation de mani\u00e8re responsable<\/span>\n                            <\/div>\n                            <div class=\"text font-WorkSansLight\">La Bretagne travaille \u00e0 accompagner la num\u00e9risation de l&rsquo;\u00e9conomie en ayant les notions d&rsquo;\u00e9thique et de responsabilit\u00e9 \u00e0 c\u0153ur.<\/div>\n                        <\/div>\n                    <\/div>\n                <\/div>\n            <\/a>\n                    <a class=\"program d-block col-6 px-0\" data-color=\"#c1ca90\" style=\"background-color: #c1ca90\" href=\"https:\/\/bienvenue.bretagne.bzh\/fr\/strategic-innovation-areas\/bien-manger-pour-tous\/\">\n                <div class=\"bg text-center m-2\">\n                    <div class=\"program-content mx-auto px-2 px-lg-4 py-5\">\n                        <div class=\"title-small font-JostBold mx-auto\">Economie du bien-manger pour tous<\/div>\n                        <div class=\"d-none d-lg-block\">\n                            <div class=\"my-4\">\n                                <span class=\"text font-WorkSansMedium text-uppercase p-2\"  style=\"background-color: #c1ca90\">Vers une production alimentaire plus durable<\/span>\n                            <\/div>\n                            <div class=\"text font-WorkSansLight\">Leader dans la production agro-alimentaire fran\u00e7aise, la Bretagne souhaite soutenir sa mutation tout en garantissant une nourriture accessible et de qualit\u00e9 \u00e0 tou\u00b7te\u00b7s.<\/div>\n                        <\/div>\n                    <\/div>\n                <\/div>\n            <\/a>\n                    <a class=\"program d-block col-6 px-0\" data-color=\"#e3c212\" style=\"background-color: #e3c212\" href=\"https:\/\/bienvenue.bretagne.bzh\/fr\/strategic-innovation-areas\/industrie-production-intelligente\/\">\n                <div class=\"bg text-center m-2\">\n                    <div class=\"program-content mx-auto px-2 px-lg-4 py-5\">\n                        <div class=\"title-small font-JostBold mx-auto\">Economie de l&rsquo;industrie pour une production intelligente<\/div>\n                        <div class=\"d-none d-lg-block\">\n                            <div class=\"my-4\">\n                                <span class=\"text font-WorkSansMedium text-uppercase p-2\"  style=\"background-color: #e3c212\">La Bretagne souhaite promouvoir une industrie plus durable et plus humaine.<\/span>\n                            <\/div>\n                            <div class=\"text font-WorkSansLight\">La Bretagne souhaite am\u00e9liorer la comp\u00e9titivit\u00e9 de ses entreprises le favoriser le d\u00e9veloppement de r\u00e9seaux innovants autour des mat\u00e9riaux, de l&rsquo;\u00e9nergie ou des mobilit\u00e9s<\/div>\n                        <\/div>\n                    <\/div>\n                <\/div>\n            <\/a>\n                    <a class=\"program d-block col-6 px-0\" data-color=\"#4c74b5\" style=\"background-color: #4c74b5\" href=\"https:\/\/bienvenue.bretagne.bzh\/fr\/strategic-innovation-areas\/economie-maritime-pour-une-croissance-bleue\/\">\n                <div class=\"bg text-center m-2\">\n                    <div class=\"program-content mx-auto px-2 px-lg-4 py-5\">\n                        <div class=\"title-small font-JostBold mx-auto\">Economie maritime pour une croissance bleue<\/div>\n                        <div class=\"d-none d-lg-block\">\n                            <div class=\"my-4\">\n                                <span class=\"text font-WorkSansMedium text-uppercase p-2\"  style=\"background-color: #4c74b5\">La mer centrale dans le d\u00e9veloppement breton<\/span>\n                            <\/div>\n                            <div class=\"text font-WorkSansLight\">La Bretagne tire partie de sa situation de plus grande p\u00e9ninsule fran\u00e7aise pour innover, de la gestion du littoral au d\u00e9veloppement des biotechnologies.<\/div>\n                        <\/div>\n                    <\/div>\n                <\/div>\n            <\/a>\n                    <a class=\"program d-block col-6 px-0\" data-color=\"#ba88a4\" style=\"background-color: #ba88a4\" href=\"https:\/\/bienvenue.bretagne.bzh\/fr\/strategic-innovation-areas\/sante-bien-etre\/\">\n                <div class=\"bg text-center m-2\">\n                    <div class=\"program-content mx-auto px-2 px-lg-4 py-5\">\n                        <div class=\"title-small font-JostBold mx-auto\">Economie de la sant\u00e9 et du bien-\u00eatre pour tous<\/div>\n                        <div class=\"d-none d-lg-block\">\n                            <div class=\"my-4\">\n                                <span class=\"text font-WorkSansMedium text-uppercase p-2\"  style=\"background-color: #ba88a4\">Renforcer l&rsquo;excellence dans tous ses domaines<\/span>\n                            <\/div>\n                            <div class=\"text font-WorkSansLight\">Les acteurs du domaines travaillent \u00e0 l&rsquo;am\u00e9lioration du bien-\u00eatre dans de nombreux domaines, allant de la recherche de nouvelles mol\u00e9cules aux nouveaux \u00e9quipements. <\/div>\n                        <\/div>\n                    <\/div>\n                <\/div>\n            <\/a>\n                    <a class=\"program d-block col-6 px-0\" data-color=\"#8eb9c5\" style=\"background-color: #8eb9c5\" href=\"https:\/\/bienvenue.bretagne.bzh\/fr\/strategic-innovation-areas\/transitions\/\">\n                <div class=\"bg text-center m-2\">\n                    <div class=\"program-content mx-auto px-2 px-lg-4 py-5\">\n                        <div class=\"title-small font-JostBold mx-auto\">Transitions<\/div>\n                        <div class=\"d-none d-lg-block\">\n                            <div class=\"my-4\">\n                                <span class=\"text font-WorkSansMedium text-uppercase p-2\"  style=\"background-color: #8eb9c5\">Pour mieux-vivre en Bretagne<\/span>\n                            <\/div>\n                            <div class=\"text font-WorkSansLight\">Notre soci\u00e9t\u00e9 fait aujourd&rsquo;hui face \u00e0 de nombreux d\u00e9fis qui n\u00e9cessitent une r\u00e9ponse au-del\u00e0 des cadres traditionnels, pour r\u00e9pondre \u00e0 toutes leurs dimensions.<\/div>\n                        <\/div>\n                    <\/div>\n                <\/div>\n            <\/a>\n            <\/div>\n<\/section>\n","protected":false},"excerpt":{"rendered":"","protected":false},"author":6,"featured_media":0,"parent":0,"menu_order":5,"comment_status":"closed","ping_status":"closed","template":"","meta":{"_acf_changed":false,"inline_featured_image":false,"footnotes":""},"class_list":["post-4106","page","type-page","status-publish","hentry"],"acf":[],"yoast_head":"<!-- This site is optimized with the Yoast SEO plugin v26.0 - https:\/\/yoast.com\/wordpress\/plugins\/seo\/ -->\n<title>La strat\u00e9gie de recherche et innovation bretonne &#183; BIENVEN\u00dcE<\/title>\n<meta name=\"description\" content=\"La R\u00e9gion Bretagne a d\u00e9fini une strat\u00e9gie r\u00e9gionale de recherche et d\u2019innovation appel\u00e9e S3 (Smart Specialization Strategy) afin de positionner la r\u00e9gion dans l\u2019espace europ\u00e9en de recherche et d\u2019innovation.\" \/>\n<meta name=\"robots\" content=\"index, follow, max-snippet:-1, max-image-preview:large, max-video-preview:-1\" \/>\n<link rel=\"canonical\" href=\"https:\/\/msca-bienvenue.bretagne.bzh\/fr\/strategie-s3-bretonne\/\" \/>\n<meta property=\"og:locale\" content=\"fr_FR\" \/>\n<meta property=\"og:type\" content=\"article\" \/>\n<meta property=\"og:title\" content=\"La strat\u00e9gie de recherche et innovation bretonne &#183; BIENVEN\u00dcE\" \/>\n<meta property=\"og:description\" content=\"La R\u00e9gion Bretagne a d\u00e9fini une strat\u00e9gie r\u00e9gionale de recherche et d\u2019innovation appel\u00e9e S3 (Smart Specialization Strategy) afin de positionner la r\u00e9gion dans l\u2019espace europ\u00e9en de recherche et d\u2019innovation.\" \/>\n<meta property=\"og:url\" content=\"https:\/\/msca-bienvenue.bretagne.bzh\/fr\/strategie-s3-bretonne\/\" \/>\n<meta property=\"og:site_name\" content=\"BIENVEN\u00dcE\" \/>\n<meta property=\"article:modified_time\" content=\"2025-02-18T08:55:58+00:00\" \/>\n<meta name=\"twitter:card\" content=\"summary_large_image\" \/>\n<script type=\"application\/ld+json\" class=\"yoast-schema-graph\">{\"@context\":\"https:\/\/schema.org\",\"@graph\":[{\"@type\":\"WebPage\",\"@id\":\"https:\/\/msca-bienvenue.bretagne.bzh\/fr\/strategie-s3-bretonne\/\",\"url\":\"https:\/\/msca-bienvenue.bretagne.bzh\/fr\/strategie-s3-bretonne\/\",\"name\":\"La strat\u00e9gie de recherche et innovation bretonne &#183; BIENVEN\u00dcE\",\"isPartOf\":{\"@id\":\"https:\/\/msca-bienvenue.bretagne.bzh\/#website\"},\"datePublished\":\"2025-01-31T13:50:08+00:00\",\"dateModified\":\"2025-02-18T08:55:58+00:00\",\"description\":\"La R\u00e9gion Bretagne a d\u00e9fini une strat\u00e9gie r\u00e9gionale de recherche et d\u2019innovation appel\u00e9e S3 (Smart Specialization Strategy) afin de positionner la r\u00e9gion dans l\u2019espace europ\u00e9en de recherche et d\u2019innovation.\",\"breadcrumb\":{\"@id\":\"https:\/\/msca-bienvenue.bretagne.bzh\/fr\/strategie-s3-bretonne\/#breadcrumb\"},\"inLanguage\":\"fr-FR\",\"potentialAction\":[{\"@type\":\"ReadAction\",\"target\":[\"https:\/\/msca-bienvenue.bretagne.bzh\/fr\/strategie-s3-bretonne\/\"]}]},{\"@type\":\"BreadcrumbList\",\"@id\":\"https:\/\/msca-bienvenue.bretagne.bzh\/fr\/strategie-s3-bretonne\/#breadcrumb\",\"itemListElement\":[{\"@type\":\"ListItem\",\"position\":1,\"name\":\"Home\",\"item\":\"https:\/\/bienvenue.bretagne.bzh\/fr\/\"},{\"@type\":\"ListItem\",\"position\":2,\"name\":\"La strat\u00e9gie de recherche et innovation bretonne\"}]},{\"@type\":\"WebSite\",\"@id\":\"https:\/\/msca-bienvenue.bretagne.bzh\/#website\",\"url\":\"https:\/\/msca-bienvenue.bretagne.bzh\/\",\"name\":\"BIENVEN\u00dcE\",\"description\":\"Welcoming talented international post-docs in Brittany.\",\"potentialAction\":[{\"@type\":\"SearchAction\",\"target\":{\"@type\":\"EntryPoint\",\"urlTemplate\":\"https:\/\/msca-bienvenue.bretagne.bzh\/?s={search_term_string}\"},\"query-input\":{\"@type\":\"PropertyValueSpecification\",\"valueRequired\":true,\"valueName\":\"search_term_string\"}}],\"inLanguage\":\"fr-FR\"}]}<\/script>\n<!-- \/ Yoast SEO plugin. -->","yoast_head_json":{"title":"La strat\u00e9gie de recherche et innovation bretonne &#183; BIENVEN\u00dcE","description":"La R\u00e9gion Bretagne a d\u00e9fini une strat\u00e9gie r\u00e9gionale de recherche et d\u2019innovation appel\u00e9e S3 (Smart Specialization Strategy) afin de positionner la r\u00e9gion dans l\u2019espace europ\u00e9en de recherche et d\u2019innovation.","robots":{"index":"index","follow":"follow","max-snippet":"max-snippet:-1","max-image-preview":"max-image-preview:large","max-video-preview":"max-video-preview:-1"},"canonical":"https:\/\/msca-bienvenue.bretagne.bzh\/fr\/strategie-s3-bretonne\/","og_locale":"fr_FR","og_type":"article","og_title":"La strat\u00e9gie de recherche et innovation bretonne &#183; BIENVEN\u00dcE","og_description":"La R\u00e9gion Bretagne a d\u00e9fini une strat\u00e9gie r\u00e9gionale de recherche et d\u2019innovation appel\u00e9e S3 (Smart Specialization Strategy) afin de positionner la r\u00e9gion dans l\u2019espace europ\u00e9en de recherche et d\u2019innovation.","og_url":"https:\/\/msca-bienvenue.bretagne.bzh\/fr\/strategie-s3-bretonne\/","og_site_name":"BIENVEN\u00dcE","article_modified_time":"2025-02-18T08:55:58+00:00","twitter_card":"summary_large_image","schema":{"@context":"https:\/\/schema.org","@graph":[{"@type":"WebPage","@id":"https:\/\/msca-bienvenue.bretagne.bzh\/fr\/strategie-s3-bretonne\/","url":"https:\/\/msca-bienvenue.bretagne.bzh\/fr\/strategie-s3-bretonne\/","name":"La strat\u00e9gie de recherche et innovation bretonne &#183; BIENVEN\u00dcE","isPartOf":{"@id":"https:\/\/msca-bienvenue.bretagne.bzh\/#website"},"datePublished":"2025-01-31T13:50:08+00:00","dateModified":"2025-02-18T08:55:58+00:00","description":"La R\u00e9gion Bretagne a d\u00e9fini une strat\u00e9gie r\u00e9gionale de recherche et d\u2019innovation appel\u00e9e S3 (Smart Specialization Strategy) afin de positionner la r\u00e9gion dans l\u2019espace europ\u00e9en de recherche et d\u2019innovation.","breadcrumb":{"@id":"https:\/\/msca-bienvenue.bretagne.bzh\/fr\/strategie-s3-bretonne\/#breadcrumb"},"inLanguage":"fr-FR","potentialAction":[{"@type":"ReadAction","target":["https:\/\/msca-bienvenue.bretagne.bzh\/fr\/strategie-s3-bretonne\/"]}]},{"@type":"BreadcrumbList","@id":"https:\/\/msca-bienvenue.bretagne.bzh\/fr\/strategie-s3-bretonne\/#breadcrumb","itemListElement":[{"@type":"ListItem","position":1,"name":"Home","item":"https:\/\/bienvenue.bretagne.bzh\/fr\/"},{"@type":"ListItem","position":2,"name":"La strat\u00e9gie de recherche et innovation bretonne"}]},{"@type":"WebSite","@id":"https:\/\/msca-bienvenue.bretagne.bzh\/#website","url":"https:\/\/msca-bienvenue.bretagne.bzh\/","name":"BIENVEN\u00dcE","description":"Welcoming talented international post-docs in Brittany.","potentialAction":[{"@type":"SearchAction","target":{"@type":"EntryPoint","urlTemplate":"https:\/\/msca-bienvenue.bretagne.bzh\/?s={search_term_string}"},"query-input":{"@type":"PropertyValueSpecification","valueRequired":true,"valueName":"search_term_string"}}],"inLanguage":"fr-FR"}]}},"_links":{"self":[{"href":"https:\/\/bienvenue.bretagne.bzh\/fr\/wp-json\/wp\/v2\/pages\/4106","targetHints":{"allow":["GET"]}}],"collection":[{"href":"https:\/\/bienvenue.bretagne.bzh\/fr\/wp-json\/wp\/v2\/pages"}],"about":[{"href":"https:\/\/bienvenue.bretagne.bzh\/fr\/wp-json\/wp\/v2\/types\/page"}],"author":[{"embeddable":true,"href":"https:\/\/bienvenue.bretagne.bzh\/fr\/wp-json\/wp\/v2\/users\/6"}],"replies":[{"embeddable":true,"href":"https:\/\/bienvenue.bretagne.bzh\/fr\/wp-json\/wp\/v2\/comments?post=4106"}],"version-history":[{"count":5,"href":"https:\/\/bienvenue.bretagne.bzh\/fr\/wp-json\/wp\/v2\/pages\/4106\/revisions"}],"predecessor-version":[{"id":4260,"href":"https:\/\/bienvenue.bretagne.bzh\/fr\/wp-json\/wp\/v2\/pages\/4106\/revisions\/4260"}],"wp:attachment":[{"href":"https:\/\/bienvenue.bretagne.bzh\/fr\/wp-json\/wp\/v2\/media?parent=4106"}],"curies":[{"name":"wp","href":"https:\/\/api.w.org\/{rel}","templated":true}]}}