{"id":4037,"date":"2025-01-28T15:34:23","date_gmt":"2025-01-28T14:34:23","guid":{"rendered":"https:\/\/bienvenue.bretagne.bzh\/?page_id=4037"},"modified":"2026-02-26T11:57:36","modified_gmt":"2026-02-26T10:57:36","slug":"bienvenue-seal-of-excellence","status":"publish","type":"page","link":"https:\/\/bienvenue.bretagne.bzh\/fr\/financer-son-projet\/bienvenue-seal-of-excellence\/","title":{"rendered":"BIENVEN\u00dcE Seal of Excellence"},"content":{"rendered":"<section class=\"bloc-header page-header\">\n    <div class=\"bg-header bg-header-1 d-flex flex-column justify-content-end\"\n        style=\"background-image: url('https:\/\/bienvenue.bretagne.bzh\/app\/uploads\/2025\/01\/william-bout-7cdFZmLlWOM-unsplash-scaled.jpg'); background-position: center\">\n        <div class=\"container px-4 px-lg-5\">\n            <div class=\"info-header\">\n                                    <div><img decoding=\"async\" class=\"logo-imgfixedh\" width=\"auto\"     height=\"100\"                            src=\"https:\/\/bienvenue.bretagne.bzh\/app\/uploads\/2025\/02\/logo-feder2_Bienvenue_Seal-of-Excellence_.png\">\n                    <\/div>\n                                <h1 class=\"title color-white font-JostSemiBold pb-3\"><span class=\"htitle  \" style=\"background-color: transparent;color:white\">BIENVEN\u00dcE<br \/>\r<\/span><span class=\"htitle  \" style=\"background-color: transparent;color:white\">Seal of Excellence<\/span><\/h1>\n                <div class=\"text color-white font-WorkSansLight\">\n                    <b>BIENVEN\u00dcE Seal of Excellence vise \u00e0 renforcer le recrutement de post-doctorants internationaux de haut niveau en Bretagne et \u00e0 encourager les chercheurs des laboratoires bretons \u00e0 candidater aux appels europ\u00e9ens\u202f<\/b><b>MSCA Postdoctoral Fellowships<\/b><b>.<\/b>\u00a0\n\u00a0\n                <\/div>\n            <\/div>\n        <\/div>\n        <div class=\"bg-filter\"><\/div>\n\n        <div>\n            <img decoding=\"async\" class=\"logo-arrow\" src=\"\/app\/themes\/msca-bienvenue\/src\/img\/picto\/arrow@3x.png\" alt=\"logo-arrow\">\n        <\/div>\n\n<\/section>\n\n\n<section class=\"block-pictos block-contenu\">\n    <div class=\"container\">\n        <div class=\"row py-3\">\n                            <div class=\"col-12 col-lg-6 d-flex flex-row align-items-center pb-3 pb-lg-0\">\n                    <div class=\"icon mr-3\">\n                        <img decoding=\"async\" src=\"https:\/\/bienvenue.bretagne.bzh\/app\/uploads\/2025\/02\/euro.png\" alt=\"picto-ecole\">\n                    <\/div>\n\n                    <div class=\"text font-WorkSansLight\">Financement de projets de recherche de 12 \u00e0 24 mois <\/div>\n                <\/div>\n                            <div class=\"col-12 col-lg-6 d-flex flex-row align-items-center pb-3 pb-lg-0\">\n                    <div class=\"icon mr-3\">\n                        <img decoding=\"async\" src=\"https:\/\/bienvenue.bretagne.bzh\/app\/uploads\/2025\/02\/commentaire.png\" alt=\"picto-ecole\">\n                    <\/div>\n\n                    <div class=\"text font-WorkSansLight\">Appel ouvert jusqu&rsquo;au 30 juin 2026<\/div>\n                <\/div>\n                    <\/div>\n    <\/div>\n<\/section>\n\n\n<section class=\"block-contenu pt-4\">\n    <div class=\"container text font-WorkSansLight\"><h2>L&rsquo;appel \u00e0 projets BIENVEN\u00dcE Seal of Excellence<\/h2>\n<p>L&rsquo;appel \u00e0 projet est actuellement ouvert, jusqu&rsquo;au 30 juin 2026.<\/p>\n<p>Il finance des projets de recherche de 12 \u00e0 24 mois mis en \u0153uvre sur le territoire breton par la mobilisation de fonds FEDER. Seuls sont \u00e9ligibles au financement les projets positivement \u00e9valu\u00e9s et d\u00e9tenteurs de \u00ab Seal of Excellence \u00bb des appels \u00e0 projets MSCA Postdoctoral Fellowships.<\/p>\n<p>Ce volet s\u2019appuie sur le <strong>processus d\u2019\u00e9valuation reconnu de la Commission europ\u00e9enne et l\u2019attribution des \u00ab\u00a0Seal of Excellence\u00a0\u00bb<\/strong>. Cette attestation est attribu\u00e9e par la Commission europ\u00e9enne aux projets tr\u00e8s bien not\u00e9s mais qui ne sont finalement pas financ\u00e9s faute de budget suffisant.<\/p>\n<p>La R\u00e9gion Bretagne, en tant qu\u2019Autorit\u00e9 de Gestion du Programme FEDER 2021-2027, vise \u00e0 soutenir les candidatures des chercheurs bretons aux appels MSCA Postdoctoral Fellowships (dont le taux de s\u00e9lection est autour de 12%) par <strong>une opportunit\u00e9 suppl\u00e9mentaire de financement d\u2019un projet<\/strong>.<\/p>\n<\/div>\n<\/section>\n\n\n<section class=\"block-accordeon\" style=\"background-color:white\">\n    <div class=\"page-faq\">\n        <div class=\"container\">\n                            <h2 class=\"sub-title font-JostBold pb-2 pb-lg-3\">Qui peut b\u00e9n\u00e9ficier de l&rsquo;aide Bienven\u00fce Seal of Excellence ?<\/h2>\n                                    <div class=\"pr-md-4\">\n                                    <div class=\"faq-accordion collapsed mt-4 px-4\" data-toggle=\"collapse\"\n                         href=\"#collapse-item-4-1\">B\u00e9n\u00e9ficiaires<\/div>\n\n                    <div id=\"collapse-item-4-1\" class=\"text font-WorkSansLight collapse p-3\">\n                        <div><p><strong>Le b\u00e9n\u00e9ficiaire de l\u2019aide est l\u2019employeur du chercheur post-doctorant<\/strong>. Sont consid\u00e9r\u00e9es comme \u00e9ligibles au dispositif les structures suivantes implant\u00e9es en Bretagne :<\/p>\n<ul>\n<li>Les \u00e9tablissements publics d\u2019enseignement sup\u00e9rieur disposant d\u2019activit\u00e9s de recherche\u00a0;<\/li>\n<li>Les grands organismes publics de recherche\u00a0;<\/li>\n<li>Les \u00e9coles sup\u00e9rieures de droit priv\u00e9 b\u00e9n\u00e9ficiant d\u2019agr\u00e9ments minist\u00e9riels pour la d\u00e9livrance de dipl\u00f4mes de niveau Master minimum et d\u2019agr\u00e9ments pour la conduite d\u2019activit\u00e9s de recherche scientifique\u00a0;<\/li>\n<li>Les groupements d\u2019int\u00e9r\u00eat public (GIP), les fondations de coop\u00e9ration scientifique et les associations \u00e0 but non lucratif ayant pour objectif la mise en \u0153uvre d&rsquo;activit\u00e9s de recherche et de d\u00e9veloppement technologique.<\/li>\n<\/ul>\n<p>Le dossier de candidature est d\u00e9pos\u00e9 par l\u2019\u00e9tablissement du chercheur post-doctorant.<\/p>\n<\/div>\n                    <\/div>\n                                    <div class=\"faq-accordion collapsed mt-4 px-4\" data-toggle=\"collapse\"\n                         href=\"#collapse-item-4-2\">Projets \u00e9ligibles<\/div>\n\n                    <div id=\"collapse-item-4-2\" class=\"text font-WorkSansLight collapse p-3\">\n                        <div><p>Pour \u00eatre \u00e9ligibles, les projets devront respecter les crit\u00e8res cumulatifs suivants :<\/p>\n<ul>\n<li>Le <strong>projet de recherche soumis a obtenu le label \u00ab<\/strong><strong>\u202f<\/strong><strong>Seal of Excellence<\/strong><strong>\u202f<\/strong><strong>\u00bb<\/strong> par la Commission Europ\u00e9enne \u00e0 l\u2019appel \u00e0 projets HORIZON-MSCA-PF de l\u2019ann\u00e9e 2025 <strong>avec une note minimale de 85\/100 <\/strong>;<\/li>\n<li>Le projet s\u2019inscrit dans un ou plusieurs des 5 domaines d\u2019innovation strat\u00e9gique (DIS) et\/ou dans l\u2019axe transversal de la <strong>S3 bretonne<\/strong><strong>\u202f<\/strong>;<\/li>\n<li>Le projet scientifique, l\u2019identit\u00e9 du\u00b7de la post-doctorant\u00b7e et l&rsquo;institution h\u00f4te sont identiques dans le dossier soumis \u00e0 la Commission europ\u00e9enne et celui soumis \u00e0 la R\u00e9gion\u202fen tant qu\u2019autorit\u00e9 de gestion FEDER;<\/li>\n<li>Le\u00b7la post-doctorant\u00b7e est recrut\u00e9\u00b7e par un \u00e9tablissement \u00e9ligible (cf. ci-dessus) implant\u00e9 sur le territoire breton.<\/li>\n<\/ul>\n<\/div>\n                    <\/div>\n                                    <div class=\"faq-accordion collapsed mt-4 px-4\" data-toggle=\"collapse\"\n                         href=\"#collapse-item-4-3\">Crit\u00e8res de s\u00e9lection<\/div>\n\n                    <div id=\"collapse-item-4-3\" class=\"text font-WorkSansLight collapse p-3\">\n                        <div><p>Les projets devront r\u00e9pondre \u00e0 tous les crit\u00e8res suivants\u00a0:<\/p>\n<ul>\n<li><strong>Excellence du projet<\/strong>: d\u00e9montr\u00e9e par l\u2019obtention de la note minimale de 85\/100 et de la fourniture de <u>l\u2019attestation \u00ab\u00a0Seal of Excellence\u00a0\u00bb<\/u> attribu\u00e9e par la Commission europ\u00e9enne et du <u>dossier de candidature \u00e0 l\u2019appel europ\u00e9en<\/u>\u00a0;<\/li>\n<li><strong>Impact r\u00e9gional<\/strong>: le projet s\u2019inscrit dans un ou plusieurs des 5 domaines d\u2019innovation strat\u00e9gique (DIS) et\/ou dans l\u2019axe transversal de la S3 bretonne ;<\/li>\n<li><strong>Equilibre budg\u00e9taire<\/strong>\u00a0: une attention particuli\u00e8re sera port\u00e9e \u00e0 l\u2019\u00e9quilibre du plan de financement pr\u00e9visionnel et aux cofinancements du projet. Le FEDER pouvant financer jusqu\u2019\u00e0\u00a0<strong>75 %<\/strong>\u00a0du projet, le b\u00e9n\u00e9ficiaire doit d\u00e9montrer sa capacit\u00e9 \u00e0 financer les\u00a0<strong>25 %<\/strong>\u00a0restants par des fonds propres ou des financements alternatifs, en accord avec la r\u00e8gle de non-cumul de financement europ\u00e9en et sans double valorisation du Seal of Excellence.<\/li>\n<\/ul>\n<p>Les dossiers seront instruits au fil de l\u2019eau dans la limite de l\u2019enveloppe budg\u00e9taire.<\/p>\n<\/div>\n                    <\/div>\n                \n            <\/div>\n        <\/div>\n    <\/div>\n<\/section>\n\n\n<section class=\"block-accordeon\" style=\"background-color:white\">\n    <div class=\"page-faq\">\n        <div class=\"container\">\n                            <h2 class=\"sub-title font-JostBold pb-2 pb-lg-3\">Quel est le montant de la subvention de la R\u00e9gion Bretagne ?<\/h2>\n                                    <div class=\"pr-md-4\">\n                                    <div class=\"faq-accordion collapsed mt-4 px-4\" data-toggle=\"collapse\"\n                         href=\"#collapse-item-5-1\">D\u00e9penses \u00e9ligibles<\/div>\n\n                    <div id=\"collapse-item-5-1\" class=\"text font-WorkSansLight collapse p-3\">\n                        <div><p>Sous r\u00e9serve du respect des r\u00e9glementations communautaires et nationales d&rsquo;\u00e9ligibilit\u00e9 des d\u00e9penses, et des dispositions sp\u00e9cifiques \u00e0 chaque action, les d\u00e9penses directement rattachables et n\u00e9cessaires \u00e0 la r\u00e9alisation des projets sont \u00e9ligibles.<\/p>\n<p>Les d\u00e9penses \u00e9ligibles sont les suivantes\u00a0:<\/p>\n<ul>\n<li>Frais de personnel\u00a0;<\/li>\n<li>Autres d\u00e9penses (comme les frais de communication et l\u2019organisation d\u2019\u00e9v\u00e9nements, les prestations intellectuelles, les fournitures et \u00e9quipements, les frais de mission, en lien avec le projet \u2026).<\/li>\n<\/ul>\n<p><strong>Options de co\u00fbts simplifi\u00e9s<\/strong><\/p>\n<p>Sur la p\u00e9riode 2021-2027, la Commission europ\u00e9enne encourage le recours aux co\u00fbts simplifi\u00e9s. Ainsi, pour ce dispositif, les co\u00fbts simplifi\u00e9s suivants sont obligatoirement \u00e0 utiliser pour d\u00e9terminer le montant des d\u00e9penses\u00a0:<\/p>\n<ul>\n<li>Les <u>d\u00e9penses de personnel<\/u> se calculent sur la base d\u2019un co\u00fbt horaire unique bas\u00e9 sur le co\u00fbt horaire Grand Ouest de l\u2019INSEE\u00a0: <strong>1h = 34.12 \u20ac<\/strong><\/li>\n<li>La prise en compte des autres co\u00fbts : le montant des d\u00e9penses \u00e9ligibles autres que les frais de personnel se d\u00e9termine en appliquant un pourcentage aux co\u00fbts de personnel\u00a0: Autres co\u00fbts \u00e9ligibles = <strong>40% des co\u00fbts de personnel<\/strong>.<\/li>\n<\/ul>\n<p><strong>Les d\u00e9penses sont \u00e9ligibles \u00e0 partir du 1<sup>er<\/sup> mars 2026.<\/strong><\/p>\n<\/div>\n                    <\/div>\n                                    <div class=\"faq-accordion collapsed mt-4 px-4\" data-toggle=\"collapse\"\n                         href=\"#collapse-item-5-2\">Format de l&rsquo;aide<\/div>\n\n                    <div id=\"collapse-item-5-2\" class=\"text font-WorkSansLight collapse p-3\">\n                        <div><ul>\n<li>L\u2019aide prendra la forme d\u2019une subvention FEDER\u00a0;<\/li>\n<li>Les financements FEDER accord\u00e9s dans le cadre de ce dispositif interviendront dans la limite de 75\u00a0% du montant total du projet\u00a0;<\/li>\n<li>L\u2019aide FEDER octroy\u00e9e sera plafonn\u00e9e \u00e0 115 000 \u20ac\u00a0;<\/li>\n<li>Les projets auront une dur\u00e9e maximum de 24 mois. Une prolongation pourra \u00e9ventuellement \u00eatre accord\u00e9e sur demande motiv\u00e9e.<\/li>\n<\/ul>\n<p>L\u2019enveloppe totale allou\u00e9e \u00e0 cet appel \u00e0 projets ne pourra pas d\u00e9passer 805 000 euros.<\/p>\n<\/div>\n                    <\/div>\n                                    <div class=\"faq-accordion collapsed mt-4 px-4\" data-toggle=\"collapse\"\n                         href=\"#collapse-item-5-3\">Modalit\u00e9s du versement<\/div>\n\n                    <div id=\"collapse-item-5-3\" class=\"text font-WorkSansLight collapse p-3\">\n                        <div><p>Fonds FEDER\u00a0: <strong>aucune avance ne peut \u00eatre octroy\u00e9e<\/strong>\u00a0; tout acompte ainsi que le solde seront vers\u00e9s sur justificatifs (suivis de temps, rapport d&rsquo;avancement&#8230;).<\/p>\n<p>Les modalit\u00e9s de d\u00e9p\u00f4t des demandes de paiement seront pr\u00e9cis\u00e9es dans la convention attributive de subvention FEDER.<\/p>\n<p>&nbsp;<\/p>\n<\/div>\n                    <\/div>\n                \n            <\/div>\n        <\/div>\n    <\/div>\n<\/section>\n\n\n<section class=\"block-accordeon\" style=\"background-color:white\">\n    <div class=\"page-faq\">\n        <div class=\"container\">\n                            <h2 class=\"sub-title font-JostBold pb-2 pb-lg-3\">D\u00e9poser votre demande<\/h2>\n                                        <div class=\"text font-WorkSansLight py-2 py-lg-0\"><p>Il est <strong>fortement conseill\u00e9 de prendre contact en amont du d\u00e9p\u00f4t du dossier<\/strong> pour v\u00e9rifier l\u2019ad\u00e9quation du projet avec le p\u00e9rim\u00e8tre de l\u2019appel \u00e0 projets.<\/p>\n<p><strong>Date limite de d\u00e9p\u00f4t des candidatures : 30 juin 2026<\/strong><\/p>\n<\/div>\n                        <div class=\"pr-md-4\">\n                                    <div class=\"faq-accordion collapsed mt-4 px-4\" data-toggle=\"collapse\"\n                         href=\"#collapse-item-6-1\">Modalit\u00e9s de d\u00e9p\u00f4t<\/div>\n\n                    <div id=\"collapse-item-6-1\" class=\"text font-WorkSansLight collapse p-3\">\n                        <div><p><strong>Le dossier de candidature est d\u00e9pos\u00e9 par l\u2019\u00e9tablissement<\/strong> du chercheur post-doctorant. La candidature doit \u00eatre effectu\u00e9e en fran\u00e7ais.<\/p>\n<p>La candidature est \u00e0 d\u00e9poser sur le guichet Aiden\u00a0: <a href=\"https:\/\/aides.bretagne.bzh\/aides\/#\/crbr\/\">https:\/\/aides.bretagne.bzh\/aides\/#\/crbr\/<\/a><\/p>\n<\/div>\n                    <\/div>\n                                    <div class=\"faq-accordion collapsed mt-4 px-4\" data-toggle=\"collapse\"\n                         href=\"#collapse-item-6-2\">Documents cl\u00e9s<\/div>\n\n                    <div id=\"collapse-item-6-2\" class=\"text font-WorkSansLight collapse p-3\">\n                        <div><ul>\n<li><a href=\"https:\/\/bienvenue.bretagne.bzh\/app\/uploads\/2026\/02\/UE27_FEDER_112_BienvenueSealofExcellence_tampon_27_01_2026.pdf\">R\u00e8glement d&rsquo;intervention<\/a><\/li>\n<li><a href=\"https:\/\/bienvenue.bretagne.bzh\/app\/uploads\/2025\/01\/1_USAGER_Guide-Aiden_Europe_FEDER_Usager_v0.8-2.pdf\">Guide d&rsquo;utilisation Aiden<\/a><\/li>\n<li><a href=\"https:\/\/bienvenue.bretagne.bzh\/app\/uploads\/2025\/01\/BienvenueSOE_Lettre_mission.doc\">Mod\u00e8le de lettre de mission<\/a><\/li>\n<li><a href=\"https:\/\/bienvenue.bretagne.bzh\/app\/uploads\/2025\/01\/BienvenueSOE_lettre_intention.docx\">Mod\u00e8le de lettre d&rsquo;intention (co-financement)<\/a><\/li>\n<\/ul>\n<\/div>\n                    <\/div>\n                                    <div class=\"faq-accordion collapsed mt-4 px-4\" data-toggle=\"collapse\"\n                         href=\"#collapse-item-6-3\">Documents \u00e0 joindre<\/div>\n\n                    <div id=\"collapse-item-6-3\" class=\"text font-WorkSansLight collapse p-3\">\n                        <div><p><strong><u>Documents scientifiques (en anglais ou en fran\u00e7ais) :<\/u><\/strong><\/p>\n<ol>\n<li>Projet de recherche comme soumis \u00e0 l\u2019appel HORIZON-MSCA-PF (<em>Forms A and B<\/em>)<\/li>\n<li>Fiche d\u2019\u00e9valuation du projet par la Commission europ\u00e9enne<\/li>\n<li>Certificat du Seal of Excellence d\u00e9cern\u00e9 par la Commission europ\u00e9enne<\/li>\n<li>Copie du dipl\u00f4me de doctorat du candidat post-doctorant (si \u00e9mis dans une autre langue, merci de transmettre l\u2019original et une traduction en anglais ou fran\u00e7ais. La traduction asserment\u00e9e n\u2019est pas requise)<\/li>\n<\/ol>\n<p><strong><u>Documents administratifs (en fran\u00e7ais uniquement) :<\/u><\/strong><\/p>\n<ol>\n<li>Lettre de mission (quotit\u00e9 du temps de travail pass\u00e9 sur le projet + chercheur rattach\u00e9 au projet) <em>\u2013 un mod\u00e8le est propos\u00e9 voir documents cl\u00e9s<\/em><\/li>\n<li>Copie du contrat de travail (\u00e0 transmettre au plus tard lors du d\u00e9marrage du contrat)<\/li>\n<\/ol>\n<p><strong><u>Le d\u00e9p\u00f4t sur Aiden n\u00e9cessite \u00e9galement les pi\u00e8ces suivantes par l&rsquo;\u00e9tablissement :<\/u><\/strong><\/p>\n<ol>\n<li>Attestations de r\u00e9gularit\u00e9 fiscale et sociale<\/li>\n<li>Capacit\u00e9 du repr\u00e9sentant l\u00e9gal<\/li>\n<li>Liste des aides europ\u00e9ennes per\u00e7ues par l\u2019\u00e9tablissement se rattachant aux programmes de financement europ\u00e9ens de la p\u00e9riode 2021-2027<\/li>\n<li>D\u00e9lib\u00e9ration ou attestation de l&rsquo;\u00e9tablissement approuvant le plan de financement et justifiant de sa capacit\u00e9 financi\u00e8re \u00e0 mener \u00e0 bien le projet<\/li>\n<li>Descriptif des modalit\u00e9s internes de suivi du temps de travail<\/li>\n<li>Le cas \u00e9ch\u00e9ant, l&rsquo;engagement des cofinancements obtenus (acte d&rsquo;engagement ou lettre d&rsquo;intention) <em>\u2013 un mod\u00e8le est propos\u00e9 voir documents cl\u00e9s<\/em><\/li>\n<\/ol>\n<\/div>\n                    <\/div>\n                                    <div class=\"faq-accordion collapsed mt-4 px-4\" data-toggle=\"collapse\"\n                         href=\"#collapse-item-6-4\">Contact<\/div>\n\n                    <div id=\"collapse-item-6-4\" class=\"text font-WorkSansLight collapse p-3\">\n                        <div><p style=\"text-align: center;\">recherche@bretagne.bzh<\/p>\n<p style=\"text-align: center;\">R\u00e9gion Bretagne<\/p>\n<p style=\"text-align: center;\">Direction du d\u00e9veloppement \u00e9conomique<\/p>\n<p style=\"text-align: center;\">Service du d\u00e9veloppement de l\u2019enseignement sup\u00e9rieur et de la recherche<\/p>\n<p style=\"text-align: center;\">283 avenue du G\u00e9n\u00e9ral Patton<\/p>\n<p style=\"text-align: center;\">35711 Rennes<\/p>\n<\/div>\n                    <\/div>\n                \n            <\/div>\n        <\/div>\n    <\/div>\n<\/section>","protected":false},"excerpt":{"rendered":"","protected":false},"author":6,"featured_media":0,"parent":3825,"menu_order":14,"comment_status":"closed","ping_status":"closed","template":"","meta":{"_acf_changed":false,"inline_featured_image":false,"footnotes":""},"class_list":["post-4037","page","type-page","status-publish","hentry"],"acf":[],"yoast_head":"<!-- This site is optimized with the Yoast SEO plugin v26.0 - https:\/\/yoast.com\/wordpress\/plugins\/seo\/ -->\n<title>BIENVEN\u00dcE Seal of Excellence &#183; BIENVEN\u00dcE<\/title>\n<meta name=\"robots\" content=\"index, follow, max-snippet:-1, max-image-preview:large, max-video-preview:-1\" \/>\n<link rel=\"canonical\" href=\"https:\/\/bienvenue.bretagne.bzh\/fr\/financer-son-projet\/bienvenue-seal-of-excellence\/\" \/>\n<meta property=\"og:locale\" content=\"fr_FR\" \/>\n<meta property=\"og:type\" content=\"article\" \/>\n<meta property=\"og:title\" content=\"BIENVEN\u00dcE Seal of Excellence &#183; BIENVEN\u00dcE\" \/>\n<meta property=\"og:url\" content=\"https:\/\/bienvenue.bretagne.bzh\/fr\/financer-son-projet\/bienvenue-seal-of-excellence\/\" \/>\n<meta property=\"og:site_name\" content=\"BIENVEN\u00dcE\" \/>\n<meta property=\"article:modified_time\" content=\"2026-02-26T10:57:36+00:00\" \/>\n<meta name=\"twitter:card\" content=\"summary_large_image\" \/>\n<script type=\"application\/ld+json\" class=\"yoast-schema-graph\">{\"@context\":\"https:\/\/schema.org\",\"@graph\":[{\"@type\":\"WebPage\",\"@id\":\"https:\/\/bienvenue.bretagne.bzh\/fr\/financer-son-projet\/bienvenue-seal-of-excellence\/\",\"url\":\"https:\/\/bienvenue.bretagne.bzh\/fr\/financer-son-projet\/bienvenue-seal-of-excellence\/\",\"name\":\"BIENVEN\u00dcE Seal of Excellence &#183; BIENVEN\u00dcE\",\"isPartOf\":{\"@id\":\"https:\/\/msca-bienvenue.bretagne.bzh\/#website\"},\"datePublished\":\"2025-01-28T14:34:23+00:00\",\"dateModified\":\"2026-02-26T10:57:36+00:00\",\"breadcrumb\":{\"@id\":\"https:\/\/bienvenue.bretagne.bzh\/fr\/financer-son-projet\/bienvenue-seal-of-excellence\/#breadcrumb\"},\"inLanguage\":\"fr-FR\",\"potentialAction\":[{\"@type\":\"ReadAction\",\"target\":[\"https:\/\/bienvenue.bretagne.bzh\/fr\/financer-son-projet\/bienvenue-seal-of-excellence\/\"]}]},{\"@type\":\"BreadcrumbList\",\"@id\":\"https:\/\/bienvenue.bretagne.bzh\/fr\/financer-son-projet\/bienvenue-seal-of-excellence\/#breadcrumb\",\"itemListElement\":[{\"@type\":\"ListItem\",\"position\":1,\"name\":\"Home\",\"item\":\"https:\/\/bienvenue.bretagne.bzh\/fr\/\"},{\"@type\":\"ListItem\",\"position\":2,\"name\":\"Financer son projet\",\"item\":\"https:\/\/bienvenue.bretagne.bzh\/fr\/financer-son-projet\/\"},{\"@type\":\"ListItem\",\"position\":3,\"name\":\"BIENVEN\u00dcE Seal of Excellence\"}]},{\"@type\":\"WebSite\",\"@id\":\"https:\/\/msca-bienvenue.bretagne.bzh\/#website\",\"url\":\"https:\/\/msca-bienvenue.bretagne.bzh\/\",\"name\":\"BIENVEN\u00dcE\",\"description\":\"Welcoming talented international post-docs in Brittany.\",\"potentialAction\":[{\"@type\":\"SearchAction\",\"target\":{\"@type\":\"EntryPoint\",\"urlTemplate\":\"https:\/\/msca-bienvenue.bretagne.bzh\/?s={search_term_string}\"},\"query-input\":{\"@type\":\"PropertyValueSpecification\",\"valueRequired\":true,\"valueName\":\"search_term_string\"}}],\"inLanguage\":\"fr-FR\"}]}<\/script>\n<!-- \/ Yoast SEO plugin. -->","yoast_head_json":{"title":"BIENVEN\u00dcE Seal of Excellence &#183; BIENVEN\u00dcE","robots":{"index":"index","follow":"follow","max-snippet":"max-snippet:-1","max-image-preview":"max-image-preview:large","max-video-preview":"max-video-preview:-1"},"canonical":"https:\/\/bienvenue.bretagne.bzh\/fr\/financer-son-projet\/bienvenue-seal-of-excellence\/","og_locale":"fr_FR","og_type":"article","og_title":"BIENVEN\u00dcE Seal of Excellence &#183; BIENVEN\u00dcE","og_url":"https:\/\/bienvenue.bretagne.bzh\/fr\/financer-son-projet\/bienvenue-seal-of-excellence\/","og_site_name":"BIENVEN\u00dcE","article_modified_time":"2026-02-26T10:57:36+00:00","twitter_card":"summary_large_image","schema":{"@context":"https:\/\/schema.org","@graph":[{"@type":"WebPage","@id":"https:\/\/bienvenue.bretagne.bzh\/fr\/financer-son-projet\/bienvenue-seal-of-excellence\/","url":"https:\/\/bienvenue.bretagne.bzh\/fr\/financer-son-projet\/bienvenue-seal-of-excellence\/","name":"BIENVEN\u00dcE Seal of Excellence &#183; BIENVEN\u00dcE","isPartOf":{"@id":"https:\/\/msca-bienvenue.bretagne.bzh\/#website"},"datePublished":"2025-01-28T14:34:23+00:00","dateModified":"2026-02-26T10:57:36+00:00","breadcrumb":{"@id":"https:\/\/bienvenue.bretagne.bzh\/fr\/financer-son-projet\/bienvenue-seal-of-excellence\/#breadcrumb"},"inLanguage":"fr-FR","potentialAction":[{"@type":"ReadAction","target":["https:\/\/bienvenue.bretagne.bzh\/fr\/financer-son-projet\/bienvenue-seal-of-excellence\/"]}]},{"@type":"BreadcrumbList","@id":"https:\/\/bienvenue.bretagne.bzh\/fr\/financer-son-projet\/bienvenue-seal-of-excellence\/#breadcrumb","itemListElement":[{"@type":"ListItem","position":1,"name":"Home","item":"https:\/\/bienvenue.bretagne.bzh\/fr\/"},{"@type":"ListItem","position":2,"name":"Financer son projet","item":"https:\/\/bienvenue.bretagne.bzh\/fr\/financer-son-projet\/"},{"@type":"ListItem","position":3,"name":"BIENVEN\u00dcE Seal of Excellence"}]},{"@type":"WebSite","@id":"https:\/\/msca-bienvenue.bretagne.bzh\/#website","url":"https:\/\/msca-bienvenue.bretagne.bzh\/","name":"BIENVEN\u00dcE","description":"Welcoming talented international post-docs in Brittany.","potentialAction":[{"@type":"SearchAction","target":{"@type":"EntryPoint","urlTemplate":"https:\/\/msca-bienvenue.bretagne.bzh\/?s={search_term_string}"},"query-input":{"@type":"PropertyValueSpecification","valueRequired":true,"valueName":"search_term_string"}}],"inLanguage":"fr-FR"}]}},"_links":{"self":[{"href":"https:\/\/bienvenue.bretagne.bzh\/fr\/wp-json\/wp\/v2\/pages\/4037","targetHints":{"allow":["GET"]}}],"collection":[{"href":"https:\/\/bienvenue.bretagne.bzh\/fr\/wp-json\/wp\/v2\/pages"}],"about":[{"href":"https:\/\/bienvenue.bretagne.bzh\/fr\/wp-json\/wp\/v2\/types\/page"}],"author":[{"embeddable":true,"href":"https:\/\/bienvenue.bretagne.bzh\/fr\/wp-json\/wp\/v2\/users\/6"}],"replies":[{"embeddable":true,"href":"https:\/\/bienvenue.bretagne.bzh\/fr\/wp-json\/wp\/v2\/comments?post=4037"}],"version-history":[{"count":35,"href":"https:\/\/bienvenue.bretagne.bzh\/fr\/wp-json\/wp\/v2\/pages\/4037\/revisions"}],"predecessor-version":[{"id":4735,"href":"https:\/\/bienvenue.bretagne.bzh\/fr\/wp-json\/wp\/v2\/pages\/4037\/revisions\/4735"}],"up":[{"embeddable":true,"href":"https:\/\/bienvenue.bretagne.bzh\/fr\/wp-json\/wp\/v2\/pages\/3825"}],"wp:attachment":[{"href":"https:\/\/bienvenue.bretagne.bzh\/fr\/wp-json\/wp\/v2\/media?parent=4037"}],"curies":[{"name":"wp","href":"https:\/\/api.w.org\/{rel}","templated":true}]}}