{"id":3991,"date":"2025-01-28T15:33:06","date_gmt":"2025-01-28T14:33:06","guid":{"rendered":"https:\/\/bienvenue.bretagne.bzh\/?page_id=3991"},"modified":"2025-06-10T10:38:22","modified_gmt":"2025-06-10T08:38:22","slug":"bienvenue-cofund","status":"publish","type":"page","link":"https:\/\/bienvenue.bretagne.bzh\/fr\/financer-son-projet\/bienvenue-cofund\/","title":{"rendered":"BIENVEN\u00dcE Cofund"},"content":{"rendered":"<section class=\"bloc-header page-header\">\n    <div class=\"bg-header bg-header-1 d-flex flex-column justify-content-end\"\n        style=\"background-image: url('https:\/\/bienvenue.bretagne.bzh\/app\/uploads\/2021\/01\/anna-jimenez-calaf-PLOq7Ouq0fM-unsplash.jpg'); background-position: center\">\n        <div class=\"container px-4 px-lg-5\">\n            <div class=\"info-header\">\n                                    <div><img decoding=\"async\" class=\"logo-imgfixedh\" width=\"auto\"     height=\"70\"                            src=\"https:\/\/bienvenue.bretagne.bzh\/app\/uploads\/2025\/02\/logos_Bienvenue_site.png\">\n                    <\/div>\n                                <h1 class=\"title color-white font-JostSemiBold pb-3\"><span class=\"htitle  \" style=\"background-color: transparent;color:white\">BIENVEN\u00dcE Cofund<\/span><\/h1>\n                <div class=\"text color-white font-WorkSansLight\">\n                    Le programme BIENVEN\u00dcE Cofund soutient le recrutement de post-doctorants de haut-niveau avec une exp\u00e9rience internationale pour des projets de recherche de 24 mois.\n                <\/div>\n            <\/div>\n        <\/div>\n        <div class=\"bg-filter\"><\/div>\n\n        <div>\n            <img decoding=\"async\" class=\"logo-arrow\" src=\"\/app\/themes\/msca-bienvenue\/src\/img\/picto\/arrow@3x.png\" alt=\"logo-arrow\">\n        <\/div>\n\n<\/section>\n\n\n<section class=\"block-pictos block-contenu\">\n    <div class=\"container\">\n        <div class=\"row py-3\">\n                            <div class=\"col-12 col-lg-6 d-flex flex-row align-items-center pb-3 pb-lg-0\">\n                    <div class=\"icon mr-3\">\n                        <img decoding=\"async\" src=\"https:\/\/bienvenue.bretagne.bzh\/app\/uploads\/2025\/02\/groupe.png\" alt=\"picto-ecole\">\n                    <\/div>\n\n                    <div class=\"text font-WorkSansLight\">81 chercheurs au profil international de haut-niveau recrut\u00e9s dans les laboratoires bretons<\/div>\n                <\/div>\n                            <div class=\"col-12 col-lg-6 d-flex flex-row align-items-center pb-3 pb-lg-0\">\n                    <div class=\"icon mr-3\">\n                        <img decoding=\"async\" src=\"https:\/\/bienvenue.bretagne.bzh\/app\/uploads\/2025\/02\/dossiers.png\" alt=\"picto-ecole\">\n                    <\/div>\n\n                    <div class=\"text font-WorkSansLight\">Projets de recherche de 24 mois<\/div>\n                <\/div>\n                    <\/div>\n    <\/div>\n<\/section>\n\n\n<section class=\"block-contenu pt-4\">\n    <div class=\"container text font-WorkSansLight\"><p><iframe loading=\"lazy\" title=\"Bienven\u00fce en Bretagne\" src=\"https:\/\/player.vimeo.com\/video\/703643426?dnt=1&amp;app_id=122963\" width=\"640\" height=\"360\" frameborder=\"0\" allow=\"autoplay; fullscreen; picture-in-picture; clipboard-write; encrypted-media\"><\/iframe><\/p>\n<p>&nbsp;<\/p>\n<h2>L&rsquo;appel \u00e0 projets BIENVEN\u00dcE Cofund<\/h2>\n<p>Le programme postdoctoral BIENVEN\u00dcE \u2013 \u00ab Welcoming highly-talented international post-docs in Brittany \u00bb, port\u00e9 par la R\u00e9gion Bretagne, en partenariat avec huit \u00e9tablissements d\u2019enseignement sup\u00e9rieur et de recherche implant\u00e9s en Bretagne, a conduit au <strong>recrutement de 81 post-doctorant\u00b7e\u00b7s au profil international de haut niveau dans les laboratoires bretons<\/strong>. Mis en \u0153uvre sur une p\u00e9riode de 5 ans \u00e0 partir du 1er novembre 2020, il est cofinanc\u00e9 par l\u2019Union europ\u00e9enne au travers de son programme de recherche et d\u2019innovation Horizon 2020.<br \/>\nCe projet a re\u00e7u un financement de l\u2019Union Europ\u00e9enne, programme Recherche et Innovation Horizon 2020, actions Marie Sk\u0142odowska-Curie, accord de subvention No 899546.<\/p>\n<p><strong>Les appels \u00e0 projets sont clos. <\/strong><\/p>\n<p>Apprenez-en davantage sur les impacts du projet en lisant le <a href=\"https:\/\/bienvenue.bretagne.bzh\/app\/uploads\/2025\/05\/2025-03-rapport_miseenoeuvre_Bienvenue-2024.pdf\">rapport sur la mise en \u0153uvre 2020 &#8211; 2024<\/a>.<\/p>\n<h2>Les partenaires du programme<\/h2>\n<p>Les partenaires du programme BIENVEN\u00dcE sont\u00a0l\u2019Institut Agro Rennes-Angers, l\u2019IMT Atlantique,\u00a0l\u2019Inria, l\u2019Universit\u00e9 de Bretagne Occidentale, l\u2019Universit\u00e9 de Bretagne-Sud,\u00a0l\u2019Universit\u00e9 de Rennes, l\u2019Universit\u00e9 Rennes 2\u00a0et\u00a0Sorbonne Universit\u00e9\/la\u00a0Station biologique de Roscoff, qui accueillent les postdoctorant\u00b7e\u00b7s recrut\u00e9\u00b7es dans le cadre de BIENVEN\u00dcE, ainsi que\u00a0Bretagne D\u00e9veloppement Innovation (BDI), qui apporte son aide aux candidat\u00b7e\u00b7s et aux superviseurs pour d\u00e9velopper des collaborations avec le secteur socio-\u00e9conomique.<\/p>\n<p>&nbsp;<\/p>\n<h2>Les types de projets financ\u00e9s<\/h2>\n<p>Les projets financ\u00e9s contribuent \u00e0 la strat\u00e9gie S3, avec la r\u00e9partition suivante :<\/p>\n<ul>\n<li><a href=\"https:\/\/bienvenue.bretagne.bzh\/fr\/strategic-innovation-areas\/economie-maritime-pour-une-croissance-bleue\/\">Economie maritime pour une croissance bleue<\/a> (33% des projets)<\/li>\n<li><a href=\"https:\/\/bienvenue.bretagne.bzh\/fr\/strategic-innovation-areas\/sante-bien-etre\/\">Economie de la sant\u00e9 et du bien-\u00eatre pour tous<\/a> (21% des projets)<\/li>\n<li><a href=\"https:\/\/bienvenue.bretagne.bzh\/fr\/strategic-innovation-areas\/bien-manger-pour-tous\/\">Economie alimentaire et du bien-manger pour tous<\/a> (15% des projets)<\/li>\n<li><a href=\"https:\/\/bienvenue.bretagne.bzh\/fr\/strategic-innovation-areas\/industrie-production-intelligente\/\">Economie de l\u2019industrie pour une production intelligente<\/a> (15% des projets)<\/li>\n<li><a href=\"https:\/\/bienvenue.bretagne.bzh\/fr\/strategic-innovation-areas\/numerique-responsable\/\">Economie du num\u00e9rique sobre et responsable<\/a> (12% des projets)<\/li>\n<li>4% des projets contribuent d\u2019abord \u00e0 l\u2019axe transversal sur les <a href=\"https:\/\/bienvenue.bretagne.bzh\/fr\/strategic-innovation-areas\/transitions\/\">Transitions<\/a><\/li>\n<\/ul>\n<p><strong>\u00a0<\/strong>Une liste compl\u00e8te des r\u00e9sultats scientifiques produits dans le cadre des projets de recherche est \u00e0 retrouver sur le <a href=\"https:\/\/cordis.europa.eu\/project\/id\/899546\/fr\">site CORDIS<\/a> de la Commission europ\u00e9enne.<\/p>\n<p>&nbsp;<\/p>\n<\/div>\n<\/section>\n\n\n<section class=\"block-accordeon\" style=\"background-color:white\">\n    <div class=\"page-faq\">\n        <div class=\"container\">\n                            <h2 class=\"sub-title font-JostBold pb-2 pb-lg-3\">Ressources<\/h2>\n                                    <div class=\"pr-md-4\">\n                                    <div class=\"faq-accordion collapsed mt-4 px-4\" data-toggle=\"collapse\"\n                         href=\"#collapse-item-4-1\">Documents cl\u00e9s<\/div>\n\n                    <div id=\"collapse-item-4-1\" class=\"text font-WorkSansLight collapse p-3\">\n                        <div><ul>\n<li>Le <a href=\"https:\/\/bienvenue.bretagne.bzh\/app\/uploads\/2023\/10\/BIENVENUE-Fellows-Handbook-2023_v5.pdf\">Fellow&rsquo;s Handbook<\/a> : le document regroupant les informations essentielles concernant la bourse Bienven\u00fce COFUND<\/li>\n<li>La <a href=\"https:\/\/op.europa.eu\/en\/publication-detail\/-\/publication\/cca3dd5c-2d1c-11ef-a61b-01aa75ed71a1\/language-en\">note d&rsquo;information de l&rsquo;Union europ\u00e9enne \u00e0 destination des chercheurs financ\u00e9s via COFUND<\/a><\/li>\n<li>Le <a href=\"https:\/\/bienvenue.bretagne.bzh\/app\/uploads\/2025\/01\/BIENVENUE-Fellowship-Final-Progress-Report.odt\">mod\u00e8le de rapport final<\/a><\/li>\n<li>Le <a href=\"https:\/\/bienvenue.bretagne.bzh\/app\/uploads\/2025\/05\/2025-03-rapport_miseenoeuvre_Bienvenue-2024.pdf\">rapport sur la mise en oeuvre du projet Bienven\u00fce COFUND 2020 &#8211; 2024<\/a><\/li>\n<\/ul>\n<p>&nbsp;<\/p>\n<p><em>mais aussi <\/em><a href=\"https:\/\/bienvenue.bretagne.bzh\/fr\/news\/retour-errie-2022\/\"><em>retrouvez ici les enregistrements du premier \u00e9v\u00e8nement ERRIE<\/em> <\/a><\/p>\n<\/div>\n                    <\/div>\n                                    <div class=\"faq-accordion collapsed mt-4 px-4\" data-toggle=\"collapse\"\n                         href=\"#collapse-item-4-2\">Contact<\/div>\n\n                    <div id=\"collapse-item-4-2\" class=\"text font-WorkSansLight collapse p-3\">\n                        <div><p>msca-bienvenue@bretagne.bzh<\/p>\n<\/div>\n                    <\/div>\n                \n            <\/div>\n        <\/div>\n    <\/div>\n<\/section>\n\n\n<section class=\"block-contenu pt-4\">\n    <div class=\"container text font-WorkSansLight\"><h2>D\u00e9couvrez les laur\u00e9ats Bienven\u00fce COFUND<\/h2>\n<p><a href=\"https:\/\/bienvenue.bretagne.bzh\/fr\/laureats\/\">Tous nos laur\u00e9ats<\/a><\/p>\n<\/div>\n<\/section>\n\n\r\n<section class=\"bloc-programs block-temoignages\">\r\n\r\n    <div class=\"container py-5\">\r\n        <div class=\"programs-info d-flex flex-wrap justify-content-center\">\r\n                            <a class=\"program-info px-3 py-4 mr-3 mt-4\"\r\n                   style=\"background-image: url(https:\/\/bienvenue.bretagne.bzh\/app\/uploads\/2023\/12\/photo.CSCampagne2023.VF_.jpg);\" href=\"https:\/\/bienvenue.bretagne.bzh\/fr\/temoignage\/sylvie-campagne-travaillant-sur-les-systemes-socio-ecologiques-au-travers-des-services-ecosystemiques-dans-une-approche-multidisciplinaire\/\">\r\n                    <div class=\"pb-3\">\r\n                        <span class=\"text font-WorkSansMedium text-uppercase p-2\" style=\"background-color:#55b3e8\">Sylvie Campagne, travaillant sur les syst\u00e8mes socio-\u00e9cologiques au travers des services \u00e9cosyst\u00e9miques dans une approche multidisciplinaire<\/span>\r\n                    <\/div>\r\n                    <div class=\"text font-WorkSansLight\" style=\"color:#212529\"> <\/div>\r\n                <\/a>\r\n                            <a class=\"program-info px-3 py-4 mr-3 mt-4\"\r\n                   style=\"background-image: url(https:\/\/bienvenue.bretagne.bzh\/app\/uploads\/2021\/10\/Nathan-Vannier.jpg);\" href=\"https:\/\/bienvenue.bretagne.bzh\/fr\/temoignage\/nathan-vannier-biologiste-travaille-a-des-solutions-contre-la-secheresse\/\">\r\n                    <div class=\"pb-3\">\r\n                        <span class=\"text font-WorkSansMedium text-uppercase p-2\" style=\"background-color:#52d88b\">Nathan Vannier, biologiste, travaille \u00e0 des solutions contre la s\u00e9cheresse<\/span>\r\n                    <\/div>\r\n                    <div class=\"text font-WorkSansLight\" style=\"color:#212529\"> <\/div>\r\n                <\/a>\r\n                            <a class=\"program-info px-3 py-4 mr-3 mt-4\"\r\n                   style=\"background-image: url(https:\/\/bienvenue.bretagne.bzh\/app\/uploads\/2023\/10\/Arce-Lopez-Beatriz-scaled.jpg);\" href=\"https:\/\/bienvenue.bretagne.bzh\/fr\/temoignage\/dr-beatriz-arce-lopez-chimiste-toxicologue-analytique-travaillant-sur-les-approches-toxicologiques-in-vitro-des-melanges-de-mycotoxines\/\">\r\n                    <div class=\"pb-3\">\r\n                        <span class=\"text font-WorkSansMedium text-uppercase p-2\" style=\"background-color:#e27283\">Dr Beatriz Arce Lopez, chimiste-toxicologue analytique travaillant sur les approches toxicologiques in vitro des m\u00e9langes de mycotoxines<\/span>\r\n                    <\/div>\r\n                    <div class=\"text font-WorkSansLight\" style=\"color:#212529\"> <\/div>\r\n                <\/a>\r\n                    <\/div>\r\n    <\/div>\r\n\r\n<\/section>\r\n","protected":false},"excerpt":{"rendered":"","protected":false},"author":6,"featured_media":0,"parent":3825,"menu_order":6,"comment_status":"closed","ping_status":"closed","template":"","meta":{"_acf_changed":false,"inline_featured_image":false,"footnotes":""},"class_list":["post-3991","page","type-page","status-publish","hentry"],"acf":[],"yoast_head":"<!-- This site is optimized with the Yoast SEO plugin v26.0 - https:\/\/yoast.com\/wordpress\/plugins\/seo\/ -->\n<title>BIENVEN\u00dcE Cofund &#183; BIENVEN\u00dcE<\/title>\n<meta name=\"robots\" content=\"index, follow, max-snippet:-1, max-image-preview:large, max-video-preview:-1\" \/>\n<link rel=\"canonical\" href=\"https:\/\/bienvenue.bretagne.bzh\/fr\/financer-son-projet\/bienvenue-cofund\/\" \/>\n<meta property=\"og:locale\" content=\"fr_FR\" \/>\n<meta property=\"og:type\" content=\"article\" \/>\n<meta property=\"og:title\" content=\"BIENVEN\u00dcE Cofund &#183; BIENVEN\u00dcE\" \/>\n<meta property=\"og:url\" content=\"https:\/\/bienvenue.bretagne.bzh\/fr\/financer-son-projet\/bienvenue-cofund\/\" \/>\n<meta property=\"og:site_name\" content=\"BIENVEN\u00dcE\" \/>\n<meta property=\"article:modified_time\" content=\"2025-06-10T08:38:22+00:00\" \/>\n<meta name=\"twitter:card\" content=\"summary_large_image\" \/>\n<script type=\"application\/ld+json\" class=\"yoast-schema-graph\">{\"@context\":\"https:\/\/schema.org\",\"@graph\":[{\"@type\":\"WebPage\",\"@id\":\"https:\/\/bienvenue.bretagne.bzh\/fr\/financer-son-projet\/bienvenue-cofund\/\",\"url\":\"https:\/\/bienvenue.bretagne.bzh\/fr\/financer-son-projet\/bienvenue-cofund\/\",\"name\":\"BIENVEN\u00dcE Cofund &#183; BIENVEN\u00dcE\",\"isPartOf\":{\"@id\":\"https:\/\/msca-bienvenue.bretagne.bzh\/#website\"},\"datePublished\":\"2025-01-28T14:33:06+00:00\",\"dateModified\":\"2025-06-10T08:38:22+00:00\",\"breadcrumb\":{\"@id\":\"https:\/\/bienvenue.bretagne.bzh\/fr\/financer-son-projet\/bienvenue-cofund\/#breadcrumb\"},\"inLanguage\":\"fr-FR\",\"potentialAction\":[{\"@type\":\"ReadAction\",\"target\":[\"https:\/\/bienvenue.bretagne.bzh\/fr\/financer-son-projet\/bienvenue-cofund\/\"]}]},{\"@type\":\"BreadcrumbList\",\"@id\":\"https:\/\/bienvenue.bretagne.bzh\/fr\/financer-son-projet\/bienvenue-cofund\/#breadcrumb\",\"itemListElement\":[{\"@type\":\"ListItem\",\"position\":1,\"name\":\"Home\",\"item\":\"https:\/\/bienvenue.bretagne.bzh\/fr\/\"},{\"@type\":\"ListItem\",\"position\":2,\"name\":\"Financer son projet\",\"item\":\"https:\/\/bienvenue.bretagne.bzh\/fr\/financer-son-projet\/\"},{\"@type\":\"ListItem\",\"position\":3,\"name\":\"BIENVEN\u00dcE Cofund\"}]},{\"@type\":\"WebSite\",\"@id\":\"https:\/\/msca-bienvenue.bretagne.bzh\/#website\",\"url\":\"https:\/\/msca-bienvenue.bretagne.bzh\/\",\"name\":\"BIENVEN\u00dcE\",\"description\":\"Welcoming talented international post-docs in Brittany.\",\"potentialAction\":[{\"@type\":\"SearchAction\",\"target\":{\"@type\":\"EntryPoint\",\"urlTemplate\":\"https:\/\/msca-bienvenue.bretagne.bzh\/?s={search_term_string}\"},\"query-input\":{\"@type\":\"PropertyValueSpecification\",\"valueRequired\":true,\"valueName\":\"search_term_string\"}}],\"inLanguage\":\"fr-FR\"}]}<\/script>\n<!-- \/ Yoast SEO plugin. -->","yoast_head_json":{"title":"BIENVEN\u00dcE Cofund &#183; BIENVEN\u00dcE","robots":{"index":"index","follow":"follow","max-snippet":"max-snippet:-1","max-image-preview":"max-image-preview:large","max-video-preview":"max-video-preview:-1"},"canonical":"https:\/\/bienvenue.bretagne.bzh\/fr\/financer-son-projet\/bienvenue-cofund\/","og_locale":"fr_FR","og_type":"article","og_title":"BIENVEN\u00dcE Cofund &#183; BIENVEN\u00dcE","og_url":"https:\/\/bienvenue.bretagne.bzh\/fr\/financer-son-projet\/bienvenue-cofund\/","og_site_name":"BIENVEN\u00dcE","article_modified_time":"2025-06-10T08:38:22+00:00","twitter_card":"summary_large_image","schema":{"@context":"https:\/\/schema.org","@graph":[{"@type":"WebPage","@id":"https:\/\/bienvenue.bretagne.bzh\/fr\/financer-son-projet\/bienvenue-cofund\/","url":"https:\/\/bienvenue.bretagne.bzh\/fr\/financer-son-projet\/bienvenue-cofund\/","name":"BIENVEN\u00dcE Cofund &#183; BIENVEN\u00dcE","isPartOf":{"@id":"https:\/\/msca-bienvenue.bretagne.bzh\/#website"},"datePublished":"2025-01-28T14:33:06+00:00","dateModified":"2025-06-10T08:38:22+00:00","breadcrumb":{"@id":"https:\/\/bienvenue.bretagne.bzh\/fr\/financer-son-projet\/bienvenue-cofund\/#breadcrumb"},"inLanguage":"fr-FR","potentialAction":[{"@type":"ReadAction","target":["https:\/\/bienvenue.bretagne.bzh\/fr\/financer-son-projet\/bienvenue-cofund\/"]}]},{"@type":"BreadcrumbList","@id":"https:\/\/bienvenue.bretagne.bzh\/fr\/financer-son-projet\/bienvenue-cofund\/#breadcrumb","itemListElement":[{"@type":"ListItem","position":1,"name":"Home","item":"https:\/\/bienvenue.bretagne.bzh\/fr\/"},{"@type":"ListItem","position":2,"name":"Financer son projet","item":"https:\/\/bienvenue.bretagne.bzh\/fr\/financer-son-projet\/"},{"@type":"ListItem","position":3,"name":"BIENVEN\u00dcE Cofund"}]},{"@type":"WebSite","@id":"https:\/\/msca-bienvenue.bretagne.bzh\/#website","url":"https:\/\/msca-bienvenue.bretagne.bzh\/","name":"BIENVEN\u00dcE","description":"Welcoming talented international post-docs in Brittany.","potentialAction":[{"@type":"SearchAction","target":{"@type":"EntryPoint","urlTemplate":"https:\/\/msca-bienvenue.bretagne.bzh\/?s={search_term_string}"},"query-input":{"@type":"PropertyValueSpecification","valueRequired":true,"valueName":"search_term_string"}}],"inLanguage":"fr-FR"}]}},"_links":{"self":[{"href":"https:\/\/bienvenue.bretagne.bzh\/fr\/wp-json\/wp\/v2\/pages\/3991","targetHints":{"allow":["GET"]}}],"collection":[{"href":"https:\/\/bienvenue.bretagne.bzh\/fr\/wp-json\/wp\/v2\/pages"}],"about":[{"href":"https:\/\/bienvenue.bretagne.bzh\/fr\/wp-json\/wp\/v2\/types\/page"}],"author":[{"embeddable":true,"href":"https:\/\/bienvenue.bretagne.bzh\/fr\/wp-json\/wp\/v2\/users\/6"}],"replies":[{"embeddable":true,"href":"https:\/\/bienvenue.bretagne.bzh\/fr\/wp-json\/wp\/v2\/comments?post=3991"}],"version-history":[{"count":18,"href":"https:\/\/bienvenue.bretagne.bzh\/fr\/wp-json\/wp\/v2\/pages\/3991\/revisions"}],"predecessor-version":[{"id":4531,"href":"https:\/\/bienvenue.bretagne.bzh\/fr\/wp-json\/wp\/v2\/pages\/3991\/revisions\/4531"}],"up":[{"embeddable":true,"href":"https:\/\/bienvenue.bretagne.bzh\/fr\/wp-json\/wp\/v2\/pages\/3825"}],"wp:attachment":[{"href":"https:\/\/bienvenue.bretagne.bzh\/fr\/wp-json\/wp\/v2\/media?parent=3991"}],"curies":[{"name":"wp","href":"https:\/\/api.w.org\/{rel}","templated":true}]}}