{"id":3945,"date":"2025-01-23T14:53:33","date_gmt":"2025-01-23T13:53:33","guid":{"rendered":"https:\/\/bienvenue.bretagne.bzh\/?page_id=3945"},"modified":"2026-01-23T17:31:19","modified_gmt":"2026-01-23T16:31:19","slug":"la-recherche-en-bretagne","status":"publish","type":"page","link":"https:\/\/bienvenue.bretagne.bzh\/fr\/sinstaller-en-bretagne\/la-recherche-en-bretagne\/","title":{"rendered":"La recherche en Bretagne"},"content":{"rendered":"<section class=\"bloc-header page-header\">\n    <div class=\"bg-header bg-header-1 d-flex flex-column justify-content-end\"\n        style=\"background-image: url('https:\/\/bienvenue.bretagne.bzh\/app\/uploads\/2021\/01\/Food_Economy_For_Everyone-Preview-Agrocampus_Ouest.jpeg'); background-position: center\">\n        <div class=\"container px-4 px-lg-5\">\n            <div class=\"info-header\">\n                                <h1 class=\"title color-white font-JostSemiBold pb-3\"><span class=\"htitle  \" style=\"background-color: transparent;color:#ffffff\">La recherche en Bretagne<\/span><\/h1>\n                <div class=\"text color-white font-WorkSansLight\">\n                                    <\/div>\n            <\/div>\n        <\/div>\n        <div class=\"bg-filter\"><\/div>\n\n        <div>\n            <img decoding=\"async\" class=\"logo-arrow\" src=\"\/app\/themes\/msca-bienvenue\/src\/img\/picto\/arrow@3x.png\" alt=\"logo-arrow\">\n        <\/div>\n\n<\/section>\n\n\n<section class=\"block-pictos block-contenu\">\n    <div class=\"container\">\n        <div class=\"row py-3\">\n                            <div class=\"col-12 col-lg-6 d-flex flex-row align-items-center pb-3 pb-lg-0\">\n                    <div class=\"icon mr-3\">\n                        <img decoding=\"async\" src=\"https:\/\/bienvenue.bretagne.bzh\/app\/uploads\/2025\/02\/groupe.png\" alt=\"picto-ecole\">\n                    <\/div>\n\n                    <div class=\"text font-WorkSansLight\">+ 11 900 chercheurs en entreprise et dans les laboratoires bretons<\/div>\n                <\/div>\n                            <div class=\"col-12 col-lg-6 d-flex flex-row align-items-center pb-3 pb-lg-0\">\n                    <div class=\"icon mr-3\">\n                        <img decoding=\"async\" src=\"https:\/\/bienvenue.bretagne.bzh\/app\/uploads\/2020\/12\/ampoule.png\" alt=\"picto-ecole\">\n                    <\/div>\n\n                    <div class=\"text font-WorkSansLight\">1,8% du PIB r\u00e9gional investis dans la recherche et les technologies<\/div>\n                <\/div>\n                    <\/div>\n    <\/div>\n<\/section>\n\n\n<section class=\"block-contenu pt-4\">\n    <div class=\"container text font-WorkSansLight\"><p>La Bretagne est aujourd\u2019hui dans <strong>le top 5 des r\u00e9gions fran\u00e7aises dans les d\u00e9penses de R&amp;D en 2020<\/strong>, avec l\u2019investissement de 1,8% du PIB r\u00e9gional.<\/p>\n<p>L\u2019\u00e9cosyst\u00e8me r\u00e9gional est reconnu par la Commission europ\u00e9enne comme \u00ab\u00a0forte\u00a0\u00bb dans le <em>regional innovation scoreboard 2023, <\/em>le tableau de board comparatif des \u00e9cosyst\u00e8mes r\u00e9gionaux d\u2019innovation. La r\u00e9gion se distingue par les d\u00e9penses d\u2019innovation par habitant sup\u00e9rieur \u00e0 la moyenne europ\u00e9enne, la forte collaboration entre PME innovantes, et une population au fort taux d\u2019\u00e9ducation sup\u00e9rieure.<\/p>\n<p>Le financement par les collectivit\u00e9s territoriales, dont la R\u00e9gion Bretagne, est particuli\u00e8rement remarquable et se positionne au <strong>1<sup>er<\/sup> rang national avec 18,2\u20ac d\u00e9pens\u00e9s par habitant par an<\/strong> en recherche et technologies.<\/p>\n<p>C\u00f4t\u00e9 entreprises, diff\u00e9rents secteurs d\u2019activit\u00e9s s\u2019impliquent fortement en R&amp;D, en particulier dans le tissu des PME :<\/p>\n<ul>\n<li>industrie \u00e9lectrique et \u00e9lectronique\u00a0;<\/li>\n<li>architecture et ing\u00e9nierie\u00a0;<\/li>\n<li>industries agricoles et alimentaires ;<\/li>\n<li>informatique,<\/li>\n<li>pharmacie,<\/li>\n<li>parfumerie et entretien\u00a0;<\/li>\n<li>agriculture, sylviculture et p\u00eache.<\/li>\n<\/ul>\n<p>&nbsp;<\/p>\n<p>&nbsp;<\/p>\n<p>Vous pouvez retrouver ci-dessous une carte interactive sur laquelle vous pourrez rechercher des informations sur les organisations d&rsquo;accueil<\/p>\n<p><strong>La liste n&rsquo;est pas exhaustive, une partie des donn\u00e9es est toujours en train d&rsquo;\u00eatre mise \u00e0 jour par les \u00e9tablissements.\u00a0<\/strong><\/p>\n<p>N&rsquo;h\u00e9sitez pas \u00e0 consulter les autres documents disponibles sur cette page.<\/p>\n<p>&nbsp;<\/p>\n<\/div>\n<\/section>\n\n\n<iframe loading=\"lazy\" src=\"https:\/\/widget.craft.bdi.fr\/fr\/annuaire\/4b230a05-61ae-42b8-a462-70940f0b9dda\" referrerpolicy=\"no-referrer-when-downgrade\" frameborder=\"0\" width=\"100%\" height=\"600\" allowfullscreen title=\"Widget Bienven\u00fce + Bretagne\"><\/iframe>\n\n\n\n<section class=\"block-contenu pt-4\">\n    <div class=\"container text font-WorkSansLight\"><h2><strong>Les forces de recherche bretonnes<\/strong><\/h2>\n<p>La Bretagne compte <strong>4 universit\u00e9s, 8 IUT, 31 grandes \u00e9coles et les grands organismes de recherche et d\u2019innovation nationaux<\/strong> (CNRS, Inrae, Inria, Inserm, Ifremer\u2026) Les forces de recherche sont localis\u00e9es dans deux p\u00f4les m\u00e9tropolitains (Rennes et Brest) ainsi que dans le dense r\u00e9seau de villes bretonnes. La pr\u00e9sentation ci-dessous vise \u00e0 pr\u00e9senter les grandes th\u00e9matiques d\u2019excellence d\u00e9velopp\u00e9es sur le territoire.<\/p>\n<p>&nbsp;<\/p>\n<h3>Rennes : num\u00e9rique, sciences de la terre, \u00e9cologie<\/h3>\n<p>Premier p\u00f4le de recherche par sa taille, <strong>Rennes se distingue par l\u2019excellence des \u00e9quipes en sciences du num\u00e9rique et en sciences de la terre, \u00e9cologie, et agro\u00e9cologie<\/strong>. Elle accueille 2 universit\u00e9s (<a href=\"https:\/\/www.univ-rennes.fr\/\">Universit\u00e9 de Rennes<\/a>, <a href=\"https:\/\/www.univ-rennes2.fr\/\">Universit\u00e9 Rennes 2<\/a>), 9 grandes \u00e9coles (<a href=\"https:\/\/www.institut-agro-rennes-angers.fr\/\">Institut Agro Rennes-Angers<\/a>, <a href=\"https:\/\/www.ehesp.fr\/\">EHESP<\/a>, <a href=\"https:\/\/ensai.fr\/\">Ensai<\/a>, <a href=\"https:\/\/www.ensc-rennes.fr\/\">ENSCR<\/a>, <a href=\"https:\/\/www.ens-rennes.fr\/\">ENS<\/a>, <a href=\"https:\/\/www.sciencespo-rennes.fr\/\">Sciences Po Rennes<\/a>, <a href=\"https:\/\/www.insa-rennes.fr\/\">Insa Rennes<\/a>, <a href=\"http:\/\/www.rennes.centralesupelec.fr\/\">Centrale-Sup\u00e9lec<\/a>, <a href=\"https:\/\/www.imt-atlantique.fr\/fr\">IMT Atlantique<\/a>), 4 organismes de recherche nationaux (<a href=\"https:\/\/www.bretagne-pays-de-la-loire.cnrs.fr\/fr\">CNRS<\/a>, <a href=\"https:\/\/www.inrae.fr\/centres\/bretagne-normandie\">Inrae<\/a>, <a href=\"https:\/\/www.inria.fr\/fr\/centre-inria-universite-rennes\">Inria<\/a>, <a href=\"https:\/\/www.inserm.fr\/delegation\/grand-ouest\/\">Inserm<\/a>), le <a href=\"https:\/\/www.chu-rennes.fr\/recherche-innovation-356.html\">CHU de Rennes<\/a> et le <a href=\"https:\/\/www.centre-eugene-marquis.fr\/#\">Centre Eug\u00e8ne Marquis<\/a>.<\/p>\n<p>Pr\u00e9sente historiquement dans le domaine <strong>des sciences et des technologies num\u00e9riques<\/strong>, Rennes couvre aussi bien les aspects logiciels et mat\u00e9riels. Les universit\u00e9s accueillent chacune une \u00e9cole universitaire de recherche (EUR), l\u2019une sp\u00e9cialis\u00e9e en cybers\u00e9curit\u00e9 (<a href=\"https:\/\/cyberschool.univ-rennes.fr\/\">CyberSchool<\/a>) et au croisement sport et num\u00e9rique (<a href=\"https:\/\/digisport.univ-rennes.fr\/\">Digisport<\/a>).<\/p>\n<p>Des \u00e9quipes multidisciplinaires travaillent en commun autour des <strong>productions agricoles animales et v\u00e9g\u00e9tales, de la g\u00e9nomique et des biotechnologies <\/strong>(Universit\u00e9 de Rennes, Institut Agro, \u2026). Enfin l\u2019universit\u00e9 de Rennes est reconnue dans les disciplines des <strong>g\u00e9osciences, l\u2019\u00e9cologie, les sciences hydrologiques, les technologies de l\u2019agroalimentaire<\/strong> (151-200, <a href=\"https:\/\/www.shanghairanking.com\/institution\/university-of-rennes-1\">classement de Shanghai 2024<\/a>)<\/p>\n<p>&nbsp;<\/p>\n<h3>Lannion : num\u00e9rique et photonique<\/h3>\n<p><strong>Lannion est un p\u00f4le sp\u00e9cialis\u00e9 en num\u00e9rique et photonique<\/strong>, \u00e0 visibilit\u00e9 europ\u00e9enne. Si\u00e8ge historique du p\u00f4le de comp\u00e9titivit\u00e9 \u00ab <a href=\"https:\/\/www.images-et-reseaux.com\/\">Images et R\u00e9seaux<\/a> \u00bb et si\u00e8ge du p\u00f4le <a href=\"https:\/\/www.photonics-bretagne.com\/\">Photonics Bretagne<\/a>, Lannion abrite <a href=\"https:\/\/www.enssat.fr\/\">l\u2019Enssat<\/a> (\u00e9cole d\u2019ing\u00e9nieurs de l\u2019Universit\u00e9 de Rennes d\u00e9di\u00e9e aux t\u00e9l\u00e9coms et aux technologies \u00e9mergentes), un <a href=\"https:\/\/iut-lannion.univ-rennes.fr\/\">IUT avec des formations informatiques, r\u00e9seaux et t\u00e9l\u00e9coms<\/a>. Des \u00e9quipes du CNRS et de l\u2019Inria sont aussi pr\u00e9sentes.<\/p>\n<p>&nbsp;<\/p>\n<h3>Brest : sciences et technologies de la mer<\/h3>\n<p><strong>Brest est reconnu comme p\u00f4le mondial en sciences et technologies de la mer<\/strong>. Historiquement base de d\u00e9fense nationale, Brest continue d\u2019\u00eatre \u00e0 la pointe dans le domaine naval et la d\u00e9fense avec la pr\u00e9sence de nombreux \u00e9tablissements sp\u00e9cialis\u00e9s (<a href=\"https:\/\/www.ensta-bretagne.fr\/fr\">Ensta<\/a>, <a href=\"https:\/\/www.enib.fr\/\">enib<\/a>, <a href=\"https:\/\/www.imt-atlantique.fr\/fr\">IMT Atlantique<\/a>, <a href=\"https:\/\/www.ecole-navale.fr\/\">Ecole Navale<\/a>).<\/p>\n<p>Brest accueille de nombreuses structures f\u00e9d\u00e9ratives et nationales en <strong>oc\u00e9anographie et en environnement marin<\/strong>. On peut nommer l\u2019<a href=\"https:\/\/www.ifremer.fr\/fr\">Ifremer<\/a>, qui op\u00e8re la flotte oc\u00e9anographie fran\u00e7aise, mais aussi l\u2019<a href=\"https:\/\/institut-polaire.fr\/fr\/\">Institut polaire fran\u00e7ais Paul-Emile Victor<\/a>. L\u2019<a href=\"https:\/\/www.univ-brest.fr\/fr\">Universit\u00e9 de Bretagne Occidentale<\/a> est class\u00e9e dans le classement de Shanghai 2024 au 12<sup>e<\/sup> rang en oc\u00e9anographie et 151<sup>e<\/sup> en sciences de la terre (<a href=\"https:\/\/www.shanghairanking.com\/institution\/university-of-western-brittany\">source<\/a>). Citons aussi la <a href=\"https:\/\/www.sb-roscoff.fr\/\">Station Biologique de Roscoff<\/a>, au nord du Finist\u00e8re, rattach\u00e9e \u00e0 Sorbonne Universit\u00e9 et class\u00e9e 8<sup>e<\/sup> en oc\u00e9anographie (<a href=\"https:\/\/www.shanghairanking.com\/institution\/sorbonne-university\">source<\/a>).<\/p>\n<p>&nbsp;<\/p>\n<h3>Morbihan : num\u00e9rique et cybers\u00e9curit\u00e9, agroalimentaire<\/h3>\n<p>Les \u00e9quipes de recherche\u00a0 de l&rsquo;<a href=\"https:\/\/www.univ-ubs.fr\/fr\/index.html\">Universit\u00e9 de Bretagne Sud<\/a> se distinguent par leur excellence en num\u00e9rique et cybers\u00e9curit\u00e9, dans l\u2019industrie navale et l\u2019agroalimentaire. En forte collaboration avec les acteurs industriels et technologiques, elles travaillent en pointe dans divers domaines tels que l\u2019exploitation et la s\u00e9curit\u00e9 des syst\u00e8mes d\u2019information (avec l<a href=\"https:\/\/www-ensibs.univ-ubs.fr\/fr\/index.html\">\u2019Ecole Nationale sup\u00e9rieure d\u2019ing\u00e9nieurs de Bretagne-Sud<\/a> et l\u2019<a href=\"https:\/\/www.iutvannes.fr\/\">IUT de Vannes<\/a>), l\u2019hydrog\u00e8ne, les mat\u00e9riaux composites, la voile de comp\u00e9tition, et enfin l\u2019agroalimentaire innovant.<\/p>\n<\/div>\n<\/section>\n\n\n<section class=\"block-accordeon\" style=\"background-color:white\">\n    <div class=\"page-faq\">\n        <div class=\"container\">\n                                    <div class=\"pr-md-4\">\n                                    <div class=\"faq-accordion collapsed mt-4 px-4\" data-toggle=\"collapse\"\n                         href=\"#collapse-item-5-1\">Ressources<\/div>\n\n                    <div id=\"collapse-item-5-1\" class=\"text font-WorkSansLight collapse p-3\">\n                        <div><p>Le <a href=\"https:\/\/ec.europa.eu\/assets\/rtd\/ris\/2023\/ec_rtd_ris-regional-profiles-france.pdf\">regional innovation scoreboard 2023<\/a> \u00e9dit\u00e9 par la Commission europ\u00e9enne (anglais uniquement)<\/p>\n<p>Le <a href=\"https:\/\/www.enseignementsup-recherche.gouv.fr\/fr\/strater-stratom-edition-2024-98172\">Diagnostic territorial de l\u2019enseignement sup\u00e9rieur, de la recherche et de l\u2019innovation<\/a> (STRATER), \u00e9dit\u00e9 par le Minist\u00e8re de l&rsquo;Enseignement Sup\u00e9rieur et de la Recherche (fran\u00e7ais uniquement)<\/p>\n<p><a href=\"https:\/\/data.enseignementsup-recherche.gouv.fr\/map\/lecosysteme_recherche_innovation_en_bretagne\/\">Cartographie des principaux \u00e9tablissements de l&rsquo;enseignement sup\u00e9rieur, recherche et innovation en Bretagne<\/a> (d&rsquo;apr\u00e8s les donn\u00e9es en Open Data du Minist\u00e8re de l&rsquo;Enseignement Sup\u00e9rieur et de la Recherche) (fran\u00e7ais uniquement)<\/p>\n<p><a href=\"https:\/\/bienvenue.bretagne.bzh\/app\/uploads\/2025\/01\/2025-01-structures-recherche-bretagne.ods\">Liste des structures publiques de recherche bretonnes<\/a> (d&rsquo;apr\u00e8s les donn\u00e9es en Open Data du Minist\u00e8re de l&rsquo;Enseignement Sup\u00e9rieur et de la Recherche) (fran\u00e7ais et anglais)<\/p>\n<\/div>\n                    <\/div>\n                \n            <\/div>\n        <\/div>\n    <\/div>\n<\/section>","protected":false},"excerpt":{"rendered":"","protected":false},"author":6,"featured_media":0,"parent":3919,"menu_order":8,"comment_status":"closed","ping_status":"closed","template":"","meta":{"_acf_changed":false,"inline_featured_image":false,"footnotes":""},"class_list":["post-3945","page","type-page","status-publish","hentry"],"acf":[],"yoast_head":"<!-- This site is optimized with the Yoast SEO plugin v26.0 - https:\/\/yoast.com\/wordpress\/plugins\/seo\/ -->\n<title>La recherche en Bretagne &#183; BIENVEN\u00dcE<\/title>\n<meta name=\"description\" content=\"La Bretagne est aujourd\u2019hui dans le top 5 des r\u00e9gions fran\u00e7aises dans les d\u00e9penses de R&amp;D en 2020, avec l\u2019investissement de 1,8% du PIB r\u00e9gional\" \/>\n<meta name=\"robots\" content=\"index, follow, max-snippet:-1, max-image-preview:large, max-video-preview:-1\" \/>\n<link rel=\"canonical\" href=\"https:\/\/bienvenue.bretagne.bzh\/fr\/sinstaller-en-bretagne\/la-recherche-en-bretagne\/\" \/>\n<meta property=\"og:locale\" content=\"fr_FR\" \/>\n<meta property=\"og:type\" content=\"article\" \/>\n<meta property=\"og:title\" content=\"La recherche en Bretagne &#183; BIENVEN\u00dcE\" \/>\n<meta property=\"og:description\" content=\"La Bretagne est aujourd\u2019hui dans le top 5 des r\u00e9gions fran\u00e7aises dans les d\u00e9penses de R&amp;D en 2020, avec l\u2019investissement de 1,8% du PIB r\u00e9gional\" \/>\n<meta property=\"og:url\" content=\"https:\/\/bienvenue.bretagne.bzh\/fr\/sinstaller-en-bretagne\/la-recherche-en-bretagne\/\" \/>\n<meta property=\"og:site_name\" content=\"BIENVEN\u00dcE\" \/>\n<meta property=\"article:modified_time\" content=\"2026-01-23T16:31:19+00:00\" \/>\n<meta name=\"twitter:card\" content=\"summary_large_image\" \/>\n<script type=\"application\/ld+json\" class=\"yoast-schema-graph\">{\"@context\":\"https:\/\/schema.org\",\"@graph\":[{\"@type\":\"WebPage\",\"@id\":\"https:\/\/bienvenue.bretagne.bzh\/fr\/sinstaller-en-bretagne\/la-recherche-en-bretagne\/\",\"url\":\"https:\/\/bienvenue.bretagne.bzh\/fr\/sinstaller-en-bretagne\/la-recherche-en-bretagne\/\",\"name\":\"La recherche en Bretagne &#183; BIENVEN\u00dcE\",\"isPartOf\":{\"@id\":\"https:\/\/msca-bienvenue.bretagne.bzh\/#website\"},\"datePublished\":\"2025-01-23T13:53:33+00:00\",\"dateModified\":\"2026-01-23T16:31:19+00:00\",\"description\":\"La Bretagne est aujourd\u2019hui dans le top 5 des r\u00e9gions fran\u00e7aises dans les d\u00e9penses de R&D en 2020, avec l\u2019investissement de 1,8% du PIB r\u00e9gional\",\"breadcrumb\":{\"@id\":\"https:\/\/bienvenue.bretagne.bzh\/fr\/sinstaller-en-bretagne\/la-recherche-en-bretagne\/#breadcrumb\"},\"inLanguage\":\"fr-FR\",\"potentialAction\":[{\"@type\":\"ReadAction\",\"target\":[\"https:\/\/bienvenue.bretagne.bzh\/fr\/sinstaller-en-bretagne\/la-recherche-en-bretagne\/\"]}]},{\"@type\":\"BreadcrumbList\",\"@id\":\"https:\/\/bienvenue.bretagne.bzh\/fr\/sinstaller-en-bretagne\/la-recherche-en-bretagne\/#breadcrumb\",\"itemListElement\":[{\"@type\":\"ListItem\",\"position\":1,\"name\":\"Home\",\"item\":\"https:\/\/bienvenue.bretagne.bzh\/fr\/\"},{\"@type\":\"ListItem\",\"position\":2,\"name\":\"S&#8217;installer en Bretagne\",\"item\":\"https:\/\/msca-bienvenue.bretagne.bzh\/fr\/sinstaller-en-bretagne\/\"},{\"@type\":\"ListItem\",\"position\":3,\"name\":\"La recherche en Bretagne\"}]},{\"@type\":\"WebSite\",\"@id\":\"https:\/\/msca-bienvenue.bretagne.bzh\/#website\",\"url\":\"https:\/\/msca-bienvenue.bretagne.bzh\/\",\"name\":\"BIENVEN\u00dcE\",\"description\":\"Welcoming talented international post-docs in Brittany.\",\"potentialAction\":[{\"@type\":\"SearchAction\",\"target\":{\"@type\":\"EntryPoint\",\"urlTemplate\":\"https:\/\/msca-bienvenue.bretagne.bzh\/?s={search_term_string}\"},\"query-input\":{\"@type\":\"PropertyValueSpecification\",\"valueRequired\":true,\"valueName\":\"search_term_string\"}}],\"inLanguage\":\"fr-FR\"}]}<\/script>\n<!-- \/ Yoast SEO plugin. -->","yoast_head_json":{"title":"La recherche en Bretagne &#183; BIENVEN\u00dcE","description":"La Bretagne est aujourd\u2019hui dans le top 5 des r\u00e9gions fran\u00e7aises dans les d\u00e9penses de R&D en 2020, avec l\u2019investissement de 1,8% du PIB r\u00e9gional","robots":{"index":"index","follow":"follow","max-snippet":"max-snippet:-1","max-image-preview":"max-image-preview:large","max-video-preview":"max-video-preview:-1"},"canonical":"https:\/\/bienvenue.bretagne.bzh\/fr\/sinstaller-en-bretagne\/la-recherche-en-bretagne\/","og_locale":"fr_FR","og_type":"article","og_title":"La recherche en Bretagne &#183; BIENVEN\u00dcE","og_description":"La Bretagne est aujourd\u2019hui dans le top 5 des r\u00e9gions fran\u00e7aises dans les d\u00e9penses de R&D en 2020, avec l\u2019investissement de 1,8% du PIB r\u00e9gional","og_url":"https:\/\/bienvenue.bretagne.bzh\/fr\/sinstaller-en-bretagne\/la-recherche-en-bretagne\/","og_site_name":"BIENVEN\u00dcE","article_modified_time":"2026-01-23T16:31:19+00:00","twitter_card":"summary_large_image","schema":{"@context":"https:\/\/schema.org","@graph":[{"@type":"WebPage","@id":"https:\/\/bienvenue.bretagne.bzh\/fr\/sinstaller-en-bretagne\/la-recherche-en-bretagne\/","url":"https:\/\/bienvenue.bretagne.bzh\/fr\/sinstaller-en-bretagne\/la-recherche-en-bretagne\/","name":"La recherche en Bretagne &#183; BIENVEN\u00dcE","isPartOf":{"@id":"https:\/\/msca-bienvenue.bretagne.bzh\/#website"},"datePublished":"2025-01-23T13:53:33+00:00","dateModified":"2026-01-23T16:31:19+00:00","description":"La Bretagne est aujourd\u2019hui dans le top 5 des r\u00e9gions fran\u00e7aises dans les d\u00e9penses de R&D en 2020, avec l\u2019investissement de 1,8% du PIB r\u00e9gional","breadcrumb":{"@id":"https:\/\/bienvenue.bretagne.bzh\/fr\/sinstaller-en-bretagne\/la-recherche-en-bretagne\/#breadcrumb"},"inLanguage":"fr-FR","potentialAction":[{"@type":"ReadAction","target":["https:\/\/bienvenue.bretagne.bzh\/fr\/sinstaller-en-bretagne\/la-recherche-en-bretagne\/"]}]},{"@type":"BreadcrumbList","@id":"https:\/\/bienvenue.bretagne.bzh\/fr\/sinstaller-en-bretagne\/la-recherche-en-bretagne\/#breadcrumb","itemListElement":[{"@type":"ListItem","position":1,"name":"Home","item":"https:\/\/bienvenue.bretagne.bzh\/fr\/"},{"@type":"ListItem","position":2,"name":"S&#8217;installer en Bretagne","item":"https:\/\/msca-bienvenue.bretagne.bzh\/fr\/sinstaller-en-bretagne\/"},{"@type":"ListItem","position":3,"name":"La recherche en Bretagne"}]},{"@type":"WebSite","@id":"https:\/\/msca-bienvenue.bretagne.bzh\/#website","url":"https:\/\/msca-bienvenue.bretagne.bzh\/","name":"BIENVEN\u00dcE","description":"Welcoming talented international post-docs in Brittany.","potentialAction":[{"@type":"SearchAction","target":{"@type":"EntryPoint","urlTemplate":"https:\/\/msca-bienvenue.bretagne.bzh\/?s={search_term_string}"},"query-input":{"@type":"PropertyValueSpecification","valueRequired":true,"valueName":"search_term_string"}}],"inLanguage":"fr-FR"}]}},"_links":{"self":[{"href":"https:\/\/bienvenue.bretagne.bzh\/fr\/wp-json\/wp\/v2\/pages\/3945","targetHints":{"allow":["GET"]}}],"collection":[{"href":"https:\/\/bienvenue.bretagne.bzh\/fr\/wp-json\/wp\/v2\/pages"}],"about":[{"href":"https:\/\/bienvenue.bretagne.bzh\/fr\/wp-json\/wp\/v2\/types\/page"}],"author":[{"embeddable":true,"href":"https:\/\/bienvenue.bretagne.bzh\/fr\/wp-json\/wp\/v2\/users\/6"}],"replies":[{"embeddable":true,"href":"https:\/\/bienvenue.bretagne.bzh\/fr\/wp-json\/wp\/v2\/comments?post=3945"}],"version-history":[{"count":15,"href":"https:\/\/bienvenue.bretagne.bzh\/fr\/wp-json\/wp\/v2\/pages\/3945\/revisions"}],"predecessor-version":[{"id":4708,"href":"https:\/\/bienvenue.bretagne.bzh\/fr\/wp-json\/wp\/v2\/pages\/3945\/revisions\/4708"}],"up":[{"embeddable":true,"href":"https:\/\/bienvenue.bretagne.bzh\/fr\/wp-json\/wp\/v2\/pages\/3919"}],"wp:attachment":[{"href":"https:\/\/bienvenue.bretagne.bzh\/fr\/wp-json\/wp\/v2\/media?parent=3945"}],"curies":[{"name":"wp","href":"https:\/\/api.w.org\/{rel}","templated":true}]}}