{"id":3825,"date":"2025-01-28T15:31:51","date_gmt":"2025-01-28T14:31:51","guid":{"rendered":"https:\/\/bienvenue.bretagne.bzh\/?page_id=3825"},"modified":"2025-11-19T10:21:38","modified_gmt":"2025-11-19T09:21:38","slug":"financer-son-projet","status":"publish","type":"page","link":"https:\/\/bienvenue.bretagne.bzh\/fr\/financer-son-projet\/","title":{"rendered":"Financer son projet"},"content":{"rendered":"<section class=\"bloc-header page-header\">\n    <div class=\"bg-header bg-header-1 d-flex flex-column justify-content-end\"\n        style=\"background-image: url('https:\/\/bienvenue.bretagne.bzh\/app\/uploads\/2025\/01\/sebastien-le-derout-mnbY6W5TY98-unsplash-scaled.jpg'); background-position: center\">\n        <div class=\"container px-4 px-lg-5\">\n            <div class=\"info-header\">\n                                <h1 class=\"title color-white font-JostSemiBold pb-3\"><span class=\"htitle  \" style=\"background-color: transparent;color:#ffffff\">Les financements BIENVEN\u00dcE <\/span><\/h1>\n                <div class=\"text color-white font-WorkSansLight\">\n                    <strong>Le programme BIENVEN\u00dcE soutient le recrutement en Bretagne de post-doctorants internationaux de haut niveau pour des projets de recherche de 12 \u00e0 24 mois.<\/strong>\n                <\/div>\n            <\/div>\n        <\/div>\n        <div class=\"bg-filter\"><\/div>\n\n        <div>\n            <img decoding=\"async\" class=\"logo-arrow\" src=\"\/app\/themes\/msca-bienvenue\/src\/img\/picto\/arrow@3x.png\" alt=\"logo-arrow\">\n        <\/div>\n\n<\/section>\n\n\n<section class=\"block-pictos block-contenu\">\n    <div class=\"container\">\n        <div class=\"row py-3\">\n                            <div class=\"col-12 col-lg-6 d-flex flex-row align-items-center pb-3 pb-lg-0\">\n                    <div class=\"icon mr-3\">\n                        <img decoding=\"async\" src=\"https:\/\/bienvenue.bretagne.bzh\/app\/uploads\/2025\/02\/dossiers.png\" alt=\"picto-ecole\">\n                    <\/div>\n\n                    <div class=\"text font-WorkSansLight\">au moins 40 projets financ\u00e9s chaque ann\u00e9e<\/div>\n                <\/div>\n                            <div class=\"col-12 col-lg-6 d-flex flex-row align-items-center pb-3 pb-lg-0\">\n                    <div class=\"icon mr-3\">\n                        <img decoding=\"async\" src=\"https:\/\/bienvenue.bretagne.bzh\/app\/uploads\/2025\/02\/commentaire.png\" alt=\"picto-ecole\">\n                    <\/div>\n\n                    <div class=\"text font-WorkSansLight\">des appels \u00e0 projets ouverts \u00e0 toutes les disciplines<\/div>\n                <\/div>\n                    <\/div>\n    <\/div>\n<\/section>\n\n\n<section class=\"block-contenu pt-4\">\n    <div class=\"container text font-WorkSansLight\"><h2>Objectifs du programme BIENVEN\u00dcE<\/h2>\n<p>Le programme vise \u00e0 :<\/p>\n<ul>\n<li>Attirer des chercheurs internationaux de haut niveau dans les laboratoires bretons et les accueillir dans les meilleures conditions, pour une installation en Bretagne sur le long terme<\/li>\n<li>Renforcer l&rsquo;excellence de la recherche bretonne et son attractivit\u00e9 europ\u00e9enne et internationale dans ses domaines forts de recherche et d&rsquo;innovation<\/li>\n<\/ul>\n<p>Le programme Bienven\u00fce est un formidable outil pour renforcer l&rsquo;excellence et l&rsquo;attractivit\u00e9 de la recherche bretonne, qui s&rsquo;inscrit dans la Strat\u00e9gie r\u00e9gionale de recherche et d&rsquo;innovation.<\/p>\n<h2>Sp\u00e9cificit\u00e9s du programme<\/h2>\n<p><span data-contrast=\"none\">\u202fLe programme <\/span><span data-contrast=\"auto\">se d\u00e9cline en trois volets qui diff\u00e8rent selon :\u202f\u202f<\/span><span data-ccp-props=\"{}\">\u00a0<\/span><\/p>\n<ul>\n<li data-leveltext=\"\uf0b7\" data-font=\"Symbol\" data-listid=\"4\" data-list-defn-props=\"{&quot;335552541&quot;:1,&quot;335559685&quot;:720,&quot;335559991&quot;:360,&quot;469769226&quot;:&quot;Symbol&quot;,&quot;469769242&quot;:[8226],&quot;469777803&quot;:&quot;left&quot;,&quot;469777804&quot;:&quot;\uf0b7&quot;,&quot;469777815&quot;:&quot;multilevel&quot;}\" aria-setsize=\"-1\" data-aria-posinset=\"1\" data-aria-level=\"1\"><span data-contrast=\"auto\">La hauteur du soutien financier, entre 75% et 90% des frais de salaire du chercheur recrut\u00e9 et, pour les volets Seal of Excellence et COFUND, le financement de frais d\u2019environnement.\u202f\u202f<\/span><span data-ccp-props=\"{}\">\u00a0<\/span><\/li>\n<\/ul>\n<ul>\n<li data-leveltext=\"\uf0b7\" data-font=\"Symbol\" data-listid=\"5\" data-list-defn-props=\"{&quot;335552541&quot;:1,&quot;335559685&quot;:720,&quot;335559991&quot;:360,&quot;469769226&quot;:&quot;Symbol&quot;,&quot;469769242&quot;:[8226],&quot;469777803&quot;:&quot;left&quot;,&quot;469777804&quot;:&quot;\uf0b7&quot;,&quot;469777815&quot;:&quot;multilevel&quot;}\" aria-setsize=\"-1\" data-aria-posinset=\"1\" data-aria-level=\"1\"><span data-contrast=\"auto\">Des logiques de d\u00e9p\u00f4t des projets par le superviseur (Bretagne), l&rsquo;\u00e9tablissement d&rsquo;accueil (Seal of Excellence) ou le post-doc (COFUND) pour stimuler l\u2019excellence de la recherche bretonne.\u202f<\/span><span data-ccp-props=\"{}\">\u00a0<\/span><\/li>\n<\/ul>\n<p>Dans tous les cas, <b><span data-contrast=\"auto\">les projets financ\u00e9s sont s\u00e9lectionn\u00e9s sur la base de l\u2019excellence scientifique, <\/span><\/b>d\u00e9montr\u00e9e par une proc\u00e9dure ind\u00e9pendante d\u2019\u00e9valuation scientifique, et l\u2019impact du projet de recherche pour le territoire breton.<\/p>\n<p><a href=\"https:\/\/bienvenue.bretagne.bzh\/app\/uploads\/2025\/06\/5973_Flyer_Promotion-Bienvenue_A5-VDEF.pdf\">Notre d\u00e9pliant d\u00e9taille en un coup d&rsquo;oeil les principales diff\u00e9rences entre les volets.\u00a0<\/a><\/p>\n<\/div>\n<\/section>\n\n\n<section class=\"block-image-text\" style=\"background-color: white\">\n    <div class=\"row mx-0 bloc-row\">\n        <div class=\"image col-12 col-lg-6 order-2 order-lg-1 mx-auto mx-lg-0 mt-4 mt-lg-0 px-0\"\n            style=\"background-image: url(https:\/\/bienvenue.bretagne.bzh\/app\/uploads\/2021\/01\/Economics_For_Industry_For_Intelligent_Production-Universite_De_Rennes1.jpeg); background-position: center \">\n        <\/div>\n\n        <div class=\"info d-table col-12 col-lg-6 order-1 order-lg-2 py-5 m-auto\">\n                        <h2 class=\"sub-title font-JostBold\">BIENVEN\u00dcE Bretagne<\/h2>\n                            <div class=\"my-4\">\n                    <span class=\"text font-WorkSansMedium text-uppercase p-2\"\n                        style=\"background-color: #c1ca90\">Accompagner les strat\u00e9gies scientifiques des laboratoires bretons<\/span>\n                <\/div>\n                        <div class=\"text font-WorkSansLight pt-2\"><p>Recrutement de post-doctorants de haut niveau avec une exp\u00e9rience internationale pour des projets de recherche de 18 \u00e0 24 mois. Les projets de recherche sont construits par les chercheurs superviseurs, et s\u2019inscrivent principalement dans les strat\u00e9gies de recherche des laboratoires bretons.<\/p>\n <\/div>\n                                                    <div class=\"mt-5 mb-4\">\n                    <a class=\"cta\"\n                        href=\"https:\/\/bienvenue.bretagne.bzh\/fr\/financer-son-projet\/bienvenue-bretagne\/\">En savoir plus<\/a>\n                <\/div>\n                    <\/div>\n\n    <\/div>\n<\/section>\n\n\n<section class=\"block-image-text\" style=\"background-color: white\">\n    <div class=\"row mx-0 bloc-row\">\n        <div class=\"image col-12 col-lg-6 order-2 order-lg-2 mx-auto mx-lg-0 mt-4 mt-lg-0 px-0\"\n            style=\"background-image: url(https:\/\/bienvenue.bretagne.bzh\/app\/uploads\/2021\/01\/AgroCampus-Ouest.jpeg); background-position: center \">\n        <\/div>\n\n        <div class=\"info d-table col-12 col-lg-6 order-1 order-lg-1 py-5 m-auto\">\n                        <h2 class=\"sub-title font-JostBold\">Bienven\u00fce Seal of Excellence<\/h2>\n                            <div class=\"my-4\">\n                    <span class=\"text font-WorkSansMedium text-uppercase p-2\"\n                        style=\"background-color: #cf7a26\">Soutenir les projects d&rsquo;excellence non-financ\u00e9s par les appels MSCA Postdoctoral Fellowships<\/span>\n                <\/div>\n                        <div class=\"text font-WorkSansLight pt-2\"><p>La R\u00e9gion Bretagne, gr\u00e2ce \u00e0 la mobilisation de fonds FEDER 2021-2027, soutient les candidatures des chercheurs bretons aux appels MSCA Postdoctoral Fellowships par <strong>une opportunit\u00e9 suppl\u00e9mentaire de financement d\u2019un projet d\u00e9tenteur du \u00ab\u00a0Seal of Excellence\u00a0\u00bb<\/strong>.<\/p>\n <\/div>\n                                                    <div class=\"mt-5 mb-4\">\n                    <a class=\"cta\"\n                        href=\"https:\/\/bienvenue.bretagne.bzh\/fr\/financer-son-projet\/bienvenue-seal-of-excellence\/\">En savoir plus<\/a>\n                <\/div>\n                    <\/div>\n\n    <\/div>\n<\/section>\n\n\n<section class=\"block-image-text\" style=\"background-color: white\">\n    <div class=\"row mx-0 bloc-row\">\n        <div class=\"image col-12 col-lg-6 order-2 order-lg-1 mx-auto mx-lg-0 mt-4 mt-lg-0 px-0\"\n            style=\"background-image: url(https:\/\/bienvenue.bretagne.bzh\/app\/uploads\/2022\/05\/errie-event-chercheurs.jpg); background-position: center \">\n        <\/div>\n\n        <div class=\"info d-table col-12 col-lg-6 order-1 order-lg-2 py-5 m-auto\">\n                        <h2 class=\"sub-title font-JostBold\">Bienven\u00fce+<\/h2>\n                            <div class=\"my-4\">\n                    <span class=\"text font-WorkSansMedium text-uppercase p-2\"\n                        style=\"background-color: #ba88a4\">Encourager les projets innovants et originaux<\/span>\n                <\/div>\n                        <div class=\"text font-WorkSansLight pt-2\"><p>Recrutement de post-doctorants de haut-niveau avec une exp\u00e9rience internationale pour des projets de recherche de 24 mois. Les projets de recherche sont construits par les candidats post-doctorants (en bottom-up) et peuvent s\u2019inscrire dans les strat\u00e9gies de recherche des laboratoires bretons, ou bien en marge afin de d\u00e9veloppement des projets innovants ou sur des th\u00e9matiques encore peu explor\u00e9es par les laboratoires.<\/p>\n <\/div>\n                                                    <div class=\"mt-5 mb-4\">\n                    <a class=\"cta\"\n                        href=\"https:\/\/bienvenue.bretagne.bzh\/fr\/financer-son-projet\/bienvenue\/\">Bienven\u00fce+<\/a>\n                <\/div>\n                    <\/div>\n\n    <\/div>\n<\/section>","protected":false},"excerpt":{"rendered":"","protected":false},"author":6,"featured_media":0,"parent":0,"menu_order":18,"comment_status":"closed","ping_status":"closed","template":"","meta":{"_acf_changed":false,"inline_featured_image":false,"footnotes":""},"class_list":["post-3825","page","type-page","status-publish","hentry"],"acf":[],"yoast_head":"<!-- This site is optimized with the Yoast SEO plugin v26.0 - https:\/\/yoast.com\/wordpress\/plugins\/seo\/ -->\n<title>Financer son projet &#183; BIENVEN\u00dcE<\/title>\n<meta name=\"description\" content=\"D\u00e9couvrez comment financer votre projet de recherche avec Bienven\u00fce. Un programme qui soutient le recrutement en Bretagne de post-doctorants internationaux.\" \/>\n<meta name=\"robots\" content=\"index, follow, max-snippet:-1, max-image-preview:large, max-video-preview:-1\" \/>\n<link rel=\"canonical\" href=\"https:\/\/bienvenue.bretagne.bzh\/fr\/financer-son-projet\/\" \/>\n<meta property=\"og:locale\" content=\"fr_FR\" \/>\n<meta property=\"og:type\" content=\"article\" \/>\n<meta property=\"og:title\" content=\"Financer son projet &#183; BIENVEN\u00dcE\" \/>\n<meta property=\"og:description\" content=\"D\u00e9couvrez comment financer votre projet de recherche avec Bienven\u00fce. Un programme qui soutient le recrutement en Bretagne de post-doctorants internationaux.\" \/>\n<meta property=\"og:url\" content=\"https:\/\/bienvenue.bretagne.bzh\/fr\/financer-son-projet\/\" \/>\n<meta property=\"og:site_name\" content=\"BIENVEN\u00dcE\" \/>\n<meta property=\"article:modified_time\" content=\"2025-11-19T09:21:38+00:00\" \/>\n<meta name=\"twitter:card\" content=\"summary_large_image\" \/>\n<script type=\"application\/ld+json\" class=\"yoast-schema-graph\">{\"@context\":\"https:\/\/schema.org\",\"@graph\":[{\"@type\":\"WebPage\",\"@id\":\"https:\/\/bienvenue.bretagne.bzh\/fr\/financer-son-projet\/\",\"url\":\"https:\/\/bienvenue.bretagne.bzh\/fr\/financer-son-projet\/\",\"name\":\"Financer son projet &#183; BIENVEN\u00dcE\",\"isPartOf\":{\"@id\":\"https:\/\/msca-bienvenue.bretagne.bzh\/#website\"},\"datePublished\":\"2025-01-28T14:31:51+00:00\",\"dateModified\":\"2025-11-19T09:21:38+00:00\",\"description\":\"D\u00e9couvrez comment financer votre projet de recherche avec Bienven\u00fce. Un programme qui soutient le recrutement en Bretagne de post-doctorants internationaux.\",\"breadcrumb\":{\"@id\":\"https:\/\/bienvenue.bretagne.bzh\/fr\/financer-son-projet\/#breadcrumb\"},\"inLanguage\":\"fr-FR\",\"potentialAction\":[{\"@type\":\"ReadAction\",\"target\":[\"https:\/\/bienvenue.bretagne.bzh\/fr\/financer-son-projet\/\"]}]},{\"@type\":\"BreadcrumbList\",\"@id\":\"https:\/\/bienvenue.bretagne.bzh\/fr\/financer-son-projet\/#breadcrumb\",\"itemListElement\":[{\"@type\":\"ListItem\",\"position\":1,\"name\":\"Home\",\"item\":\"https:\/\/bienvenue.bretagne.bzh\/fr\/\"},{\"@type\":\"ListItem\",\"position\":2,\"name\":\"Financer son projet\"}]},{\"@type\":\"WebSite\",\"@id\":\"https:\/\/msca-bienvenue.bretagne.bzh\/#website\",\"url\":\"https:\/\/msca-bienvenue.bretagne.bzh\/\",\"name\":\"BIENVEN\u00dcE\",\"description\":\"Welcoming talented international post-docs in Brittany.\",\"potentialAction\":[{\"@type\":\"SearchAction\",\"target\":{\"@type\":\"EntryPoint\",\"urlTemplate\":\"https:\/\/msca-bienvenue.bretagne.bzh\/?s={search_term_string}\"},\"query-input\":{\"@type\":\"PropertyValueSpecification\",\"valueRequired\":true,\"valueName\":\"search_term_string\"}}],\"inLanguage\":\"fr-FR\"}]}<\/script>\n<!-- \/ Yoast SEO plugin. -->","yoast_head_json":{"title":"Financer son projet &#183; BIENVEN\u00dcE","description":"D\u00e9couvrez comment financer votre projet de recherche avec Bienven\u00fce. Un programme qui soutient le recrutement en Bretagne de post-doctorants internationaux.","robots":{"index":"index","follow":"follow","max-snippet":"max-snippet:-1","max-image-preview":"max-image-preview:large","max-video-preview":"max-video-preview:-1"},"canonical":"https:\/\/bienvenue.bretagne.bzh\/fr\/financer-son-projet\/","og_locale":"fr_FR","og_type":"article","og_title":"Financer son projet &#183; BIENVEN\u00dcE","og_description":"D\u00e9couvrez comment financer votre projet de recherche avec Bienven\u00fce. Un programme qui soutient le recrutement en Bretagne de post-doctorants internationaux.","og_url":"https:\/\/bienvenue.bretagne.bzh\/fr\/financer-son-projet\/","og_site_name":"BIENVEN\u00dcE","article_modified_time":"2025-11-19T09:21:38+00:00","twitter_card":"summary_large_image","schema":{"@context":"https:\/\/schema.org","@graph":[{"@type":"WebPage","@id":"https:\/\/bienvenue.bretagne.bzh\/fr\/financer-son-projet\/","url":"https:\/\/bienvenue.bretagne.bzh\/fr\/financer-son-projet\/","name":"Financer son projet &#183; BIENVEN\u00dcE","isPartOf":{"@id":"https:\/\/msca-bienvenue.bretagne.bzh\/#website"},"datePublished":"2025-01-28T14:31:51+00:00","dateModified":"2025-11-19T09:21:38+00:00","description":"D\u00e9couvrez comment financer votre projet de recherche avec Bienven\u00fce. Un programme qui soutient le recrutement en Bretagne de post-doctorants internationaux.","breadcrumb":{"@id":"https:\/\/bienvenue.bretagne.bzh\/fr\/financer-son-projet\/#breadcrumb"},"inLanguage":"fr-FR","potentialAction":[{"@type":"ReadAction","target":["https:\/\/bienvenue.bretagne.bzh\/fr\/financer-son-projet\/"]}]},{"@type":"BreadcrumbList","@id":"https:\/\/bienvenue.bretagne.bzh\/fr\/financer-son-projet\/#breadcrumb","itemListElement":[{"@type":"ListItem","position":1,"name":"Home","item":"https:\/\/bienvenue.bretagne.bzh\/fr\/"},{"@type":"ListItem","position":2,"name":"Financer son projet"}]},{"@type":"WebSite","@id":"https:\/\/msca-bienvenue.bretagne.bzh\/#website","url":"https:\/\/msca-bienvenue.bretagne.bzh\/","name":"BIENVEN\u00dcE","description":"Welcoming talented international post-docs in Brittany.","potentialAction":[{"@type":"SearchAction","target":{"@type":"EntryPoint","urlTemplate":"https:\/\/msca-bienvenue.bretagne.bzh\/?s={search_term_string}"},"query-input":{"@type":"PropertyValueSpecification","valueRequired":true,"valueName":"search_term_string"}}],"inLanguage":"fr-FR"}]}},"_links":{"self":[{"href":"https:\/\/bienvenue.bretagne.bzh\/fr\/wp-json\/wp\/v2\/pages\/3825","targetHints":{"allow":["GET"]}}],"collection":[{"href":"https:\/\/bienvenue.bretagne.bzh\/fr\/wp-json\/wp\/v2\/pages"}],"about":[{"href":"https:\/\/bienvenue.bretagne.bzh\/fr\/wp-json\/wp\/v2\/types\/page"}],"author":[{"embeddable":true,"href":"https:\/\/bienvenue.bretagne.bzh\/fr\/wp-json\/wp\/v2\/users\/6"}],"replies":[{"embeddable":true,"href":"https:\/\/bienvenue.bretagne.bzh\/fr\/wp-json\/wp\/v2\/comments?post=3825"}],"version-history":[{"count":41,"href":"https:\/\/bienvenue.bretagne.bzh\/fr\/wp-json\/wp\/v2\/pages\/3825\/revisions"}],"predecessor-version":[{"id":4613,"href":"https:\/\/bienvenue.bretagne.bzh\/fr\/wp-json\/wp\/v2\/pages\/3825\/revisions\/4613"}],"wp:attachment":[{"href":"https:\/\/bienvenue.bretagne.bzh\/fr\/wp-json\/wp\/v2\/media?parent=3825"}],"curies":[{"name":"wp","href":"https:\/\/api.w.org\/{rel}","templated":true}]}}