{"id":367,"date":"2020-12-11T23:10:08","date_gmt":"2020-12-11T22:10:08","guid":{"rendered":"https:\/\/bienvenue.bretagne.bzh\/accueil\/"},"modified":"2025-11-19T10:22:53","modified_gmt":"2025-11-19T09:22:53","slug":"home","status":"publish","type":"page","link":"https:\/\/bienvenue.bretagne.bzh\/fr\/","title":{"rendered":"Accueil"},"content":{"rendered":"\n<section class=\"bloc-header\">\n    <div class=\"bg-header bg-header d-flex flex-column justify-content-center\"\n        style=\"background-image: url('https:\/\/bienvenue.bretagne.bzh\/app\/uploads\/2025\/02\/Copyright-Jerome-Sevrette_HomeBienvenue-scaled.jpg');\">\n        <div class=\"container pt-5 ml-0 px-4 px-lg-0\">\n                           <img decoding=\"async\" class=\"mb-3 mb-lg-5 logo-imgfixedh\" width=\"auto\"     height=\"102\"                src=\"https:\/\/bienvenue.bretagne.bzh\/app\/uploads\/2025\/03\/BIENVENUE.svg\">\n                            <div class=\"info-header\">\n                <h1 class=\"title color-white font-JostBold pb-4\">Bienvenue aux chercheuses et chercheurs internationaux en Bretagne<\/h1>\n                <h2 class=\"text color-white font-WorkSansLight\">Explorez les opportunit\u00e9s de post-doctorats en Bretagne, dans une r\u00e9gion entre terre et mer, reconnue au niveau international pour l&rsquo;excellence de sa recherche<\/h2>\n            <\/div>\n        <\/div>\n        <div>\n            <img decoding=\"async\" class=\"logo-arrow\" src=\"\/app\/themes\/msca-bienvenue\/src\/img\/picto\/arrow@3x.png\" alt=\"logo-arrow\">\n        <\/div>\n        <div class=\"bg-filter\"><\/div>\n<\/section>\n\n\n<section class=\"bloc-news block-slider-news mt-4 mt-lg-5\">\n\n    <div class=\"sub-title font-JostBold col\">Actualit\u00e9s<\/div>\n\n    <div class=\"news news-slider pl-3 mt-4\">\n                    <div class=\"new pr-3\">\n                <a class=\"new-content d-block p-3\" href=\"https:\/\/bienvenue.bretagne.bzh\/fr\/news\/les-appels-a-projet-bienvenue-en-2026\/\">\n                    <div class=\"font-JostSemiBold fs-19\">Les appels \u00e0 projet Bienven\u00fce en 2026<\/div>\n                    <div class=\"text font-WorkSansLightItalic pt-2\">                        &#8211; Publi\u00e9 le 26\/02\/26<\/div>\n                    <div class=\"text text-excerpt font-WorkSansLight py-3\">Continuit\u00e9 et nouveaut\u00e9s dans la gamme Bienven\u00fce en 2026<\/div>\n                    <div>\n                        <span class=\"cta-more\">Plus<\/span>\n                    <\/div>\n                <\/a>\n            <\/div>\n                    <div class=\"new pr-3\">\n                <a class=\"new-content d-block p-3\" href=\"https:\/\/bienvenue.bretagne.bzh\/fr\/news\/decouvrez-notre-nouvel-outil-pour-trouver-un-etablissement-daccueil\/\">\n                    <div class=\"font-JostSemiBold fs-19\">D\u00e9couvrez notre nouvel outil pour trouver un \u00e9tablissement d&rsquo;accueil !<\/div>\n                    <div class=\"text font-WorkSansLightItalic pt-2\">                        &#8211; Publi\u00e9 le 16\/01\/26<\/div>\n                    <div class=\"text text-excerpt font-WorkSansLight py-3\">Une carte interactive qui recense les unit\u00e9s de recherche bretonnes. <\/div>\n                    <div>\n                        <span class=\"cta-more\">Plus<\/span>\n                    <\/div>\n                <\/a>\n            <\/div>\n                    <div class=\"new pr-3\">\n                <a class=\"new-content d-block p-3\" href=\"https:\/\/bienvenue.bretagne.bzh\/fr\/news\/lappel-a-projet-2025-du-programme-bienvenue-est-maintenant-ouvert\/\">\n                    <div class=\"font-JostSemiBold fs-19\">L&rsquo;appel \u00e0 projet 2025 du programme Bienven\u00fce+ est maintenant ouvert !<\/div>\n                    <div class=\"text font-WorkSansLightItalic pt-2\">                        &#8211; Publi\u00e9 le 01\/12\/25<\/div>\n                    <div class=\"text text-excerpt font-WorkSansLight py-3\">L&rsquo;appel \u00e0 projet Bienven\u00fce+ 2025 est ouvert du 1er d\u00e9cembre 2025 au 16 f\u00e9vrier 2026. <\/div>\n                    <div>\n                        <span class=\"cta-more\">Plus<\/span>\n                    <\/div>\n                <\/a>\n            <\/div>\n                    <div class=\"new pr-3\">\n                <a class=\"new-content d-block p-3\" href=\"https:\/\/bienvenue.bretagne.bzh\/fr\/news\/webinaires-decouvrez-le-prochain-appel-a-projet-bienvenue\/\">\n                    <div class=\"font-JostSemiBold fs-19\">Webinaires &#8211; D\u00e9couvrez le prochain appel \u00e0 projet Bienven\u00fce+<\/div>\n                    <div class=\"text font-WorkSansLightItalic pt-2\">                        &#8211; Publi\u00e9 le 18\/11\/25<\/div>\n                    <div class=\"text text-excerpt font-WorkSansLight py-3\">Deux webinaires d&rsquo;information sur l&rsquo;appel \u00e0 projet Bienven\u00fce+ sont pr\u00e9vus les 11 d\u00e9cembre  2025 et 20 janvier 2026. <\/div>\n                    <div>\n                        <span class=\"cta-more\">Plus<\/span>\n                    <\/div>\n                <\/a>\n            <\/div>\n                    <div class=\"new pr-3\">\n                <a class=\"new-content d-block p-3\" href=\"https:\/\/bienvenue.bretagne.bzh\/fr\/news\/apres-bienvenue-cofund-un-chimiste-rennais-decroche-une-bourse-erc-starting-grant\/\">\n                    <div class=\"font-JostSemiBold fs-19\">Apr\u00e8s Bienven\u00fce COFUND: un chimiste rennais d\u00e9croche une bourse ERC Starting Grant<\/div>\n                    <div class=\"text font-WorkSansLightItalic pt-2\">                        &#8211; Publi\u00e9 le 02\/10\/25<\/div>\n                    <div class=\"text text-excerpt font-WorkSansLight py-3\">Alors que l&rsquo;ouverture du premier appel \u00e0 projets Bienven\u00fce+ se rapproche, tour d&rsquo;horizon du chemin parcouru par les premiers laur\u00e9ats Bienven\u00fce. Premier arr\u00eat : le bureau de Gr\u00e9goire David \u00e0 l&rsquo;ISCR.  <\/div>\n                    <div>\n                        <span class=\"cta-more\">Plus<\/span>\n                    <\/div>\n                <\/a>\n            <\/div>\n                    <div class=\"new pr-3\">\n                <a class=\"new-content d-block p-3\" href=\"https:\/\/bienvenue.bretagne.bzh\/fr\/news\/decouvrez-le-premier-appel-a-projets-bienvenue\/\">\n                    <div class=\"font-JostSemiBold fs-19\">D\u00e9couvrez le premier appel \u00e0 projets Bienven\u00fce+<\/div>\n                    <div class=\"text font-WorkSansLightItalic pt-2\">Non class\u00e9                        &#8211; Publi\u00e9 le 27\/06\/25<\/div>\n                    <div class=\"text text-excerpt font-WorkSansLight py-3\">Il sera possible de candidater du 1 d\u00e9cembre 2025 au 16 f\u00e9vrier 2026. <\/div>\n                    <div>\n                        <span class=\"cta-more\">Plus<\/span>\n                    <\/div>\n                <\/a>\n            <\/div>\n                    <div class=\"new pr-3\">\n                <a class=\"new-content d-block p-3\" href=\"https:\/\/bienvenue.bretagne.bzh\/fr\/news\/a-la-rencontre-de-lea-abi-nassif-utilisant-loptique-pour-detecter-les-thromboses\/\">\n                    <div class=\"font-JostSemiBold fs-19\">A la rencontre de Lea Abi Nassif, utilisant l&rsquo;optique pour d\u00e9tecter les thromboses<\/div>\n                    <div class=\"text font-WorkSansLightItalic pt-2\">                        &#8211; Publi\u00e9 le 07\/04\/25<\/div>\n                    <div class=\"text text-excerpt font-WorkSansLight py-3\">La laur\u00e9at Bienven\u00fce COFUND 2023 travaille sur une m\u00e9thode innovante pour \u00e9tudier le risque de r\u00e9cidive de thombose, au laboratoire OPTIMAG (UBO). <\/div>\n                    <div>\n                        <span class=\"cta-more\">Plus<\/span>\n                    <\/div>\n                <\/a>\n            <\/div>\n                    <div class=\"new pr-3\">\n                <a class=\"new-content d-block p-3\" href=\"https:\/\/bienvenue.bretagne.bzh\/fr\/news\/ouverture-de-lappel-2025-bienvenue-bretagne\/\">\n                    <div class=\"font-JostSemiBold fs-19\">Ouverture de l&rsquo;appel 2025 &#8211; Bienven\u00fce Bretagne<\/div>\n                    <div class=\"text font-WorkSansLightItalic pt-2\">                        &#8211; Publi\u00e9 le 03\/04\/25<\/div>\n                    <div class=\"text text-excerpt font-WorkSansLight py-3\">La campagne est ouverte depuis le 1er avril et se cl\u00f4ture le 30 mai 2025. <\/div>\n                    <div>\n                        <span class=\"cta-more\">Plus<\/span>\n                    <\/div>\n                <\/a>\n            <\/div>\n                    <div class=\"new pr-3\">\n                <a class=\"new-content d-block p-3\" href=\"https:\/\/bienvenue.bretagne.bzh\/fr\/news\/la-region-bretagne-laureate-du-dernier-appel-a-projets-msca-cofund-2024\/\">\n                    <div class=\"font-JostSemiBold fs-19\">La R\u00e9gion Bretagne laur\u00e9ate du dernier appel \u00e0 projets MSCA COFUND 2024\u00a0!<\/div>\n                    <div class=\"text font-WorkSansLightItalic pt-2\">                        &#8211; Publi\u00e9 le 17\/03\/25<\/div>\n                    <div class=\"text text-excerpt font-WorkSansLight py-3\">75 chercheurs post-docs seront recrut\u00e9s \u00e0 partir de l\u2019automne 2025. <\/div>\n                    <div>\n                        <span class=\"cta-more\">Plus<\/span>\n                    <\/div>\n                <\/a>\n            <\/div>\n                    <div class=\"new pr-3\">\n                <a class=\"new-content d-block p-3\" href=\"https:\/\/bienvenue.bretagne.bzh\/fr\/news\/notre-appel-bienvenue-seal-of-excellence-2025-est-ouvert\/\">\n                    <div class=\"font-JostSemiBold fs-19\">Notre appel Bienven\u00fce Seal of Excellence 2025 est ouvert !<\/div>\n                    <div class=\"text font-WorkSansLightItalic pt-2\">                        &#8211; Publi\u00e9 le 04\/03\/25<\/div>\n                    <div class=\"text text-excerpt font-WorkSansLight py-3\">La R\u00e9gion Bretagne lance une nouvelle opportunit\u00e9 de financement pour les post-docs ce printemps !<\/div>\n                    <div>\n                        <span class=\"cta-more\">Plus<\/span>\n                    <\/div>\n                <\/a>\n            <\/div>\n        \n\n    <\/div>\n\n    <div class=\"my-4 my-lg-5 px-3\">\n        <a class=\"cta mx-auto d-table\" href=\"https:\/\/bienvenue.bretagne.bzh\/fr\/\/news\/\">Toutes nos actualit\u00e9s<\/a>\n    <\/div>\n\n\n<\/section>\n\n\n<section class=\"block-image-text\" style=\"background-color: white\">\n    <div class=\"row mx-0 bloc-row\">\n        <div class=\"image col-12 col-lg-6 order-2 order-lg-1 mx-auto mx-lg-0 mt-4 mt-lg-0 px-0\"\n            style=\"background-image: url(https:\/\/bienvenue.bretagne.bzh\/app\/uploads\/2025\/02\/Copyright-Franck-Gazzola-Under-The-Pole-Zeppelin-Network-scaled.jpg); background-position: top \">\n        <\/div>\n\n        <div class=\"info d-table col-12 col-lg-6 order-1 order-lg-2 py-5 m-auto\">\n                        <h2 class=\"sub-title font-JostBold\">Notre strat\u00e9gie de recherche et d&rsquo;innovation<\/h2>\n                            <div class=\"my-4\">\n                    <span class=\"text font-WorkSansMedium text-uppercase p-2\"\n                        style=\"background-color: #e3c212\">Les enjeux th\u00e9matiques cl\u00e9s pour la Bretagne<\/span>\n                <\/div>\n                        <div class=\"text font-WorkSansLight pt-2\"><p>D\u00e9couvrez notre Strat\u00e9gie de Recherche et d&rsquo;Innovation, aussi connue sous le nom de Strat\u00e9gie de Sp\u00e9cialisation Intelligente, o\u00f9 nous nous concentrons sur les enjeux pour lesquels les \u00e9quipes de recherche bretonnes ont un avantage comp\u00e9titif et qui sont cl\u00e9s pour le d\u00e9veloppement du territoire.<\/p>\n <\/div>\n                                                    <div class=\"mt-5 mb-4\">\n                    <a class=\"cta\"\n                        href=\"https:\/\/bienvenue.bretagne.bzh\/fr\/strategie-s3-bretonne\/\">Notre strat\u00e9gie de recherche et d&rsquo;innovation<\/a>\n                <\/div>\n                    <\/div>\n\n    <\/div>\n<\/section>\n\n\n<section class=\"block-image-text\" style=\"background-color: #fafafa\">\n    <div class=\"row mx-0 bloc-row\">\n        <div class=\"image col-12 col-lg-6 order-2 order-lg-2 mx-auto mx-lg-0 mt-4 mt-lg-0 px-0\"\n            style=\"background-image: url(https:\/\/bienvenue.bretagne.bzh\/app\/uploads\/2025\/02\/Copyright-L_oeil-de-Paco_RB_0077775-scaled.jpg); background-position: center \">\n        <\/div>\n\n        <div class=\"info d-table col-12 col-lg-6 order-1 order-lg-1 py-5 m-auto\">\n                        <h2 class=\"sub-title font-JostBold\">Les financements BIENVEN\u00dcE<\/h2>\n                            <div class=\"my-4\">\n                    <span class=\"text font-WorkSansMedium text-uppercase p-2\"\n                        style=\"background-color: #ba88a4\">Financez votre projet<\/span>\n                <\/div>\n                        <div class=\"text font-WorkSansLight pt-2\"><p>Consultez les possibilit\u00e9s de financement de nos trois dispositifs :<\/p>\n<p><strong>BIENVEN\u00dcE Bretagne<\/strong><\/p>\n<p><strong>BIENVEN\u00dcE Seal of Excellence<\/strong><\/p>\n<p><strong>BIENVEN\u00dcE+<\/strong><\/p>\n <\/div>\n                                                    <div class=\"mt-5 mb-4\">\n                    <a class=\"cta\"\n                        href=\"https:\/\/bienvenue.bretagne.bzh\/fr\/financer-son-projet\/\">Nos opportunit\u00e9s de financement<\/a>\n                <\/div>\n                    <\/div>\n\n    <\/div>\n<\/section>\n\n\n<section class=\"block-image-text\" style=\"background-color: white\">\n    <div class=\"row mx-0 bloc-row\">\n        <div class=\"image col-12 col-lg-6 order-2 order-lg-1 mx-auto mx-lg-0 mt-4 mt-lg-0 px-0\"\n            style=\"background-image: url(https:\/\/bienvenue.bretagne.bzh\/app\/uploads\/2025\/01\/thanh-ly-4jj0-lq8_5U-unsplash-scaled.jpg); background-position: center \">\n        <\/div>\n\n        <div class=\"info d-table col-12 col-lg-6 order-1 order-lg-2 py-5 m-auto\">\n                        <h2 class=\"sub-title font-JostBold\">S&rsquo;installer en Bretagne<\/h2>\n                            <div class=\"my-4\">\n                    <span class=\"text font-WorkSansMedium text-uppercase p-2\"\n                        style=\"background-color: #c1ca90\">Toutes les informations pratiques<\/span>\n                <\/div>\n                        <div class=\"text font-WorkSansLight pt-2\"><p>Trouvez votre laboratoire de recherche et pr\u00e9parez votre venue en Bretagne<\/p>\n <\/div>\n                                                    <div class=\"mt-5 mb-4\">\n                    <a class=\"cta\"\n                        href=\"https:\/\/bienvenue.bretagne.bzh\/fr\/sinstaller-en-bretagne\/\">S\u2019installer en Bretagne<\/a>\n                <\/div>\n                    <\/div>\n\n    <\/div>\n<\/section>","protected":false},"excerpt":{"rendered":"","protected":false},"author":1,"featured_media":0,"parent":0,"menu_order":59,"comment_status":"closed","ping_status":"closed","template":"","meta":{"_acf_changed":false,"inline_featured_image":false,"footnotes":""},"class_list":["post-367","page","type-page","status-publish","hentry"],"acf":[],"yoast_head":"<!-- This site is optimized with the Yoast SEO plugin v26.0 - https:\/\/yoast.com\/wordpress\/plugins\/seo\/ -->\n<title>Accueil &#183; BIENVEN\u00dcE<\/title>\n<meta name=\"description\" content=\"Explorez les opportunit\u00e9s de post-doctorats en Bretagne, dans un environnement dynamique reconnu au niveau international et avec une identit\u00e9 locale forte.\" \/>\n<meta name=\"robots\" content=\"index, follow, max-snippet:-1, max-image-preview:large, max-video-preview:-1\" \/>\n<link rel=\"canonical\" href=\"https:\/\/bienvenue.bretagne.bzh\/fr\/\" \/>\n<meta property=\"og:locale\" content=\"fr_FR\" \/>\n<meta property=\"og:type\" content=\"article\" \/>\n<meta property=\"og:title\" content=\"Accueil &#183; BIENVEN\u00dcE\" \/>\n<meta property=\"og:description\" content=\"Explorez les opportunit\u00e9s de post-doctorats en Bretagne, dans un environnement dynamique reconnu au niveau international et avec une identit\u00e9 locale forte.\" \/>\n<meta property=\"og:url\" content=\"https:\/\/bienvenue.bretagne.bzh\/fr\/\" \/>\n<meta property=\"og:site_name\" content=\"BIENVEN\u00dcE\" \/>\n<meta property=\"article:modified_time\" content=\"2025-11-19T09:22:53+00:00\" \/>\n<meta name=\"twitter:card\" content=\"summary_large_image\" \/>\n<script type=\"application\/ld+json\" class=\"yoast-schema-graph\">{\"@context\":\"https:\/\/schema.org\",\"@graph\":[{\"@type\":\"WebPage\",\"@id\":\"https:\/\/bienvenue.bretagne.bzh\/fr\/\",\"url\":\"https:\/\/bienvenue.bretagne.bzh\/fr\/\",\"name\":\"Accueil &#183; BIENVEN\u00dcE\",\"isPartOf\":{\"@id\":\"https:\/\/msca-bienvenue.bretagne.bzh\/#website\"},\"datePublished\":\"2020-12-11T22:10:08+00:00\",\"dateModified\":\"2025-11-19T09:22:53+00:00\",\"description\":\"Explorez les opportunit\u00e9s de post-doctorats en Bretagne, dans un environnement dynamique reconnu au niveau international et avec une identit\u00e9 locale forte.\",\"breadcrumb\":{\"@id\":\"https:\/\/bienvenue.bretagne.bzh\/fr\/#breadcrumb\"},\"inLanguage\":\"fr-FR\",\"potentialAction\":[{\"@type\":\"ReadAction\",\"target\":[\"https:\/\/bienvenue.bretagne.bzh\/fr\/\"]}]},{\"@type\":\"BreadcrumbList\",\"@id\":\"https:\/\/bienvenue.bretagne.bzh\/fr\/#breadcrumb\",\"itemListElement\":[{\"@type\":\"ListItem\",\"position\":1,\"name\":\"Home\",\"item\":\"https:\/\/bienvenue.bretagne.bzh\/fr\/\"},{\"@type\":\"ListItem\",\"position\":2,\"name\":\"Accueil\"}]},{\"@type\":\"WebSite\",\"@id\":\"https:\/\/msca-bienvenue.bretagne.bzh\/#website\",\"url\":\"https:\/\/msca-bienvenue.bretagne.bzh\/\",\"name\":\"BIENVEN\u00dcE\",\"description\":\"Welcoming talented international post-docs in Brittany.\",\"potentialAction\":[{\"@type\":\"SearchAction\",\"target\":{\"@type\":\"EntryPoint\",\"urlTemplate\":\"https:\/\/msca-bienvenue.bretagne.bzh\/?s={search_term_string}\"},\"query-input\":{\"@type\":\"PropertyValueSpecification\",\"valueRequired\":true,\"valueName\":\"search_term_string\"}}],\"inLanguage\":\"fr-FR\"}]}<\/script>\n<!-- \/ Yoast SEO plugin. -->","yoast_head_json":{"title":"Accueil &#183; BIENVEN\u00dcE","description":"Explorez les opportunit\u00e9s de post-doctorats en Bretagne, dans un environnement dynamique reconnu au niveau international et avec une identit\u00e9 locale forte.","robots":{"index":"index","follow":"follow","max-snippet":"max-snippet:-1","max-image-preview":"max-image-preview:large","max-video-preview":"max-video-preview:-1"},"canonical":"https:\/\/bienvenue.bretagne.bzh\/fr\/","og_locale":"fr_FR","og_type":"article","og_title":"Accueil &#183; BIENVEN\u00dcE","og_description":"Explorez les opportunit\u00e9s de post-doctorats en Bretagne, dans un environnement dynamique reconnu au niveau international et avec une identit\u00e9 locale forte.","og_url":"https:\/\/bienvenue.bretagne.bzh\/fr\/","og_site_name":"BIENVEN\u00dcE","article_modified_time":"2025-11-19T09:22:53+00:00","twitter_card":"summary_large_image","schema":{"@context":"https:\/\/schema.org","@graph":[{"@type":"WebPage","@id":"https:\/\/bienvenue.bretagne.bzh\/fr\/","url":"https:\/\/bienvenue.bretagne.bzh\/fr\/","name":"Accueil &#183; BIENVEN\u00dcE","isPartOf":{"@id":"https:\/\/msca-bienvenue.bretagne.bzh\/#website"},"datePublished":"2020-12-11T22:10:08+00:00","dateModified":"2025-11-19T09:22:53+00:00","description":"Explorez les opportunit\u00e9s de post-doctorats en Bretagne, dans un environnement dynamique reconnu au niveau international et avec une identit\u00e9 locale forte.","breadcrumb":{"@id":"https:\/\/bienvenue.bretagne.bzh\/fr\/#breadcrumb"},"inLanguage":"fr-FR","potentialAction":[{"@type":"ReadAction","target":["https:\/\/bienvenue.bretagne.bzh\/fr\/"]}]},{"@type":"BreadcrumbList","@id":"https:\/\/bienvenue.bretagne.bzh\/fr\/#breadcrumb","itemListElement":[{"@type":"ListItem","position":1,"name":"Home","item":"https:\/\/bienvenue.bretagne.bzh\/fr\/"},{"@type":"ListItem","position":2,"name":"Accueil"}]},{"@type":"WebSite","@id":"https:\/\/msca-bienvenue.bretagne.bzh\/#website","url":"https:\/\/msca-bienvenue.bretagne.bzh\/","name":"BIENVEN\u00dcE","description":"Welcoming talented international post-docs in Brittany.","potentialAction":[{"@type":"SearchAction","target":{"@type":"EntryPoint","urlTemplate":"https:\/\/msca-bienvenue.bretagne.bzh\/?s={search_term_string}"},"query-input":{"@type":"PropertyValueSpecification","valueRequired":true,"valueName":"search_term_string"}}],"inLanguage":"fr-FR"}]}},"_links":{"self":[{"href":"https:\/\/bienvenue.bretagne.bzh\/fr\/wp-json\/wp\/v2\/pages\/367","targetHints":{"allow":["GET"]}}],"collection":[{"href":"https:\/\/bienvenue.bretagne.bzh\/fr\/wp-json\/wp\/v2\/pages"}],"about":[{"href":"https:\/\/bienvenue.bretagne.bzh\/fr\/wp-json\/wp\/v2\/types\/page"}],"author":[{"embeddable":true,"href":"https:\/\/bienvenue.bretagne.bzh\/fr\/wp-json\/wp\/v2\/users\/1"}],"replies":[{"embeddable":true,"href":"https:\/\/bienvenue.bretagne.bzh\/fr\/wp-json\/wp\/v2\/comments?post=367"}],"version-history":[{"count":67,"href":"https:\/\/bienvenue.bretagne.bzh\/fr\/wp-json\/wp\/v2\/pages\/367\/revisions"}],"predecessor-version":[{"id":4614,"href":"https:\/\/bienvenue.bretagne.bzh\/fr\/wp-json\/wp\/v2\/pages\/367\/revisions\/4614"}],"wp:attachment":[{"href":"https:\/\/bienvenue.bretagne.bzh\/fr\/wp-json\/wp\/v2\/media?parent=367"}],"curies":[{"name":"wp","href":"https:\/\/api.w.org\/{rel}","templated":true}]}}