{"id":3166,"date":"2022-11-15T10:18:44","date_gmt":"2022-11-15T09:18:44","guid":{"rendered":"https:\/\/bienvenue.bretagne.bzh\/?page_id=3166"},"modified":"2025-02-19T14:20:08","modified_gmt":"2025-02-19T13:20:08","slug":"legal-notices","status":"publish","type":"page","link":"https:\/\/bienvenue.bretagne.bzh\/fr\/legal-notices\/","title":{"rendered":"Mentions l\u00e9gales"},"content":{"rendered":"\n<section class=\"blank-header\">\n\n    <div class=\"container\">\n        <div class=\"info-header mt-5\">\n            <h1 class=\"title color-black font-JostSemiBold pb-3\"><span\n                        class=\"py-2\">Mentions l\u00e9gales<\/span>\n            <\/h1>\n         <\/div>\n    <\/div>\n\n<\/section>\n\n\n\n<section class=\"block-contenu pt-4\">\n    <div class=\"container text font-WorkSansLight\"><p><strong>\u00c9dition<\/strong><\/p>\n<p>R\u00e9gion Bretagne<br \/>\n283, avenue du G\u00e9n\u00e9ral Patton \u2013 CS 21 101<br \/>\n35711 Rennes Cedex 7<\/p>\n<p>T\u00e9l\u00a0: 02 99 27 10 10 \u2013 Fax\u00a0: 02 99 27 11 11<\/p>\n<p>N\u00b0 de SIRET\u00a0: 233 500 016 000 40<\/p>\n<p>TVA Intracommunautaire\u00a0: FR10 233 500 016<\/p>\n<p>N\u00b0 d\u2019enregistrement aupr\u00e8s de la CNIL\u00a0: 773058<\/p>\n<p>Responsable de la publication :\u202fLoranne Bailly, Directrice G\u00e9n\u00e9rale des Services<\/p>\n<p>Responsable de l\u2019\u00e9dition\u00a0: Direction de la communication<\/p>\n<p>Responsable de l\u2019\u00e9dition d\u00e9l\u00e9gu\u00e9e :\u00a0Direction de l\u2019\u00e9conomie, service enseignement sup\u00e9rieur et recherche<\/p>\n<p><strong>\u00a0<\/strong><\/p>\n<p><strong>R\u00e9alisation-h\u00e9bergement du site<\/strong><\/p>\n<p>D\u00e9veloppement et webdesign\u00a0: R2<\/p>\n<p>H\u00e9bergement : Cognix systems<\/p>\n<p>&nbsp;<\/p>\n<p><strong>Cr\u00e9dits photo<\/strong><\/p>\n<p>Copyrights J\u00e9r\u00f6me Servette, Franck Gazzola et L&rsquo;oeil de Paco pour les photos apparaissant sur <a href=\"https:\/\/bienvenue.bretagne.bzh\/fr\/\">Accueil<\/a><\/p>\n<p>Copyright AdobeStock pour les photos apparaissant sur <a href=\"https:\/\/bienvenue.bretagne.bzh\/fr\/strategic-innovation-areas\/numerique-responsable\/\">Economie du num\u00e9rique s\u00e9curis\u00e9e et responsable<\/a> et <a href=\"https:\/\/bienvenue.bretagne.bzh\/fr\/sinstaller-en-bretagne\/\">S&rsquo;installer en Bretagne<\/a><\/p>\n<p>Copyright Franck Betermin pour la photo apparaissant sur <a href=\"https:\/\/bienvenue.bretagne.bzh\/fr\/strategie-s3-bretonne\/\">La strat\u00e9gie de recherche et innovation bretonne<\/a><\/p>\n<\/div>\n<\/section>","protected":false},"excerpt":{"rendered":"","protected":false},"author":6,"featured_media":0,"parent":0,"menu_order":30,"comment_status":"closed","ping_status":"closed","template":"","meta":{"_acf_changed":false,"inline_featured_image":false,"footnotes":""},"class_list":["post-3166","page","type-page","status-publish","hentry"],"acf":[],"yoast_head":"<!-- This site is optimized with the Yoast SEO plugin v26.0 - https:\/\/yoast.com\/wordpress\/plugins\/seo\/ -->\n<title>Mentions l\u00e9gales &#183; BIENVEN\u00dcE<\/title>\n<meta name=\"robots\" content=\"index, follow, max-snippet:-1, max-image-preview:large, max-video-preview:-1\" \/>\n<link rel=\"canonical\" href=\"https:\/\/msca-bienvenue.bretagne.bzh\/fr\/legal-notices\/\" \/>\n<meta property=\"og:locale\" content=\"fr_FR\" \/>\n<meta property=\"og:type\" content=\"article\" \/>\n<meta property=\"og:title\" content=\"Mentions l\u00e9gales &#183; BIENVEN\u00dcE\" \/>\n<meta property=\"og:url\" content=\"https:\/\/msca-bienvenue.bretagne.bzh\/fr\/legal-notices\/\" \/>\n<meta property=\"og:site_name\" content=\"BIENVEN\u00dcE\" \/>\n<meta property=\"article:modified_time\" content=\"2025-02-19T13:20:08+00:00\" \/>\n<meta name=\"twitter:card\" content=\"summary_large_image\" \/>\n<script type=\"application\/ld+json\" class=\"yoast-schema-graph\">{\"@context\":\"https:\/\/schema.org\",\"@graph\":[{\"@type\":\"WebPage\",\"@id\":\"https:\/\/msca-bienvenue.bretagne.bzh\/fr\/legal-notices\/\",\"url\":\"https:\/\/msca-bienvenue.bretagne.bzh\/fr\/legal-notices\/\",\"name\":\"Mentions l\u00e9gales &#183; BIENVEN\u00dcE\",\"isPartOf\":{\"@id\":\"https:\/\/msca-bienvenue.bretagne.bzh\/#website\"},\"datePublished\":\"2022-11-15T09:18:44+00:00\",\"dateModified\":\"2025-02-19T13:20:08+00:00\",\"breadcrumb\":{\"@id\":\"https:\/\/msca-bienvenue.bretagne.bzh\/fr\/legal-notices\/#breadcrumb\"},\"inLanguage\":\"fr-FR\",\"potentialAction\":[{\"@type\":\"ReadAction\",\"target\":[\"https:\/\/msca-bienvenue.bretagne.bzh\/fr\/legal-notices\/\"]}]},{\"@type\":\"BreadcrumbList\",\"@id\":\"https:\/\/msca-bienvenue.bretagne.bzh\/fr\/legal-notices\/#breadcrumb\",\"itemListElement\":[{\"@type\":\"ListItem\",\"position\":1,\"name\":\"Home\",\"item\":\"https:\/\/bienvenue.bretagne.bzh\/fr\/\"},{\"@type\":\"ListItem\",\"position\":2,\"name\":\"Mentions l\u00e9gales\"}]},{\"@type\":\"WebSite\",\"@id\":\"https:\/\/msca-bienvenue.bretagne.bzh\/#website\",\"url\":\"https:\/\/msca-bienvenue.bretagne.bzh\/\",\"name\":\"BIENVEN\u00dcE\",\"description\":\"Welcoming talented international post-docs in Brittany.\",\"potentialAction\":[{\"@type\":\"SearchAction\",\"target\":{\"@type\":\"EntryPoint\",\"urlTemplate\":\"https:\/\/msca-bienvenue.bretagne.bzh\/?s={search_term_string}\"},\"query-input\":{\"@type\":\"PropertyValueSpecification\",\"valueRequired\":true,\"valueName\":\"search_term_string\"}}],\"inLanguage\":\"fr-FR\"}]}<\/script>\n<!-- \/ Yoast SEO plugin. -->","yoast_head_json":{"title":"Mentions l\u00e9gales &#183; BIENVEN\u00dcE","robots":{"index":"index","follow":"follow","max-snippet":"max-snippet:-1","max-image-preview":"max-image-preview:large","max-video-preview":"max-video-preview:-1"},"canonical":"https:\/\/msca-bienvenue.bretagne.bzh\/fr\/legal-notices\/","og_locale":"fr_FR","og_type":"article","og_title":"Mentions l\u00e9gales &#183; BIENVEN\u00dcE","og_url":"https:\/\/msca-bienvenue.bretagne.bzh\/fr\/legal-notices\/","og_site_name":"BIENVEN\u00dcE","article_modified_time":"2025-02-19T13:20:08+00:00","twitter_card":"summary_large_image","schema":{"@context":"https:\/\/schema.org","@graph":[{"@type":"WebPage","@id":"https:\/\/msca-bienvenue.bretagne.bzh\/fr\/legal-notices\/","url":"https:\/\/msca-bienvenue.bretagne.bzh\/fr\/legal-notices\/","name":"Mentions l\u00e9gales &#183; BIENVEN\u00dcE","isPartOf":{"@id":"https:\/\/msca-bienvenue.bretagne.bzh\/#website"},"datePublished":"2022-11-15T09:18:44+00:00","dateModified":"2025-02-19T13:20:08+00:00","breadcrumb":{"@id":"https:\/\/msca-bienvenue.bretagne.bzh\/fr\/legal-notices\/#breadcrumb"},"inLanguage":"fr-FR","potentialAction":[{"@type":"ReadAction","target":["https:\/\/msca-bienvenue.bretagne.bzh\/fr\/legal-notices\/"]}]},{"@type":"BreadcrumbList","@id":"https:\/\/msca-bienvenue.bretagne.bzh\/fr\/legal-notices\/#breadcrumb","itemListElement":[{"@type":"ListItem","position":1,"name":"Home","item":"https:\/\/bienvenue.bretagne.bzh\/fr\/"},{"@type":"ListItem","position":2,"name":"Mentions l\u00e9gales"}]},{"@type":"WebSite","@id":"https:\/\/msca-bienvenue.bretagne.bzh\/#website","url":"https:\/\/msca-bienvenue.bretagne.bzh\/","name":"BIENVEN\u00dcE","description":"Welcoming talented international post-docs in Brittany.","potentialAction":[{"@type":"SearchAction","target":{"@type":"EntryPoint","urlTemplate":"https:\/\/msca-bienvenue.bretagne.bzh\/?s={search_term_string}"},"query-input":{"@type":"PropertyValueSpecification","valueRequired":true,"valueName":"search_term_string"}}],"inLanguage":"fr-FR"}]}},"_links":{"self":[{"href":"https:\/\/bienvenue.bretagne.bzh\/fr\/wp-json\/wp\/v2\/pages\/3166","targetHints":{"allow":["GET"]}}],"collection":[{"href":"https:\/\/bienvenue.bretagne.bzh\/fr\/wp-json\/wp\/v2\/pages"}],"about":[{"href":"https:\/\/bienvenue.bretagne.bzh\/fr\/wp-json\/wp\/v2\/types\/page"}],"author":[{"embeddable":true,"href":"https:\/\/bienvenue.bretagne.bzh\/fr\/wp-json\/wp\/v2\/users\/6"}],"replies":[{"embeddable":true,"href":"https:\/\/bienvenue.bretagne.bzh\/fr\/wp-json\/wp\/v2\/comments?post=3166"}],"version-history":[{"count":3,"href":"https:\/\/bienvenue.bretagne.bzh\/fr\/wp-json\/wp\/v2\/pages\/3166\/revisions"}],"predecessor-version":[{"id":4323,"href":"https:\/\/bienvenue.bretagne.bzh\/fr\/wp-json\/wp\/v2\/pages\/3166\/revisions\/4323"}],"wp:attachment":[{"href":"https:\/\/bienvenue.bretagne.bzh\/fr\/wp-json\/wp\/v2\/media?parent=3166"}],"curies":[{"name":"wp","href":"https:\/\/api.w.org\/{rel}","templated":true}]}}