{"id":3162,"date":"2022-11-15T10:17:37","date_gmt":"2022-11-15T09:17:37","guid":{"rendered":"https:\/\/bienvenue.bretagne.bzh\/?page_id=3162"},"modified":"2025-02-17T14:11:27","modified_gmt":"2025-02-17T13:11:27","slug":"cookies-management-policy","status":"publish","type":"page","link":"https:\/\/bienvenue.bretagne.bzh\/fr\/cookies-management-policy\/","title":{"rendered":"Politique de confidentialit\u00e9"},"content":{"rendered":"\n<section class=\"blank-header\">\n\n    <div class=\"container\">\n        <div class=\"info-header mt-5\">\n            <h1 class=\"title color-black font-JostSemiBold pb-3\"><span\n                        class=\"py-2\">Politique de confidentialit\u00e9<\/span>\n            <\/h1>\n         <\/div>\n    <\/div>\n\n<\/section>\n\n\n\n<section class=\"block-contenu pt-4\">\n    <div class=\"container text font-WorkSansLight\"><p class=\"chapo\">La pr\u00e9sente politique de protection des donn\u00e9es \u00e0 caract\u00e8re personnel a pour objectif d\u2019informer les usagers du pr\u00e9sent site sur les mesures et engagements pris pour veiller \u00e0 la protection de leurs donn\u00e9es \u00e0 caract\u00e8re personnel, dans le cadre des traitements r\u00e9alis\u00e9s par la R\u00e9gion Bretagne.<\/p>\n<h2 class=\"wp-block-heading\">Cadre juridique<\/h2>\n<p>Cette d\u00e9marche s\u2019inscrit dans le cadre du dispositif de protection des donn\u00e9es \u00e0 caract\u00e8re personnel :<\/p>\n<ul>\n<li>Le R\u00e8glement G\u00e9n\u00e9ral sur la Protection des Donn\u00e9es n\u00b02016\/679 du Parlement et\u00a0du Conseil du 27 avril 2016,<\/li>\n<li>La loi Informatique et Libert\u00e9s n\u00b078-17 du 6 janvier 1978 modifi\u00e9e.<\/li>\n<\/ul>\n<p>La politique de confidentialit\u00e9 pourra \u00e9voluer en fonction du contexte l\u00e9gal et r\u00e9glementaire et de la doctrine de la Commission Nationale de l\u2019Informatique et des Libert\u00e9s (CNIL). Dans ce cas, les nouvelles versions prendront effet au moment de leur publication.<\/p>\n<h2 class=\"wp-block-heading\">Objet du site Bienven\u00fce.bretagne.bzh<\/h2>\n<p>Bienvenue.bretagne.bzh est le site de promotion du post-doctorat et des dispositifs r\u00e9gionaux de financement post-doctoral par la R\u00e9gion Bretagne. Il pr\u00e9sente la strat\u00e9gie de recherche et innovation bretonne (S3) ainsi que du contenu sur l&rsquo;\u00e9cosyst\u00e8me de recherche et d&rsquo;innovation en Bretagne.<\/p>\n<p>La R\u00e9gion Bretagne est responsable des traitements port\u00e9s par le site Bienven\u00fce.bretagne.bzh :<\/p>\n<ul>\n<li>Conseil R\u00e9gional de Bretagne, Collectivit\u00e9 territoriale de R\u00e9gion, immatricul\u00e9e sous le num\u00e9ro 233 500 016, ayant son si\u00e8ge au 283 Avenue G\u00e9n\u00e9ral Patton, CS 21101 35700 RENNES repr\u00e9sent\u00e9e par sa pr\u00e9sidence.<\/li>\n<\/ul>\n<p>Le responsable de traitement a nomm\u00e9 un D\u00e9l\u00e9gu\u00e9 \u00e0 la Protection des Donn\u00e9es (DPD). Ce dernier a pour mission de veiller au respect des dispositions de la r\u00e8glementation sur la protection des donn\u00e9es \u00e0 caract\u00e8re personnel.\u00a0Le DPD est consult\u00e9 pr\u00e9alablement \u00e0 la cr\u00e9ation, la mise en \u0153uvre ou la modification d\u2019un dispositif impliquant le traitement de donn\u00e9es \u00e0 caract\u00e8re personnel. Il recense dans un registre la liste de l\u2019ensemble des traitements de donn\u00e9es \u00e0 caract\u00e8re personnel de la R\u00e9gion Bretagne au fur et \u00e0 mesure de leur mise en \u0153uvre.\u00a0Le DPD veille au respect des droits des personnes (droit d\u2019acc\u00e8s, de rectification, d\u2019opposition, d\u2019effacement, de limitation du traitement et de portabilit\u00e9 le cas \u00e9ch\u00e9ant).<\/p>\n<h2><strong>Collecte des donn\u00e9es<\/strong><\/h2>\n<p>La gestion et l\u2019utilisation de ce site permet la collecte des donn\u00e9es \u00e0 caract\u00e8re personnel suivantes :<\/p>\n<div class=\"wp-block-columns is-layout-flex wp-container-3\">\n<div class=\"wp-block-column is-layout-flow\">\n<h4 class=\"wp-block-heading\">Cat\u00e9gorie de donn\u00e9es trait\u00e9es<\/h4>\n<p>Donn\u00e9es de connexion<\/p>\n<\/div>\n<div class=\"wp-block-column is-layout-flow\">\n<h4 class=\"wp-block-heading\">Donn\u00e9es trait\u00e9es<\/h4>\n<p>Cookies de mesure de fr\u00e9quentation<\/p>\n<\/div>\n<\/div>\n<p>Les donn\u00e9es sont collect\u00e9es indirectement via le navigateur internet utilis\u00e9.<\/p>\n<h4 class=\"wp-block-heading\">Objectifs de la collecte et dur\u00e9es de conservation des donn\u00e9es personnelles<\/h4>\n<p>Les traitements mis en \u0153uvre par le responsable de traitements r\u00e9pondent \u00e0 des finalit\u00e9s explicites, l\u00e9gitimes et d\u00e9termin\u00e9es.\u00a0En fonction de la finalit\u00e9 du traitement, la dur\u00e9e de conservation des donn\u00e9es \u00e0 est susceptible de varier.\u00a0Le responsable de traitements conserve les donn\u00e9es pour la dur\u00e9e n\u00e9cessaire \u00e0 la r\u00e9alisation de la finalit\u00e9 poursuivie ou pour remplir leurs obligations l\u00e9gales.<\/p>\n<div class=\"wp-block-columns is-layout-flex wp-container-7\">\n<div class=\"wp-block-column is-layout-flow\">\n<h4 class=\"wp-block-heading\">Finalit\u00e9s poursuivies<\/h4>\n<p>\u00c9laborer des statistiques d\u2019utilisation et de fr\u00e9quentation de nos services et optimiser le fonctionnement et l\u2019efficacit\u00e9 de nos services.<\/p>\n<\/div>\n<div class=\"wp-block-column is-layout-flow\">\n<h4 class=\"wp-block-heading\">Base l\u00e9gale du traitement<\/h4>\n<p>Int\u00e9r\u00eat l\u00e9gitime<\/p>\n<\/div>\n<div class=\"wp-block-column is-layout-flow\">\n<h4 class=\"wp-block-heading\">Dur\u00e9e de conservation<\/h4>\n<p>13 mois (cookies)<\/p>\n<\/div>\n<\/div>\n<p>&nbsp;<\/p>\n<h2>Destinataires des donn\u00e9es<\/h2>\n<p>En interne, les destinataires des donn\u00e9es sont les personnes habilit\u00e9es \u00e0 les traiter dans les services de la R\u00e9gion Bretagne.\u00a0Le responsable de traitements ne loue pas, ne c\u00e8de pas et ne vend pas les donn\u00e9es \u00e0 caract\u00e8re personnel des usagers, y compris \u00e0 des fins de prospection commerciale.\u00a0En revanche, les donn\u00e9es \u00e0 caract\u00e8re personnel peuvent faire l\u2019objet d\u2019un traitement au nom et pour le compte de la R\u00e9gion Bretagne par des prestataires de services de confiance. Dans cette hypoth\u00e8se, la R\u00e9gion Bretagne s\u2019assure que tous les prestataires avec lesquels elle travaille pr\u00e9servent la confidentialit\u00e9 et la s\u00e9curit\u00e9 des donn\u00e9es.<\/p>\n<p>La R\u00e9gion Bretagne peut notamment transf\u00e9rer des donn\u00e9es personnelles au prestataire d\u2019h\u00e9bergement des donn\u00e9es et peut \u00e9galement communiquer les donn\u00e9es de l\u2019usager :<\/p>\n<ul>\n<li>aux agents des organismes assurant la gestion des services publics charg\u00e9s des op\u00e9rations administratives et comptables, en particulier les agents ayant \u00e0 conna\u00eetre des donn\u00e9es et des r\u00e9sultats de traitements et leurs sup\u00e9rieurs hi\u00e9rarchiques ;<\/li>\n<li>aux services de l\u2019Etat habilit\u00e9s \u00e0 exercer un contr\u00f4le en la mati\u00e8re ;<\/li>\n<li>aux officiers publics ou minist\u00e9riels;<\/li>\n<li>aux autorit\u00e9s financi\u00e8res, judiciaires, administratives ou agences d\u2019\u00c9tat, organismes publics et autorit\u00e9s de r\u00e9gulation aupr\u00e8s desquelles la R\u00e9gion Bretagne peut, notamment dans le cadre d\u2019une proc\u00e9dure, d\u2019un litige, d\u2019un contr\u00f4le et\/ou d\u2019une requ\u00eate \u00eatre tenue de divulguer certaines donn\u00e9es, sur demande et dans la limite de ce qui est permis par la r\u00e9glementation.<\/li>\n<\/ul>\n<p>Certaines donn\u00e9es anonymis\u00e9es peuvent \u00eatre transmises \u00e0 des tiers sous une forme ne permettant plus l\u2019identification des personnes.<\/p>\n<p>&nbsp;<\/p>\n<h2>Stockage et s\u00e9curit\u00e9 des donn\u00e9es<\/h2>\n<p>La R\u00e9gion Bretagne r\u00e9alise l\u2019ensemble des traitements des donn\u00e9es \u00e0 caract\u00e8re personnel des donn\u00e9es personnelles li\u00e9es \u00e0 Bienvenue.bretagne.bzh sur le territoire de l\u2019Union Europ\u00e9enne (UE).<\/p>\n<p>La R\u00e9gion Bretagne s\u2019engage \u00e0 prendre toutes mesures afin d\u2019assurer la s\u00e9curit\u00e9 et la confidentialit\u00e9 des donn\u00e9es \u00e0 caract\u00e8re personnel de l\u2019usager et notamment \u00e0 emp\u00eacher qu\u2019elles ne soient endommag\u00e9es, effac\u00e9es ou que des tiers non autoris\u00e9s y aient acc\u00e8s.<\/p>\n<p>En cas d\u2019incident de s\u00e9curit\u00e9 entrainant, de mani\u00e8re accidentelle ou illicite, la destruction, la perte, l\u2019alt\u00e9ration, la divulgation et\/ou l\u2019acc\u00e8s non autoris\u00e9 aux donn\u00e9es \u00e0 caract\u00e8re personnel des usagers, la R\u00e9gion Bretagne s\u2019engage \u00e0 proc\u00e9der \u00e0 toute notification utile conform\u00e9ment \u00e0 la r\u00e8glementation sur la protection des donn\u00e9es personnelles.<\/p>\n<\/div>\n<\/section>\n\n\n<section class=\"block-accordeon\" style=\"background-color:white\">\n    <div class=\"page-faq\">\n        <div class=\"container\">\n                            <h2 class=\"sub-title font-JostBold pb-2 pb-lg-3\">Droits relatifs \u00e0 la protection des donn\u00e9es<\/h2>\n                                        <div class=\"text font-WorkSansLight py-2 py-lg-0\"><p>En application de la r\u00e8glementation sur la protection des donn\u00e9es personnelles, les usagers disposent, selon les cas, des droits suivants :<\/p>\n<\/div>\n                        <div class=\"pr-md-4\">\n                                    <div class=\"faq-accordion collapsed mt-4 px-4\" data-toggle=\"collapse\"\n                         href=\"#collapse-item-3-1\">1. Droit \u00e0 l&rsquo;information<\/div>\n\n                    <div id=\"collapse-item-3-1\" class=\"text font-WorkSansLight collapse p-3\">\n                        <div><p><span data-contrast=\"auto\">L\u2019usager est inform\u00e9 de fa\u00e7on claire, transparente, compr\u00e9hensible et ais\u00e9ment accessible sur la mani\u00e8re dont la R\u00e9gion Bretagne utilise ses donn\u00e9es \u00e0 caract\u00e8re personnel et sur ses droits, notamment gr\u00e2ce \u00e0 cette politique.<\/span><span data-ccp-props=\"{&quot;134245417&quot;:false,&quot;201341983&quot;:0,&quot;335551550&quot;:6,&quot;335551620&quot;:6,&quot;335559685&quot;:116,&quot;335559737&quot;:127,&quot;335559738&quot;:100,&quot;335559739&quot;:0,&quot;335559740&quot;:240}\">\u00a0<\/span><\/p>\n<\/div>\n                    <\/div>\n                                    <div class=\"faq-accordion collapsed mt-4 px-4\" data-toggle=\"collapse\"\n                         href=\"#collapse-item-3-2\">2. Droit d&rsquo;acc\u00e8s <\/div>\n\n                    <div id=\"collapse-item-3-2\" class=\"text font-WorkSansLight collapse p-3\">\n                        <div><p><span data-contrast=\"auto\">L\u2019usager peut avoir communication d\u2019une copie de ses donn\u00e9es \u00e0 caract\u00e8re personnel en t\u00e9l\u00e9chargeant un fichier via une fonctionnalit\u00e9 disponible sur le site.<\/span><span data-ccp-props=\"{&quot;134245417&quot;:false,&quot;201341983&quot;:0,&quot;335551550&quot;:6,&quot;335551620&quot;:6,&quot;335559685&quot;:116,&quot;335559737&quot;:127,&quot;335559738&quot;:100,&quot;335559739&quot;:0,&quot;335559740&quot;:240}\">\u00a0<\/span><\/p>\n<\/div>\n                    <\/div>\n                                    <div class=\"faq-accordion collapsed mt-4 px-4\" data-toggle=\"collapse\"\n                         href=\"#collapse-item-3-3\">3. Droit \u00e0 la portabilit\u00e9<\/div>\n\n                    <div id=\"collapse-item-3-3\" class=\"text font-WorkSansLight collapse p-3\">\n                        <div><p><span data-contrast=\"auto\">L\u2019usager peut recevoir les donn\u00e9es dans un format structur\u00e9, couramment utilis\u00e9 et lisible par machine, et a le droit de transmettre ces donn\u00e9es \u00e0 un autre responsable du traitement sans que la R\u00e9gion Bretagne puisse y faire obstacle. Ce droit ne porte que sur les donn\u00e9es que l\u2019usager a fournies, et sur la base du consentement ou de l\u2019ex\u00e9cution des conditions g\u00e9n\u00e9rales d\u2019utilisation du site.<\/span><span data-ccp-props=\"{&quot;134245417&quot;:false,&quot;201341983&quot;:0,&quot;335551550&quot;:6,&quot;335551620&quot;:6,&quot;335559685&quot;:116,&quot;335559737&quot;:127,&quot;335559738&quot;:100,&quot;335559739&quot;:0,&quot;335559740&quot;:240}\">\u00a0<\/span><\/p>\n<\/div>\n                    <\/div>\n                                    <div class=\"faq-accordion collapsed mt-4 px-4\" data-toggle=\"collapse\"\n                         href=\"#collapse-item-3-4\">4. Droit de retirer son consentement<\/div>\n\n                    <div id=\"collapse-item-3-4\" class=\"text font-WorkSansLight collapse p-3\">\n                        <div><p><span data-contrast=\"auto\">L\u2019usager peut indiquer \u00e0 la R\u00e9gion Bretagne qu\u2019il retire son consentement au traitement de ses donn\u00e9es personnelles (si le traitement est bas\u00e9 sur le consentement).<\/span><span data-ccp-props=\"{&quot;134245417&quot;:false,&quot;201341983&quot;:0,&quot;335551550&quot;:6,&quot;335551620&quot;:6,&quot;335559685&quot;:116,&quot;335559737&quot;:127,&quot;335559738&quot;:100,&quot;335559739&quot;:0,&quot;335559740&quot;:240}\">\u00a0<\/span><\/p>\n<\/div>\n                    <\/div>\n                                    <div class=\"faq-accordion collapsed mt-4 px-4\" data-toggle=\"collapse\"\n                         href=\"#collapse-item-3-5\">5. Droit de rectification<\/div>\n\n                    <div id=\"collapse-item-3-5\" class=\"text font-WorkSansLight collapse p-3\">\n                        <div><p><span data-contrast=\"auto\">L\u2019usager peut demander \u00e0 la R\u00e9gion Bretagne de rectifier ses donn\u00e9es \u00e0 caract\u00e8re personnel si elles sont inexactes ou p\u00e9rim\u00e9es ou de les compl\u00e9ter si elles sont incompl\u00e8tes, en modifiant directement ses donn\u00e9es sur l\u2019interface du site.<\/span><span data-ccp-props=\"{&quot;134245417&quot;:false,&quot;201341983&quot;:0,&quot;335551550&quot;:6,&quot;335551620&quot;:6,&quot;335559685&quot;:116,&quot;335559737&quot;:127,&quot;335559738&quot;:100,&quot;335559739&quot;:0,&quot;335559740&quot;:240}\">\u00a0<\/span><\/p>\n<\/div>\n                    <\/div>\n                                    <div class=\"faq-accordion collapsed mt-4 px-4\" data-toggle=\"collapse\"\n                         href=\"#collapse-item-3-6\">6. Droit d&rsquo;opposition<\/div>\n\n                    <div id=\"collapse-item-3-6\" class=\"text font-WorkSansLight collapse p-3\">\n                        <div><p><span data-contrast=\"auto\">L\u2019usager peut contacter la R\u00e9gion Bretagne pour lui faire part de son souhait de ne plus voir ses donn\u00e9es trait\u00e9es dans le cadre des finalit\u00e9s d\u00e9crites.<\/span><span data-ccp-props=\"{&quot;134245417&quot;:false,&quot;201341983&quot;:0,&quot;335551550&quot;:6,&quot;335551620&quot;:6,&quot;335559685&quot;:116,&quot;335559737&quot;:127,&quot;335559738&quot;:100,&quot;335559739&quot;:0,&quot;335559740&quot;:240}\">\u00a0<\/span><\/p>\n<\/div>\n                    <\/div>\n                                    <div class=\"faq-accordion collapsed mt-4 px-4\" data-toggle=\"collapse\"\n                         href=\"#collapse-item-3-7\">7. Droit \u00e0 l&rsquo;effacement<\/div>\n\n                    <div id=\"collapse-item-3-7\" class=\"text font-WorkSansLight collapse p-3\">\n                        <div><p><span data-contrast=\"auto\">L\u2019usager peut demander la suppression de ses donn\u00e9es \u00e0 caract\u00e8re personnel en contactant la R\u00e9gion Bretagne via l\u2019adresse suivante\u202f:\u00a0<a href=\"mailto:informatique-libertes@bretagne.bzh\">informatique-libertes@bretagne.bzh<\/a><\/span><span data-ccp-props=\"{&quot;134245417&quot;:false,&quot;201341983&quot;:0,&quot;335551550&quot;:6,&quot;335551620&quot;:6,&quot;335559685&quot;:116,&quot;335559737&quot;:127,&quot;335559738&quot;:100,&quot;335559739&quot;:0,&quot;335559740&quot;:240}\">\u00a0<\/span><\/p>\n<\/div>\n                    <\/div>\n                                    <div class=\"faq-accordion collapsed mt-4 px-4\" data-toggle=\"collapse\"\n                         href=\"#collapse-item-3-8\">8. Droit \u00e0 la limitation<\/div>\n\n                    <div id=\"collapse-item-3-8\" class=\"text font-WorkSansLight collapse p-3\">\n                        <div><p><span data-contrast=\"auto\">L\u2019usager peut demander la limitation des donn\u00e9es collect\u00e9es dans le cadre du traitement de ses donn\u00e9es \u00e0 caract\u00e8re personnel.<\/span><span data-ccp-props=\"{&quot;134245417&quot;:false,&quot;201341983&quot;:0,&quot;335551550&quot;:6,&quot;335551620&quot;:6,&quot;335559685&quot;:116,&quot;335559737&quot;:127,&quot;335559738&quot;:100,&quot;335559739&quot;:0,&quot;335559740&quot;:240}\">\u00a0<\/span><\/p>\n<\/div>\n                    <\/div>\n                                    <div class=\"faq-accordion collapsed mt-4 px-4\" data-toggle=\"collapse\"\n                         href=\"#collapse-item-3-9\">9. Droit d&rsquo;introduire une r\u00e9clamation<\/div>\n\n                    <div id=\"collapse-item-3-9\" class=\"text font-WorkSansLight collapse p-3\">\n                        <div><p>L\u2019usager a le droit de saisir et d\u2019introduire une r\u00e9clamation aupr\u00e8s de l\u2019autorit\u00e9 de protection des donn\u00e9es comp\u00e9tente au sein de son pays pour contester.<\/p>\n<\/div>\n                    <\/div>\n                \n            <\/div>\n        <\/div>\n    <\/div>\n<\/section>\n\n\n<section class=\"block-contenu pt-4\">\n    <div class=\"container text font-WorkSansLight\"><h3>Vous souhaitez exercer vos droits ?<\/h3>\n<p>Vous pouvez envoyer un courriel\u202f:<a href=\"mailto:informatique-libertes@bretagne.bzh\" target=\"_blank\" rel=\"noreferrer noopener\">\u00a0informatique-libertes@bretagne.bzh<\/a><\/p>\n<p>En cas de doute raisonnable sur l\u2019identit\u00e9 de l\u2019usager \u00e0 l\u2019origine de la demande, la R\u00e9gion Bretagne se r\u00e9serve le droit de lui demander des informations ou documents suppl\u00e9mentaires afin de v\u00e9rifier son identit\u00e9. La R\u00e9gion Bretagne s\u2019engage \u00e0 r\u00e9pondre aux demandes d\u2019exercice de droits dans les meilleurs d\u00e9lais et en tout \u00e9tat de cause dans le respect des d\u00e9lais l\u00e9gaux.<\/p>\n<\/div>\n<\/section>","protected":false},"excerpt":{"rendered":"","protected":false},"author":6,"featured_media":0,"parent":0,"menu_order":27,"comment_status":"closed","ping_status":"closed","template":"","meta":{"_acf_changed":false,"inline_featured_image":false,"footnotes":""},"class_list":["post-3162","page","type-page","status-publish","hentry"],"acf":[],"yoast_head":"<!-- This site is optimized with the Yoast SEO plugin v26.0 - https:\/\/yoast.com\/wordpress\/plugins\/seo\/ -->\n<title>Politique de confidentialit\u00e9 &#183; BIENVEN\u00dcE<\/title>\n<meta name=\"robots\" content=\"index, follow, max-snippet:-1, max-image-preview:large, max-video-preview:-1\" \/>\n<link rel=\"canonical\" href=\"https:\/\/msca-bienvenue.bretagne.bzh\/fr\/cookies-management-policy\/\" \/>\n<meta property=\"og:locale\" content=\"fr_FR\" \/>\n<meta property=\"og:type\" content=\"article\" \/>\n<meta property=\"og:title\" content=\"Politique de confidentialit\u00e9 &#183; BIENVEN\u00dcE\" \/>\n<meta property=\"og:url\" content=\"https:\/\/msca-bienvenue.bretagne.bzh\/fr\/cookies-management-policy\/\" \/>\n<meta property=\"og:site_name\" content=\"BIENVEN\u00dcE\" \/>\n<meta property=\"article:modified_time\" content=\"2025-02-17T13:11:27+00:00\" \/>\n<meta name=\"twitter:card\" content=\"summary_large_image\" \/>\n<script type=\"application\/ld+json\" class=\"yoast-schema-graph\">{\"@context\":\"https:\/\/schema.org\",\"@graph\":[{\"@type\":\"WebPage\",\"@id\":\"https:\/\/msca-bienvenue.bretagne.bzh\/fr\/cookies-management-policy\/\",\"url\":\"https:\/\/msca-bienvenue.bretagne.bzh\/fr\/cookies-management-policy\/\",\"name\":\"Politique de confidentialit\u00e9 &#183; BIENVEN\u00dcE\",\"isPartOf\":{\"@id\":\"https:\/\/msca-bienvenue.bretagne.bzh\/#website\"},\"datePublished\":\"2022-11-15T09:17:37+00:00\",\"dateModified\":\"2025-02-17T13:11:27+00:00\",\"breadcrumb\":{\"@id\":\"https:\/\/msca-bienvenue.bretagne.bzh\/fr\/cookies-management-policy\/#breadcrumb\"},\"inLanguage\":\"fr-FR\",\"potentialAction\":[{\"@type\":\"ReadAction\",\"target\":[\"https:\/\/msca-bienvenue.bretagne.bzh\/fr\/cookies-management-policy\/\"]}]},{\"@type\":\"BreadcrumbList\",\"@id\":\"https:\/\/msca-bienvenue.bretagne.bzh\/fr\/cookies-management-policy\/#breadcrumb\",\"itemListElement\":[{\"@type\":\"ListItem\",\"position\":1,\"name\":\"Home\",\"item\":\"https:\/\/bienvenue.bretagne.bzh\/fr\/\"},{\"@type\":\"ListItem\",\"position\":2,\"name\":\"Politique de confidentialit\u00e9\"}]},{\"@type\":\"WebSite\",\"@id\":\"https:\/\/msca-bienvenue.bretagne.bzh\/#website\",\"url\":\"https:\/\/msca-bienvenue.bretagne.bzh\/\",\"name\":\"BIENVEN\u00dcE\",\"description\":\"Welcoming talented international post-docs in Brittany.\",\"potentialAction\":[{\"@type\":\"SearchAction\",\"target\":{\"@type\":\"EntryPoint\",\"urlTemplate\":\"https:\/\/msca-bienvenue.bretagne.bzh\/?s={search_term_string}\"},\"query-input\":{\"@type\":\"PropertyValueSpecification\",\"valueRequired\":true,\"valueName\":\"search_term_string\"}}],\"inLanguage\":\"fr-FR\"}]}<\/script>\n<!-- \/ Yoast SEO plugin. -->","yoast_head_json":{"title":"Politique de confidentialit\u00e9 &#183; BIENVEN\u00dcE","robots":{"index":"index","follow":"follow","max-snippet":"max-snippet:-1","max-image-preview":"max-image-preview:large","max-video-preview":"max-video-preview:-1"},"canonical":"https:\/\/msca-bienvenue.bretagne.bzh\/fr\/cookies-management-policy\/","og_locale":"fr_FR","og_type":"article","og_title":"Politique de confidentialit\u00e9 &#183; BIENVEN\u00dcE","og_url":"https:\/\/msca-bienvenue.bretagne.bzh\/fr\/cookies-management-policy\/","og_site_name":"BIENVEN\u00dcE","article_modified_time":"2025-02-17T13:11:27+00:00","twitter_card":"summary_large_image","schema":{"@context":"https:\/\/schema.org","@graph":[{"@type":"WebPage","@id":"https:\/\/msca-bienvenue.bretagne.bzh\/fr\/cookies-management-policy\/","url":"https:\/\/msca-bienvenue.bretagne.bzh\/fr\/cookies-management-policy\/","name":"Politique de confidentialit\u00e9 &#183; BIENVEN\u00dcE","isPartOf":{"@id":"https:\/\/msca-bienvenue.bretagne.bzh\/#website"},"datePublished":"2022-11-15T09:17:37+00:00","dateModified":"2025-02-17T13:11:27+00:00","breadcrumb":{"@id":"https:\/\/msca-bienvenue.bretagne.bzh\/fr\/cookies-management-policy\/#breadcrumb"},"inLanguage":"fr-FR","potentialAction":[{"@type":"ReadAction","target":["https:\/\/msca-bienvenue.bretagne.bzh\/fr\/cookies-management-policy\/"]}]},{"@type":"BreadcrumbList","@id":"https:\/\/msca-bienvenue.bretagne.bzh\/fr\/cookies-management-policy\/#breadcrumb","itemListElement":[{"@type":"ListItem","position":1,"name":"Home","item":"https:\/\/bienvenue.bretagne.bzh\/fr\/"},{"@type":"ListItem","position":2,"name":"Politique de confidentialit\u00e9"}]},{"@type":"WebSite","@id":"https:\/\/msca-bienvenue.bretagne.bzh\/#website","url":"https:\/\/msca-bienvenue.bretagne.bzh\/","name":"BIENVEN\u00dcE","description":"Welcoming talented international post-docs in Brittany.","potentialAction":[{"@type":"SearchAction","target":{"@type":"EntryPoint","urlTemplate":"https:\/\/msca-bienvenue.bretagne.bzh\/?s={search_term_string}"},"query-input":{"@type":"PropertyValueSpecification","valueRequired":true,"valueName":"search_term_string"}}],"inLanguage":"fr-FR"}]}},"_links":{"self":[{"href":"https:\/\/bienvenue.bretagne.bzh\/fr\/wp-json\/wp\/v2\/pages\/3162","targetHints":{"allow":["GET"]}}],"collection":[{"href":"https:\/\/bienvenue.bretagne.bzh\/fr\/wp-json\/wp\/v2\/pages"}],"about":[{"href":"https:\/\/bienvenue.bretagne.bzh\/fr\/wp-json\/wp\/v2\/types\/page"}],"author":[{"embeddable":true,"href":"https:\/\/bienvenue.bretagne.bzh\/fr\/wp-json\/wp\/v2\/users\/6"}],"replies":[{"embeddable":true,"href":"https:\/\/bienvenue.bretagne.bzh\/fr\/wp-json\/wp\/v2\/comments?post=3162"}],"version-history":[{"count":3,"href":"https:\/\/bienvenue.bretagne.bzh\/fr\/wp-json\/wp\/v2\/pages\/3162\/revisions"}],"predecessor-version":[{"id":4244,"href":"https:\/\/bienvenue.bretagne.bzh\/fr\/wp-json\/wp\/v2\/pages\/3162\/revisions\/4244"}],"wp:attachment":[{"href":"https:\/\/bienvenue.bretagne.bzh\/fr\/wp-json\/wp\/v2\/media?parent=3162"}],"curies":[{"name":"wp","href":"https:\/\/api.w.org\/{rel}","templated":true}]}}