{"id":2901,"date":"2022-08-19T17:15:46","date_gmt":"2022-08-19T15:15:46","guid":{"rendered":"https:\/\/bienvenue.bretagne.bzh\/?page_id=2901"},"modified":"2023-09-19T15:04:16","modified_gmt":"2023-09-19T13:04:16","slug":"institutions-partenaires","status":"publish","type":"page","link":"https:\/\/bienvenue.bretagne.bzh\/fr\/institutions-partenaires\/","title":{"rendered":"Institutions partenaires"},"content":{"rendered":"<section class=\"bloc-header page-header\">\n    <div class=\"bg-header bg-header-1 d-flex flex-column justify-content-end\"\n        style=\"background-image: url('https:\/\/bienvenue.bretagne.bzh\/app\/uploads\/2021\/01\/antoine-paboeuf-s4wq87yH_68-unsplash-scaled.jpg'); background-position: center\">\n        <div class=\"container px-4 px-lg-5\">\n            <div class=\"info-header\">\n                                <h1 class=\"title color-white font-JostSemiBold pb-3\"><span class=\"htitle  \" style=\"background-color: transparent;color:#ffffff\">Institutions partenaires<\/span><\/h1>\n                <div class=\"text color-white font-WorkSansLight\">\n                    Des \u00e9quipes de recherche de niveau mondial, de nombreuses collaborations internationales. Vous trouverez en Bretagne un environnement stimulant pour construire la prochaine \u00e9tape de votre carri\u00e8re. D\u00e9couvrez ici les domaines d&rsquo;excellence des <strong>institutions partenaires du programme BIENVEN\u00dcE<\/strong>.\n                <\/div>\n            <\/div>\n        <\/div>\n        <div class=\"bg-filter\"><\/div>\n\n        <div>\n            <img decoding=\"async\" class=\"logo-arrow\" src=\"\/app\/themes\/msca-bienvenue\/src\/img\/picto\/arrow@3x.png\" alt=\"logo-arrow\">\n        <\/div>\n\n<\/section>\n\n\n<section class=\"block-image-text\" style=\"background-color: white\">\n    <div class=\"row mx-0 bloc-row\">\n        <div class=\"image d-none d-lg-block col-12 col-lg-6 order-2 order-lg-1 mx-auto mx-lg-0 mt-4 mt-lg-0 px-0\"\n            style=\"background-image: url(https:\/\/bienvenue.bretagne.bzh\/app\/uploads\/2021\/01\/AgroCampus-Ouest-scaled.jpeg); background-position: center \">\n        <\/div>\n\n        <div class=\"info d-table col-12 col-lg-6 order-1 order-lg-2 py-4 m-auto\">\n                            <div class=\"col-3 mb-2 px-1\">\n                    <img decoding=\"async\" width=\"110px\" src=\"https:\/\/bienvenue.bretagne.bzh\/app\/uploads\/2022\/04\/INSTITUT_AGRO_Rennes-Angers_CMJN_png.png\">\n                <\/div>\n                        <h2 class=\"sub-title font-JostBold\">L&rsquo;Institut Agro Rennes-Angers<\/h2>\n                        <div class=\"text font-WorkSansLight pt-2\"><p>L&rsquo;Institut Agro Rennes-Angers est sp\u00e9cialis\u00e9 dans les <strong>sciences et technologies du vivant et de l&rsquo;environnement<\/strong>. Ses \u00e9quipes abordent les enjeux contemporains du monde agricole : am\u00e9lioration de l&rsquo;approvisionnement alimentaire et gestion durable des ressources et des territoires.<\/p>\n <\/div>\n                                                    <div class=\"mt-5 mb-4\">\n                    <a class=\"cta\"\n                        href=\"https:\/\/bienvenue.bretagne.bzh\/fr\/institutions-partenaires\/linstitut-agro-rennes-angers\/\">See more<\/a>\n                <\/div>\n                    <\/div>\n\n    <\/div>\n<\/section>\n\n\n<section class=\"block-image-text\" style=\"background-color: white\">\n    <div class=\"row mx-0 bloc-row\">\n        <div class=\"image d-none d-lg-block col-12 col-lg-6 order-2 order-lg-2 mx-auto mx-lg-0 mt-4 mt-lg-0 px-0\"\n            style=\"background-image: url(https:\/\/bienvenue.bretagne.bzh\/app\/uploads\/2021\/01\/00030850-scaled.jpg); background-position: center \">\n        <\/div>\n\n        <div class=\"info d-table col-12 col-lg-6 order-1 order-lg-1 py-4 m-auto\">\n                            <div class=\"col-3 mb-2 px-1\">\n                    <img decoding=\"async\" width=\"110px\" src=\"https:\/\/bienvenue.bretagne.bzh\/app\/uploads\/2020\/12\/IMT_Atlantique_logo.png\">\n                <\/div>\n                        <h2 class=\"sub-title font-JostBold\">IMT Atlantique<\/h2>\n                        <div class=\"text font-WorkSansLight pt-2\"><p>D\u00e9di\u00e9 aux transitions cl\u00e9s dans le monde du num\u00e9rique (industrie, \u00e9nergie, environnement et \u00e9ducation), IMT est l&rsquo;un des instituts de recherche en ing\u00e9nierie les plus importants de France.<\/p>\n <\/div>\n                                                    <div class=\"mt-5 mb-4\">\n                    <a class=\"cta\"\n                        href=\"https:\/\/bienvenue.bretagne.bzh\/fr\/institutions-partenaires\/imt-atlantique\/\">See more<\/a>\n                <\/div>\n                    <\/div>\n\n    <\/div>\n<\/section>\n\n\n<section class=\"block-image-text\" style=\"background-color: white\">\n    <div class=\"row mx-0 bloc-row\">\n        <div class=\"image d-none d-lg-block col-12 col-lg-6 order-2 order-lg-1 mx-auto mx-lg-0 mt-4 mt-lg-0 px-0\"\n            style=\"background-image: url(https:\/\/bienvenue.bretagne.bzh\/app\/uploads\/2021\/01\/Inria-0255-456-scaled.jpg); background-position: center \">\n        <\/div>\n\n        <div class=\"info d-table col-12 col-lg-6 order-1 order-lg-2 py-4 m-auto\">\n                            <div class=\"col-3 mb-2 px-1\">\n                    <img decoding=\"async\" width=\"110px\" src=\"https:\/\/bienvenue.bretagne.bzh\/app\/uploads\/2020\/12\/Groupe-defilant-2@3x.png\">\n                <\/div>\n                        <h2 class=\"sub-title font-JostBold\">Inria<\/h2>\n                        <div class=\"text font-WorkSansLight pt-2\"><p>Inria est l&rsquo;institut de recherche fran\u00e7ais d\u00e9di\u00e9 au num\u00e9rique. Implant\u00e9 en Bretagne depuis 1980, Inria joue un r\u00f4le important dans le syst\u00e8me d&rsquo;innovation.<\/p>\n <\/div>\n                                                    <div class=\"mt-5 mb-4\">\n                    <a class=\"cta\"\n                        href=\"https:\/\/bienvenue.bretagne.bzh\/fr\/institutions-partenaires\/inria\/\">See more<\/a>\n                <\/div>\n                    <\/div>\n\n    <\/div>\n<\/section>\n\n\n<section class=\"block-image-text\" style=\"background-color: white\">\n    <div class=\"row mx-0 bloc-row\">\n        <div class=\"image d-none d-lg-block col-12 col-lg-6 order-2 order-lg-2 mx-auto mx-lg-0 mt-4 mt-lg-0 px-0\"\n            style=\"background-image: url(https:\/\/bienvenue.bretagne.bzh\/app\/uploads\/2021\/01\/Universite-Bretagne-Occidentale-scaled.jpeg); background-position: center \">\n        <\/div>\n\n        <div class=\"info d-table col-12 col-lg-6 order-1 order-lg-1 py-4 m-auto\">\n                            <div class=\"col-3 mb-2 px-1\">\n                    <img decoding=\"async\" width=\"110px\" src=\"https:\/\/bienvenue.bretagne.bzh\/app\/uploads\/2021\/01\/Logo-UBO-Hor-Noir-vecto.png\">\n                <\/div>\n                        <h2 class=\"sub-title font-JostBold\">Universit\u00e9 de Bretagne Occidentale<\/h2>\n                        <div class=\"text font-WorkSansLight pt-2\"><p>Cr\u00e9\u00e9e en 1971, l&rsquo;Universit\u00e9 de Bretagne Occidentale est une <strong>universit\u00e9 multi-disciplinaire<\/strong> situ\u00e9e sur la pointe nord ouest de la Bretagne. Ses laboratoires sont mondialement reconnus en <strong>oc\u00e9anographie et en sciences de l&rsquo;atmosph\u00e8re.<\/strong><\/p>\n <\/div>\n                                                    <div class=\"mt-5 mb-4\">\n                    <a class=\"cta\"\n                        href=\"https:\/\/bienvenue.bretagne.bzh\/fr\/institutions-partenaires\/universite-de-bretagne-occidentale\/\">See more<\/a>\n                <\/div>\n                    <\/div>\n\n    <\/div>\n<\/section>\n\n\n<section class=\"block-image-text\" style=\"background-color: white\">\n    <div class=\"row mx-0 bloc-row\">\n        <div class=\"image d-none d-lg-block col-12 col-lg-6 order-2 order-lg-1 mx-auto mx-lg-0 mt-4 mt-lg-0 px-0\"\n            style=\"background-image: url(https:\/\/bienvenue.bretagne.bzh\/app\/uploads\/2021\/01\/centre-de-recherche-UBS.jpg); background-position: center \">\n        <\/div>\n\n        <div class=\"info d-table col-12 col-lg-6 order-1 order-lg-2 py-4 m-auto\">\n                            <div class=\"col-3 mb-2 px-1\">\n                    <img decoding=\"async\" width=\"110px\" src=\"https:\/\/bienvenue.bretagne.bzh\/app\/uploads\/2020\/12\/logo_ubs@3x.png\">\n                <\/div>\n                        <h2 class=\"sub-title font-JostBold\">Universit\u00e9 de Bretagne-Sud<\/h2>\n                        <div class=\"text font-WorkSansLight pt-2\"><p>Cr\u00e9\u00e9e en 1995, l&rsquo;Universit\u00e9 de Bretagne-Sud est l&rsquo;une des plus jeunes universit\u00e9s fran\u00e7aises. Ses \u00e9quipes de recherche travaillent sur la<strong> cybers\u00e9curit\u00e9, l&rsquo;industrie du futur, les interactions homme et mer, la sant\u00e9, l&rsquo;environnement et le handicap.<\/strong><\/p>\n <\/div>\n                                                    <div class=\"mt-5 mb-4\">\n                    <a class=\"cta\"\n                        href=\"https:\/\/bienvenue.bretagne.bzh\/fr\/institutions-partenaires\/universite-de-bretagne-sud\/\">See more<\/a>\n                <\/div>\n                    <\/div>\n\n    <\/div>\n<\/section>\n\n\n<section class=\"block-image-text\" style=\"background-color: white\">\n    <div class=\"row mx-0 bloc-row\">\n        <div class=\"image d-none d-lg-block col-12 col-lg-6 order-2 order-lg-2 mx-auto mx-lg-0 mt-4 mt-lg-0 px-0\"\n            style=\"background-image: url(https:\/\/bienvenue.bretagne.bzh\/app\/uploads\/2021\/01\/Universite-Rennes-1-P1010628-scaled.jpg); background-position: center \">\n        <\/div>\n\n        <div class=\"info d-table col-12 col-lg-6 order-1 order-lg-1 py-4 m-auto\">\n                            <div class=\"col-3 mb-2 px-1\">\n                    <img decoding=\"async\" width=\"110px\" src=\"https:\/\/bienvenue.bretagne.bzh\/app\/uploads\/2021\/01\/Logo-UR1-gris.png\">\n                <\/div>\n                        <h2 class=\"sub-title font-JostBold\">Universit\u00e9 de Rennes 1<\/h2>\n                        <div class=\"text font-WorkSansLight pt-2\"><p>L&rsquo;Universit\u00e9 de Rennes 1 est la plus grande universit\u00e9 de Bretagne. Ses chercheur\u00b7se\u00b7s sont mondialement reconnu\u00b7e\u00b7s en <strong>hydrologie, math\u00e9matiques, sciences des t\u00e9l\u00e9communications, sciences de la terre et les biotechnologies.<\/strong><\/p>\n <\/div>\n                                                    <div class=\"mt-5 mb-4\">\n                    <a class=\"cta\"\n                        href=\"https:\/\/bienvenue.bretagne.bzh\/fr\/institutions-partenaires\/universite-de-rennes-1\/\">See more<\/a>\n                <\/div>\n                    <\/div>\n\n    <\/div>\n<\/section>\n\n\n<section class=\"block-image-text\" style=\"background-color: white\">\n    <div class=\"row mx-0 bloc-row\">\n        <div class=\"image d-none d-lg-block col-12 col-lg-6 order-2 order-lg-1 mx-auto mx-lg-0 mt-4 mt-lg-0 px-0\"\n            style=\"background-image: url(https:\/\/bienvenue.bretagne.bzh\/app\/uploads\/2021\/01\/Universite-Rennes2-DSC_5953-scaled.jpg); background-position: center \">\n        <\/div>\n\n        <div class=\"info d-table col-12 col-lg-6 order-1 order-lg-2 py-4 m-auto\">\n                            <div class=\"col-3 mb-2 px-1\">\n                    <img decoding=\"async\" width=\"110px\" src=\"https:\/\/bienvenue.bretagne.bzh\/app\/uploads\/2021\/01\/Logo-UR2-Noir.png\">\n                <\/div>\n                        <h2 class=\"sub-title font-JostBold\">Universit\u00e9 Rennes 2<\/h2>\n                        <div class=\"text font-WorkSansLight pt-2\"><p>The Universit\u00e9 Rennes 2 is the leading Human and Social Sciences (HSS) university in western France. Besides <strong>thematical research<\/strong> areas, UR2 focuses on transversal themes such as body, gender and violence; culture of books; reflection on the value and impact of HSS and digital humanities. <\/p>\n<p>L&rsquo;Universit\u00e9 Rennes 2 est une importante universit\u00e9 en sciences humaines et sociales de l&rsquo;Ouest de la France. Au-del\u00e0 des recherches disciplinaires, les chercheur\u00b7se\u00b7s travaillent sur des axes transversaux : corps, genre et violence, culture du livre, r\u00e9flexion de l&rsquo;impact des sciences humaines et sociales et des humanit\u00e9s num\u00e9riques.<\/p>\n <\/div>\n                                                    <div class=\"mt-5 mb-4\">\n                    <a class=\"cta\"\n                        href=\"https:\/\/bienvenue.bretagne.bzh\/fr\/institutions-partenaires\/universite-rennes-2\/\">See more<\/a>\n                <\/div>\n                    <\/div>\n\n    <\/div>\n<\/section>\n\n\n<section class=\"block-image-text\" style=\"background-color: white\">\n    <div class=\"row mx-0 bloc-row\">\n        <div class=\"image d-none d-lg-block col-12 col-lg-6 order-2 order-lg-2 mx-auto mx-lg-0 mt-4 mt-lg-0 px-0\"\n            style=\"background-image: url(https:\/\/bienvenue.bretagne.bzh\/app\/uploads\/2021\/01\/Maritime_Economy-Station_Bio_Roscoff-scaled.jpeg); background-position: center \">\n        <\/div>\n\n        <div class=\"info d-table col-12 col-lg-6 order-1 order-lg-1 py-4 m-auto\">\n                            <div class=\"col-3 mb-2 px-1\">\n                    <img decoding=\"async\" width=\"110px\" src=\"https:\/\/bienvenue.bretagne.bzh\/app\/uploads\/2020\/12\/sorbone@3x.png\">\n                <\/div>\n                        <h2 class=\"sub-title font-JostBold\">Station Biologique de Roscoff<\/h2>\n                        <div class=\"text font-WorkSansLight pt-2\"><p>Fond\u00e9e en 1872, la Station Biologique de Roscoff est un centre de recherche et d&rsquo;enseignement sup\u00e9rieur reconnu en <strong>biologie et \u00e9cologie marines<\/strong>, sous la tutelle du CNRS et de Sorbonne Universit\u00e9.<\/p>\n <\/div>\n                                                    <div class=\"mt-5 mb-4\">\n                    <a class=\"cta\"\n                        href=\"https:\/\/bienvenue.bretagne.bzh\/fr\/institutions-partenaires\/station-biologique-roscoff\/\">See more<\/a>\n                <\/div>\n                    <\/div>\n\n    <\/div>\n<\/section>","protected":false},"excerpt":{"rendered":"","protected":false},"author":6,"featured_media":0,"parent":0,"menu_order":53,"comment_status":"closed","ping_status":"closed","template":"","meta":{"_acf_changed":false,"inline_featured_image":false,"footnotes":""},"class_list":["post-2901","page","type-page","status-publish","hentry"],"acf":[],"yoast_head":"<!-- This site is optimized with the Yoast SEO plugin v26.0 - https:\/\/yoast.com\/wordpress\/plugins\/seo\/ -->\n<title>Institutions partenaires &#183; BIENVEN\u00dcE<\/title>\n<meta name=\"robots\" content=\"index, follow, max-snippet:-1, max-image-preview:large, max-video-preview:-1\" \/>\n<link rel=\"canonical\" href=\"https:\/\/msca-bienvenue.bretagne.bzh\/fr\/institutions-partenaires\/\" \/>\n<meta property=\"og:locale\" content=\"fr_FR\" \/>\n<meta property=\"og:type\" content=\"article\" \/>\n<meta property=\"og:title\" content=\"Institutions partenaires &#183; BIENVEN\u00dcE\" \/>\n<meta property=\"og:url\" content=\"https:\/\/msca-bienvenue.bretagne.bzh\/fr\/institutions-partenaires\/\" \/>\n<meta property=\"og:site_name\" content=\"BIENVEN\u00dcE\" \/>\n<meta property=\"article:modified_time\" content=\"2023-09-19T13:04:16+00:00\" \/>\n<meta name=\"twitter:card\" content=\"summary_large_image\" \/>\n<script type=\"application\/ld+json\" class=\"yoast-schema-graph\">{\"@context\":\"https:\/\/schema.org\",\"@graph\":[{\"@type\":\"WebPage\",\"@id\":\"https:\/\/msca-bienvenue.bretagne.bzh\/fr\/institutions-partenaires\/\",\"url\":\"https:\/\/msca-bienvenue.bretagne.bzh\/fr\/institutions-partenaires\/\",\"name\":\"Institutions partenaires &#183; BIENVEN\u00dcE\",\"isPartOf\":{\"@id\":\"https:\/\/msca-bienvenue.bretagne.bzh\/#website\"},\"datePublished\":\"2022-08-19T15:15:46+00:00\",\"dateModified\":\"2023-09-19T13:04:16+00:00\",\"breadcrumb\":{\"@id\":\"https:\/\/msca-bienvenue.bretagne.bzh\/fr\/institutions-partenaires\/#breadcrumb\"},\"inLanguage\":\"fr-FR\",\"potentialAction\":[{\"@type\":\"ReadAction\",\"target\":[\"https:\/\/msca-bienvenue.bretagne.bzh\/fr\/institutions-partenaires\/\"]}]},{\"@type\":\"BreadcrumbList\",\"@id\":\"https:\/\/msca-bienvenue.bretagne.bzh\/fr\/institutions-partenaires\/#breadcrumb\",\"itemListElement\":[{\"@type\":\"ListItem\",\"position\":1,\"name\":\"Home\",\"item\":\"https:\/\/bienvenue.bretagne.bzh\/fr\/\"},{\"@type\":\"ListItem\",\"position\":2,\"name\":\"Institutions partenaires\"}]},{\"@type\":\"WebSite\",\"@id\":\"https:\/\/msca-bienvenue.bretagne.bzh\/#website\",\"url\":\"https:\/\/msca-bienvenue.bretagne.bzh\/\",\"name\":\"BIENVEN\u00dcE\",\"description\":\"Welcoming talented international post-docs in Brittany.\",\"potentialAction\":[{\"@type\":\"SearchAction\",\"target\":{\"@type\":\"EntryPoint\",\"urlTemplate\":\"https:\/\/msca-bienvenue.bretagne.bzh\/?s={search_term_string}\"},\"query-input\":{\"@type\":\"PropertyValueSpecification\",\"valueRequired\":true,\"valueName\":\"search_term_string\"}}],\"inLanguage\":\"fr-FR\"}]}<\/script>\n<!-- \/ Yoast SEO plugin. -->","yoast_head_json":{"title":"Institutions partenaires &#183; BIENVEN\u00dcE","robots":{"index":"index","follow":"follow","max-snippet":"max-snippet:-1","max-image-preview":"max-image-preview:large","max-video-preview":"max-video-preview:-1"},"canonical":"https:\/\/msca-bienvenue.bretagne.bzh\/fr\/institutions-partenaires\/","og_locale":"fr_FR","og_type":"article","og_title":"Institutions partenaires &#183; BIENVEN\u00dcE","og_url":"https:\/\/msca-bienvenue.bretagne.bzh\/fr\/institutions-partenaires\/","og_site_name":"BIENVEN\u00dcE","article_modified_time":"2023-09-19T13:04:16+00:00","twitter_card":"summary_large_image","schema":{"@context":"https:\/\/schema.org","@graph":[{"@type":"WebPage","@id":"https:\/\/msca-bienvenue.bretagne.bzh\/fr\/institutions-partenaires\/","url":"https:\/\/msca-bienvenue.bretagne.bzh\/fr\/institutions-partenaires\/","name":"Institutions partenaires &#183; BIENVEN\u00dcE","isPartOf":{"@id":"https:\/\/msca-bienvenue.bretagne.bzh\/#website"},"datePublished":"2022-08-19T15:15:46+00:00","dateModified":"2023-09-19T13:04:16+00:00","breadcrumb":{"@id":"https:\/\/msca-bienvenue.bretagne.bzh\/fr\/institutions-partenaires\/#breadcrumb"},"inLanguage":"fr-FR","potentialAction":[{"@type":"ReadAction","target":["https:\/\/msca-bienvenue.bretagne.bzh\/fr\/institutions-partenaires\/"]}]},{"@type":"BreadcrumbList","@id":"https:\/\/msca-bienvenue.bretagne.bzh\/fr\/institutions-partenaires\/#breadcrumb","itemListElement":[{"@type":"ListItem","position":1,"name":"Home","item":"https:\/\/bienvenue.bretagne.bzh\/fr\/"},{"@type":"ListItem","position":2,"name":"Institutions partenaires"}]},{"@type":"WebSite","@id":"https:\/\/msca-bienvenue.bretagne.bzh\/#website","url":"https:\/\/msca-bienvenue.bretagne.bzh\/","name":"BIENVEN\u00dcE","description":"Welcoming talented international post-docs in Brittany.","potentialAction":[{"@type":"SearchAction","target":{"@type":"EntryPoint","urlTemplate":"https:\/\/msca-bienvenue.bretagne.bzh\/?s={search_term_string}"},"query-input":{"@type":"PropertyValueSpecification","valueRequired":true,"valueName":"search_term_string"}}],"inLanguage":"fr-FR"}]}},"_links":{"self":[{"href":"https:\/\/bienvenue.bretagne.bzh\/fr\/wp-json\/wp\/v2\/pages\/2901","targetHints":{"allow":["GET"]}}],"collection":[{"href":"https:\/\/bienvenue.bretagne.bzh\/fr\/wp-json\/wp\/v2\/pages"}],"about":[{"href":"https:\/\/bienvenue.bretagne.bzh\/fr\/wp-json\/wp\/v2\/types\/page"}],"author":[{"embeddable":true,"href":"https:\/\/bienvenue.bretagne.bzh\/fr\/wp-json\/wp\/v2\/users\/6"}],"replies":[{"embeddable":true,"href":"https:\/\/bienvenue.bretagne.bzh\/fr\/wp-json\/wp\/v2\/comments?post=2901"}],"version-history":[{"count":11,"href":"https:\/\/bienvenue.bretagne.bzh\/fr\/wp-json\/wp\/v2\/pages\/2901\/revisions"}],"predecessor-version":[{"id":3427,"href":"https:\/\/bienvenue.bretagne.bzh\/fr\/wp-json\/wp\/v2\/pages\/2901\/revisions\/3427"}],"wp:attachment":[{"href":"https:\/\/bienvenue.bretagne.bzh\/fr\/wp-json\/wp\/v2\/media?parent=2901"}],"curies":[{"name":"wp","href":"https:\/\/api.w.org\/{rel}","templated":true}]}}