{"id":2886,"date":"2022-08-19T15:35:20","date_gmt":"2022-08-19T13:35:20","guid":{"rendered":"https:\/\/bienvenue.bretagne.bzh\/?page_id=2886"},"modified":"2022-08-19T15:35:20","modified_gmt":"2022-08-19T13:35:20","slug":"universite-rennes-2","status":"publish","type":"page","link":"https:\/\/bienvenue.bretagne.bzh\/fr\/institutions-partenaires\/universite-rennes-2\/","title":{"rendered":"Universit\u00e9 Rennes 2"},"content":{"rendered":"<section class=\"bloc-header page-header\">\n    <div class=\"bg-header bg-header-1 d-flex flex-column justify-content-end\"\n        style=\"background-image: url('https:\/\/bienvenue.bretagne.bzh\/app\/uploads\/2021\/01\/UR2-DSC_4269-scaled.jpg'); background-position: center\">\n        <div class=\"container px-4 px-lg-5\">\n            <div class=\"info-header\">\n                                    <div><img decoding=\"async\" class=\"logo-img logo-defaut\"                                  src=\"https:\/\/bienvenue.bretagne.bzh\/app\/uploads\/2021\/01\/Logo-UR2-Blanc.png\">\n                    <\/div>\n                                <h1 class=\"title color-white font-JostSemiBold pb-3\"><span class=\"htitle  \" style=\"background-color: transparent;color:white\">Universit\u00e9 Rennes 2<\/span><\/h1>\n                <div class=\"text color-white font-WorkSansLight\">\n                    D\u00e9di\u00e9e aux arts, aux sciences humaines et sociales, l&rsquo;Universit\u00e9 Rennes 2 accueille plus de 24 000 \u00e9tudiants dans la capitale bretonne.\n                <\/div>\n            <\/div>\n        <\/div>\n        <div class=\"bg-filter\"><\/div>\n\n        <div>\n            <img decoding=\"async\" class=\"logo-arrow\" src=\"\/app\/themes\/msca-bienvenue\/src\/img\/picto\/arrow@3x.png\" alt=\"logo-arrow\">\n        <\/div>\n\n<\/section>\n\n\n<section class=\"block-contenu pt-4\">\n    <div class=\"container text font-WorkSansLight\"><p>Cr\u00e9\u00e9e en 1969, l&rsquo;Universit\u00e9 Rennes 2 est une universit\u00e9 de pointe en sciences humaines et sociales dans l&rsquo;Ouest de la France. Sa politique de recherche est centr\u00e9e autour du respect des valeurs humanistes et du soutien \u00e0 la recherche en arts, langues et en sciences humaines, dans un monde en \u00e9volution sociale et technologique.<\/p>\n<p>Organis\u00e9e en 21 laboratoires, l&rsquo;Universit\u00e9 a pour principales disciplines :<\/p>\n<ul>\n<li>G\u00e9ographie physique et sociale<\/li>\n<li>Science du sport<\/li>\n<li>Histoire<\/li>\n<li>Arts<\/li>\n<li>Arch\u00e9ologie et litt\u00e9rature<\/li>\n<li>Psychologie<\/li>\n<li>Sciences de l&rsquo;\u00e9ducation<\/li>\n<li>D\u00e9veloppement durable<\/li>\n<\/ul>\n<p>Par ailleurs, l&rsquo;Universit\u00e9 a d\u00e9velopp\u00e9 plusieurs axes transversaux: corps, genre et violence; culture du livre; r\u00e9flexion sur la valeur et l&rsquo;impact des sciences humaines et sociales, humanit\u00e9s num\u00e9riques.<\/p>\n<\/div>\n<\/section>\n\n\n<section class=\"block-pictos block-contenu\">\n    <div class=\"container\">\n        <div class=\"row py-3\">\n                            <div class=\"col-12 col-lg-6 d-flex flex-row align-items-center pb-3 pb-lg-0\">\n                    <div class=\"icon mr-3\">\n                        <img decoding=\"async\" src=\"https:\/\/bienvenue.bretagne.bzh\/app\/uploads\/2020\/12\/picto-ecole1@3x.png\" alt=\"picto-ecole\">\n                    <\/div>\n\n                    <div class=\"text font-WorkSansLight\">7 000 chercheur\u00b7se\u00b7s<\/div>\n                <\/div>\n                            <div class=\"col-12 col-lg-6 d-flex flex-row align-items-center pb-3 pb-lg-0\">\n                    <div class=\"icon mr-3\">\n                        <img decoding=\"async\" src=\"https:\/\/bienvenue.bretagne.bzh\/app\/uploads\/2020\/12\/picto-institution2@3x.png\" alt=\"picto-ecole\">\n                    <\/div>\n\n                    <div class=\"text font-WorkSansLight\">Premier \u00e9diteur scientifique de France (Presses Universitaires de Rennes)<\/div>\n                <\/div>\n                    <\/div>\n    <\/div>\n<\/section>\n\n\n<section class=\"block-contenu pt-4\">\n    <div class=\"container text font-WorkSansLight\"><p style=\"text-align: center;\"><a href=\"https:\/\/www.univ-rennes2.fr\/\">https:\/\/www.univ-rennes2.fr\/<\/a><\/p>\n<p>&nbsp;<\/p>\n<p>Pour en savoir plus sur les laboratoires, <a href=\"https:\/\/www.univ-rennes2.fr\/system\/files\/UHB\/RECHERCHE\/plaquette_recherche_mars_2022_web_light.pdf\">cliquez ici<\/a>.<\/p>\n<\/div>\n<\/section>","protected":false},"excerpt":{"rendered":"","protected":false},"author":6,"featured_media":0,"parent":2901,"menu_order":46,"comment_status":"closed","ping_status":"closed","template":"","meta":{"_acf_changed":false,"inline_featured_image":false,"footnotes":""},"class_list":["post-2886","page","type-page","status-publish","hentry"],"acf":[],"yoast_head":"<!-- This site is optimized with the Yoast SEO plugin v26.0 - https:\/\/yoast.com\/wordpress\/plugins\/seo\/ -->\n<title>Universit\u00e9 Rennes 2 &#183; BIENVEN\u00dcE<\/title>\n<meta name=\"robots\" content=\"index, follow, max-snippet:-1, max-image-preview:large, max-video-preview:-1\" \/>\n<link rel=\"canonical\" href=\"https:\/\/msca-bienvenue.bretagne.bzh\/fr\/institutions-partenaires\/universite-rennes-2\/\" \/>\n<meta property=\"og:locale\" content=\"fr_FR\" \/>\n<meta property=\"og:type\" content=\"article\" \/>\n<meta property=\"og:title\" content=\"Universit\u00e9 Rennes 2 &#183; BIENVEN\u00dcE\" \/>\n<meta property=\"og:url\" content=\"https:\/\/msca-bienvenue.bretagne.bzh\/fr\/institutions-partenaires\/universite-rennes-2\/\" \/>\n<meta property=\"og:site_name\" content=\"BIENVEN\u00dcE\" \/>\n<meta name=\"twitter:card\" content=\"summary_large_image\" \/>\n<script type=\"application\/ld+json\" class=\"yoast-schema-graph\">{\"@context\":\"https:\/\/schema.org\",\"@graph\":[{\"@type\":\"WebPage\",\"@id\":\"https:\/\/msca-bienvenue.bretagne.bzh\/fr\/institutions-partenaires\/universite-rennes-2\/\",\"url\":\"https:\/\/msca-bienvenue.bretagne.bzh\/fr\/institutions-partenaires\/universite-rennes-2\/\",\"name\":\"Universit\u00e9 Rennes 2 &#183; BIENVEN\u00dcE\",\"isPartOf\":{\"@id\":\"https:\/\/msca-bienvenue.bretagne.bzh\/#website\"},\"datePublished\":\"2022-08-19T13:35:20+00:00\",\"breadcrumb\":{\"@id\":\"https:\/\/msca-bienvenue.bretagne.bzh\/fr\/institutions-partenaires\/universite-rennes-2\/#breadcrumb\"},\"inLanguage\":\"fr-FR\",\"potentialAction\":[{\"@type\":\"ReadAction\",\"target\":[\"https:\/\/msca-bienvenue.bretagne.bzh\/fr\/institutions-partenaires\/universite-rennes-2\/\"]}]},{\"@type\":\"BreadcrumbList\",\"@id\":\"https:\/\/msca-bienvenue.bretagne.bzh\/fr\/institutions-partenaires\/universite-rennes-2\/#breadcrumb\",\"itemListElement\":[{\"@type\":\"ListItem\",\"position\":1,\"name\":\"Home\",\"item\":\"https:\/\/bienvenue.bretagne.bzh\/fr\/\"},{\"@type\":\"ListItem\",\"position\":2,\"name\":\"Institutions partenaires\",\"item\":\"https:\/\/msca-bienvenue.bretagne.bzh\/fr\/institutions-partenaires\/\"},{\"@type\":\"ListItem\",\"position\":3,\"name\":\"Universit\u00e9 Rennes 2\"}]},{\"@type\":\"WebSite\",\"@id\":\"https:\/\/msca-bienvenue.bretagne.bzh\/#website\",\"url\":\"https:\/\/msca-bienvenue.bretagne.bzh\/\",\"name\":\"BIENVEN\u00dcE\",\"description\":\"Welcoming talented international post-docs in Brittany.\",\"potentialAction\":[{\"@type\":\"SearchAction\",\"target\":{\"@type\":\"EntryPoint\",\"urlTemplate\":\"https:\/\/msca-bienvenue.bretagne.bzh\/?s={search_term_string}\"},\"query-input\":{\"@type\":\"PropertyValueSpecification\",\"valueRequired\":true,\"valueName\":\"search_term_string\"}}],\"inLanguage\":\"fr-FR\"}]}<\/script>\n<!-- \/ Yoast SEO plugin. -->","yoast_head_json":{"title":"Universit\u00e9 Rennes 2 &#183; BIENVEN\u00dcE","robots":{"index":"index","follow":"follow","max-snippet":"max-snippet:-1","max-image-preview":"max-image-preview:large","max-video-preview":"max-video-preview:-1"},"canonical":"https:\/\/msca-bienvenue.bretagne.bzh\/fr\/institutions-partenaires\/universite-rennes-2\/","og_locale":"fr_FR","og_type":"article","og_title":"Universit\u00e9 Rennes 2 &#183; BIENVEN\u00dcE","og_url":"https:\/\/msca-bienvenue.bretagne.bzh\/fr\/institutions-partenaires\/universite-rennes-2\/","og_site_name":"BIENVEN\u00dcE","twitter_card":"summary_large_image","schema":{"@context":"https:\/\/schema.org","@graph":[{"@type":"WebPage","@id":"https:\/\/msca-bienvenue.bretagne.bzh\/fr\/institutions-partenaires\/universite-rennes-2\/","url":"https:\/\/msca-bienvenue.bretagne.bzh\/fr\/institutions-partenaires\/universite-rennes-2\/","name":"Universit\u00e9 Rennes 2 &#183; BIENVEN\u00dcE","isPartOf":{"@id":"https:\/\/msca-bienvenue.bretagne.bzh\/#website"},"datePublished":"2022-08-19T13:35:20+00:00","breadcrumb":{"@id":"https:\/\/msca-bienvenue.bretagne.bzh\/fr\/institutions-partenaires\/universite-rennes-2\/#breadcrumb"},"inLanguage":"fr-FR","potentialAction":[{"@type":"ReadAction","target":["https:\/\/msca-bienvenue.bretagne.bzh\/fr\/institutions-partenaires\/universite-rennes-2\/"]}]},{"@type":"BreadcrumbList","@id":"https:\/\/msca-bienvenue.bretagne.bzh\/fr\/institutions-partenaires\/universite-rennes-2\/#breadcrumb","itemListElement":[{"@type":"ListItem","position":1,"name":"Home","item":"https:\/\/bienvenue.bretagne.bzh\/fr\/"},{"@type":"ListItem","position":2,"name":"Institutions partenaires","item":"https:\/\/msca-bienvenue.bretagne.bzh\/fr\/institutions-partenaires\/"},{"@type":"ListItem","position":3,"name":"Universit\u00e9 Rennes 2"}]},{"@type":"WebSite","@id":"https:\/\/msca-bienvenue.bretagne.bzh\/#website","url":"https:\/\/msca-bienvenue.bretagne.bzh\/","name":"BIENVEN\u00dcE","description":"Welcoming talented international post-docs in Brittany.","potentialAction":[{"@type":"SearchAction","target":{"@type":"EntryPoint","urlTemplate":"https:\/\/msca-bienvenue.bretagne.bzh\/?s={search_term_string}"},"query-input":{"@type":"PropertyValueSpecification","valueRequired":true,"valueName":"search_term_string"}}],"inLanguage":"fr-FR"}]}},"_links":{"self":[{"href":"https:\/\/bienvenue.bretagne.bzh\/fr\/wp-json\/wp\/v2\/pages\/2886","targetHints":{"allow":["GET"]}}],"collection":[{"href":"https:\/\/bienvenue.bretagne.bzh\/fr\/wp-json\/wp\/v2\/pages"}],"about":[{"href":"https:\/\/bienvenue.bretagne.bzh\/fr\/wp-json\/wp\/v2\/types\/page"}],"author":[{"embeddable":true,"href":"https:\/\/bienvenue.bretagne.bzh\/fr\/wp-json\/wp\/v2\/users\/6"}],"replies":[{"embeddable":true,"href":"https:\/\/bienvenue.bretagne.bzh\/fr\/wp-json\/wp\/v2\/comments?post=2886"}],"version-history":[{"count":6,"href":"https:\/\/bienvenue.bretagne.bzh\/fr\/wp-json\/wp\/v2\/pages\/2886\/revisions"}],"predecessor-version":[{"id":3363,"href":"https:\/\/bienvenue.bretagne.bzh\/fr\/wp-json\/wp\/v2\/pages\/2886\/revisions\/3363"}],"up":[{"embeddable":true,"href":"https:\/\/bienvenue.bretagne.bzh\/fr\/wp-json\/wp\/v2\/pages\/2901"}],"wp:attachment":[{"href":"https:\/\/bienvenue.bretagne.bzh\/fr\/wp-json\/wp\/v2\/media?parent=2886"}],"curies":[{"name":"wp","href":"https:\/\/api.w.org\/{rel}","templated":true}]}}