{"id":2868,"date":"2022-08-19T14:47:26","date_gmt":"2022-08-19T12:47:26","guid":{"rendered":"https:\/\/bienvenue.bretagne.bzh\/?page_id=2868"},"modified":"2022-08-19T14:48:09","modified_gmt":"2022-08-19T12:48:09","slug":"universite-de-bretagne-sud","status":"publish","type":"page","link":"https:\/\/bienvenue.bretagne.bzh\/fr\/institutions-partenaires\/universite-de-bretagne-sud\/","title":{"rendered":"Universit\u00e9 de Bretagne-Sud"},"content":{"rendered":"<section class=\"bloc-header page-header\">\n    <div class=\"bg-header bg-header-1 d-flex flex-column justify-content-end\"\n        style=\"background-image: url('https:\/\/bienvenue.bretagne.bzh\/app\/uploads\/2021\/01\/centre-de-recherche-UBS.jpg'); background-position: center\">\n        <div class=\"container px-4 px-lg-5\">\n            <div class=\"info-header\">\n                                    <div><img decoding=\"async\" class=\"logo-img logo-defaut\"                                  src=\"https:\/\/bienvenue.bretagne.bzh\/app\/uploads\/2021\/01\/universite-bretagne-sud-logo-blanc.png\">\n                    <\/div>\n                                <h1 class=\"title color-white font-JostSemiBold pb-3\"><span class=\"htitle  \" style=\"background-color: transparent;color:white\">Universit\u00e9 de Bretagne-Sud<\/span><\/h1>\n                <div class=\"text color-white font-WorkSansLight\">\n                    Plus jeune universit\u00e9 bretonne, l&rsquo;Universit\u00e9 de Bretagne-Sud accueille autour de 8500 \u00e9tudiants sur 3 campus : Vannes, Lorient et Pontivy.\n                <\/div>\n            <\/div>\n        <\/div>\n        <div class=\"bg-filter\"><\/div>\n\n        <div>\n            <img decoding=\"async\" class=\"logo-arrow\" src=\"\/app\/themes\/msca-bienvenue\/src\/img\/picto\/arrow@3x.png\" alt=\"logo-arrow\">\n        <\/div>\n\n<\/section>\n\n\n<section class=\"block-contenu pt-4\">\n    <div class=\"container text font-WorkSansLight\"><p>Cr\u00e9\u00e9e en 1995, l&rsquo;Universit\u00e9 de Bretagne-Sud a d\u00e9velopp\u00e9 plusieurs axes prioritaires de recherche dans ses laboratoires multidisciplinaires, structur\u00e9s en plusieurs p\u00f4les :<\/p>\n<ul>\n<li>Un p\u00f4le \u00ab\u00a0mat\u00e9riaux et \u00e9nergie\u00a0\u00bb, pour de nouvelles solutions durables dans l&rsquo;industrie et la tech<\/li>\n<li>Un p\u00f4le \u00ab\u00a0Homme, Mer et Littoral\u00a0\u00bb, travaillant sur les enjeux de la pr\u00e9sence humaine sur le littoral<\/li>\n<li>Un p\u00f4le \u00ab\u00a0Num\u00e9rique\u00a0\u00bb, principalement autour de la cybers\u00e9curit\u00e9 et d&rsquo;aide \u00e0 la d\u00e9cision<\/li>\n<li>Un p\u00f4le \u00ab\u00a0Handicap, sant\u00e9 et environnement\u00a0\u00bb, o\u00f9 les questions de sant\u00e9 sont travaill\u00e9es dans une perspective humaine et sociale.<\/li>\n<\/ul>\n<p>Les laboratoires de l&rsquo;Universit\u00e9 de Bretagne-Sud sont tr\u00e8s impliqu\u00e9s dans l&rsquo;\u00e9cosyst\u00e8me d&rsquo;innovation, participant \u00e0 de nombreux p\u00f4les de comp\u00e9titivit\u00e9 (P\u00f4le Mer Bretagne Atlantique, Valorial, Images &amp; R\u00e9seaux, EMC2, ID4CAR&#8230;)<\/p>\n<p>Enfin, les chercheur\u00b7se\u00b7 de l&rsquo;UBS ont acc\u00e8s \u00e0 plusieurs structures de valorisation des travaux de recherche, comme ComposiTIC ou le Cyber Security Center.<\/p>\n<p>&nbsp;<\/p>\n<\/div>\n<\/section>\n\n\n<section class=\"block-pictos block-contenu\">\n    <div class=\"container\">\n        <div class=\"row py-3\">\n                            <div class=\"col-12 col-lg-6 d-flex flex-row align-items-center pb-3 pb-lg-0\">\n                    <div class=\"icon mr-3\">\n                        <img decoding=\"async\" src=\"https:\/\/bienvenue.bretagne.bzh\/app\/uploads\/2020\/12\/picto-ecole1@3x.png\" alt=\"picto-ecole\">\n                    <\/div>\n\n                    <div class=\"text font-WorkSansLight\">250 chercheur\u00b7se\u00b7s r\u00e9parti\u00b7e\u00b7s dans 14 unit\u00e9s de recherche<\/div>\n                <\/div>\n                            <div class=\"col-12 col-lg-6 d-flex flex-row align-items-center pb-3 pb-lg-0\">\n                    <div class=\"icon mr-3\">\n                        <img decoding=\"async\" src=\"https:\/\/bienvenue.bretagne.bzh\/app\/uploads\/2020\/12\/picto-institution2@3x.png\" alt=\"picto-ecole\">\n                    <\/div>\n\n                    <div class=\"text font-WorkSansLight\">H\u00e9berge le Centre EURAXESS de Lorient<\/div>\n                <\/div>\n                    <\/div>\n    <\/div>\n<\/section>\n\n\n<section class=\"block-contenu pt-4\">\n    <div class=\"container text font-WorkSansLight\"><p style=\"text-align: center;\"><a href=\"https:\/\/www.univ-ubs.fr\"><strong>univ-ubs.fr<\/strong><\/a><\/p>\n<p>&nbsp;<\/p>\n<h3>Laur\u00e9ate accueillie \u00e0 l&rsquo;UBS<\/h3>\n<\/div>\n<\/section>\n\n\r\n<section class=\"bloc-programs block-temoignages\">\r\n\r\n    <div class=\"container py-5\">\r\n        <div class=\"programs-info d-flex flex-wrap justify-content-center\">\r\n                            <a class=\"program-info px-3 py-4 mr-3 mt-4\"\r\n                   style=\"background-image: url(https:\/\/bienvenue.bretagne.bzh\/app\/uploads\/2021\/11\/VASEC_SilkeLehmann.jpg);\" href=\"https:\/\/bienvenue.bretagne.bzh\/fr\/temoignage\/silke-lehmann-physiologiste-moleculaire\/\">\r\n                    <div class=\"pb-3\">\r\n                        <span class=\"text font-WorkSansMedium text-uppercase p-2\" style=\"background-color:#52d88b\">Silke Lehmann, physiologiste mol\u00e9culaire des plantes, travaille sur des extraits d&rsquo;algues pour am\u00e9liorer la croissance des cultures<\/span>\r\n                    <\/div>\r\n                    <div class=\"text font-WorkSansLight\" style=\"color:#212529\"> <\/div>\r\n                <\/a>\r\n                    <\/div>\r\n    <\/div>\r\n\r\n<\/section>\r\n","protected":false},"excerpt":{"rendered":"","protected":false},"author":6,"featured_media":0,"parent":2901,"menu_order":43,"comment_status":"closed","ping_status":"closed","template":"","meta":{"_acf_changed":false,"inline_featured_image":false,"footnotes":""},"class_list":["post-2868","page","type-page","status-publish","hentry"],"acf":[],"yoast_head":"<!-- This site is optimized with the Yoast SEO plugin v26.0 - https:\/\/yoast.com\/wordpress\/plugins\/seo\/ -->\n<title>Universit\u00e9 de Bretagne-Sud &#183; BIENVEN\u00dcE<\/title>\n<meta name=\"robots\" content=\"index, follow, max-snippet:-1, max-image-preview:large, max-video-preview:-1\" \/>\n<link rel=\"canonical\" href=\"https:\/\/msca-bienvenue.bretagne.bzh\/fr\/institutions-partenaires\/universite-de-bretagne-sud\/\" \/>\n<meta property=\"og:locale\" content=\"fr_FR\" \/>\n<meta property=\"og:type\" content=\"article\" \/>\n<meta property=\"og:title\" content=\"Universit\u00e9 de Bretagne-Sud &#183; BIENVEN\u00dcE\" \/>\n<meta property=\"og:url\" content=\"https:\/\/msca-bienvenue.bretagne.bzh\/fr\/institutions-partenaires\/universite-de-bretagne-sud\/\" \/>\n<meta property=\"og:site_name\" content=\"BIENVEN\u00dcE\" \/>\n<meta property=\"article:modified_time\" content=\"2022-08-19T12:48:09+00:00\" \/>\n<meta name=\"twitter:card\" content=\"summary_large_image\" \/>\n<script type=\"application\/ld+json\" class=\"yoast-schema-graph\">{\"@context\":\"https:\/\/schema.org\",\"@graph\":[{\"@type\":\"WebPage\",\"@id\":\"https:\/\/msca-bienvenue.bretagne.bzh\/fr\/institutions-partenaires\/universite-de-bretagne-sud\/\",\"url\":\"https:\/\/msca-bienvenue.bretagne.bzh\/fr\/institutions-partenaires\/universite-de-bretagne-sud\/\",\"name\":\"Universit\u00e9 de Bretagne-Sud &#183; BIENVEN\u00dcE\",\"isPartOf\":{\"@id\":\"https:\/\/msca-bienvenue.bretagne.bzh\/#website\"},\"datePublished\":\"2022-08-19T12:47:26+00:00\",\"dateModified\":\"2022-08-19T12:48:09+00:00\",\"breadcrumb\":{\"@id\":\"https:\/\/msca-bienvenue.bretagne.bzh\/fr\/institutions-partenaires\/universite-de-bretagne-sud\/#breadcrumb\"},\"inLanguage\":\"fr-FR\",\"potentialAction\":[{\"@type\":\"ReadAction\",\"target\":[\"https:\/\/msca-bienvenue.bretagne.bzh\/fr\/institutions-partenaires\/universite-de-bretagne-sud\/\"]}]},{\"@type\":\"BreadcrumbList\",\"@id\":\"https:\/\/msca-bienvenue.bretagne.bzh\/fr\/institutions-partenaires\/universite-de-bretagne-sud\/#breadcrumb\",\"itemListElement\":[{\"@type\":\"ListItem\",\"position\":1,\"name\":\"Home\",\"item\":\"https:\/\/bienvenue.bretagne.bzh\/fr\/\"},{\"@type\":\"ListItem\",\"position\":2,\"name\":\"Institutions partenaires\",\"item\":\"https:\/\/msca-bienvenue.bretagne.bzh\/fr\/institutions-partenaires\/\"},{\"@type\":\"ListItem\",\"position\":3,\"name\":\"Universit\u00e9 de Bretagne-Sud\"}]},{\"@type\":\"WebSite\",\"@id\":\"https:\/\/msca-bienvenue.bretagne.bzh\/#website\",\"url\":\"https:\/\/msca-bienvenue.bretagne.bzh\/\",\"name\":\"BIENVEN\u00dcE\",\"description\":\"Welcoming talented international post-docs in Brittany.\",\"potentialAction\":[{\"@type\":\"SearchAction\",\"target\":{\"@type\":\"EntryPoint\",\"urlTemplate\":\"https:\/\/msca-bienvenue.bretagne.bzh\/?s={search_term_string}\"},\"query-input\":{\"@type\":\"PropertyValueSpecification\",\"valueRequired\":true,\"valueName\":\"search_term_string\"}}],\"inLanguage\":\"fr-FR\"}]}<\/script>\n<!-- \/ Yoast SEO plugin. -->","yoast_head_json":{"title":"Universit\u00e9 de Bretagne-Sud &#183; BIENVEN\u00dcE","robots":{"index":"index","follow":"follow","max-snippet":"max-snippet:-1","max-image-preview":"max-image-preview:large","max-video-preview":"max-video-preview:-1"},"canonical":"https:\/\/msca-bienvenue.bretagne.bzh\/fr\/institutions-partenaires\/universite-de-bretagne-sud\/","og_locale":"fr_FR","og_type":"article","og_title":"Universit\u00e9 de Bretagne-Sud &#183; BIENVEN\u00dcE","og_url":"https:\/\/msca-bienvenue.bretagne.bzh\/fr\/institutions-partenaires\/universite-de-bretagne-sud\/","og_site_name":"BIENVEN\u00dcE","article_modified_time":"2022-08-19T12:48:09+00:00","twitter_card":"summary_large_image","schema":{"@context":"https:\/\/schema.org","@graph":[{"@type":"WebPage","@id":"https:\/\/msca-bienvenue.bretagne.bzh\/fr\/institutions-partenaires\/universite-de-bretagne-sud\/","url":"https:\/\/msca-bienvenue.bretagne.bzh\/fr\/institutions-partenaires\/universite-de-bretagne-sud\/","name":"Universit\u00e9 de Bretagne-Sud &#183; BIENVEN\u00dcE","isPartOf":{"@id":"https:\/\/msca-bienvenue.bretagne.bzh\/#website"},"datePublished":"2022-08-19T12:47:26+00:00","dateModified":"2022-08-19T12:48:09+00:00","breadcrumb":{"@id":"https:\/\/msca-bienvenue.bretagne.bzh\/fr\/institutions-partenaires\/universite-de-bretagne-sud\/#breadcrumb"},"inLanguage":"fr-FR","potentialAction":[{"@type":"ReadAction","target":["https:\/\/msca-bienvenue.bretagne.bzh\/fr\/institutions-partenaires\/universite-de-bretagne-sud\/"]}]},{"@type":"BreadcrumbList","@id":"https:\/\/msca-bienvenue.bretagne.bzh\/fr\/institutions-partenaires\/universite-de-bretagne-sud\/#breadcrumb","itemListElement":[{"@type":"ListItem","position":1,"name":"Home","item":"https:\/\/bienvenue.bretagne.bzh\/fr\/"},{"@type":"ListItem","position":2,"name":"Institutions partenaires","item":"https:\/\/msca-bienvenue.bretagne.bzh\/fr\/institutions-partenaires\/"},{"@type":"ListItem","position":3,"name":"Universit\u00e9 de Bretagne-Sud"}]},{"@type":"WebSite","@id":"https:\/\/msca-bienvenue.bretagne.bzh\/#website","url":"https:\/\/msca-bienvenue.bretagne.bzh\/","name":"BIENVEN\u00dcE","description":"Welcoming talented international post-docs in Brittany.","potentialAction":[{"@type":"SearchAction","target":{"@type":"EntryPoint","urlTemplate":"https:\/\/msca-bienvenue.bretagne.bzh\/?s={search_term_string}"},"query-input":{"@type":"PropertyValueSpecification","valueRequired":true,"valueName":"search_term_string"}}],"inLanguage":"fr-FR"}]}},"_links":{"self":[{"href":"https:\/\/bienvenue.bretagne.bzh\/fr\/wp-json\/wp\/v2\/pages\/2868","targetHints":{"allow":["GET"]}}],"collection":[{"href":"https:\/\/bienvenue.bretagne.bzh\/fr\/wp-json\/wp\/v2\/pages"}],"about":[{"href":"https:\/\/bienvenue.bretagne.bzh\/fr\/wp-json\/wp\/v2\/types\/page"}],"author":[{"embeddable":true,"href":"https:\/\/bienvenue.bretagne.bzh\/fr\/wp-json\/wp\/v2\/users\/6"}],"replies":[{"embeddable":true,"href":"https:\/\/bienvenue.bretagne.bzh\/fr\/wp-json\/wp\/v2\/comments?post=2868"}],"version-history":[{"count":6,"href":"https:\/\/bienvenue.bretagne.bzh\/fr\/wp-json\/wp\/v2\/pages\/2868\/revisions"}],"predecessor-version":[{"id":3361,"href":"https:\/\/bienvenue.bretagne.bzh\/fr\/wp-json\/wp\/v2\/pages\/2868\/revisions\/3361"}],"up":[{"embeddable":true,"href":"https:\/\/bienvenue.bretagne.bzh\/fr\/wp-json\/wp\/v2\/pages\/2901"}],"wp:attachment":[{"href":"https:\/\/bienvenue.bretagne.bzh\/fr\/wp-json\/wp\/v2\/media?parent=2868"}],"curies":[{"name":"wp","href":"https:\/\/api.w.org\/{rel}","templated":true}]}}