{"id":2837,"date":"2022-08-19T12:02:28","date_gmt":"2022-08-19T10:02:28","guid":{"rendered":"https:\/\/bienvenue.bretagne.bzh\/?page_id=2837"},"modified":"2024-01-03T10:14:32","modified_gmt":"2024-01-03T09:14:32","slug":"station-biologique-roscoff","status":"publish","type":"page","link":"https:\/\/bienvenue.bretagne.bzh\/fr\/institutions-partenaires\/station-biologique-roscoff\/","title":{"rendered":"Station Biologique de Roscoff"},"content":{"rendered":"<section class=\"bloc-header page-header\">\n    <div class=\"bg-header bg-header-1 d-flex flex-column justify-content-end\"\n        style=\"background-image: url('https:\/\/bienvenue.bretagne.bzh\/app\/uploads\/2021\/02\/Copyright-Philippe-Erard_RB_0066894.jpg'); background-position: center\">\n        <div class=\"container px-4 px-lg-5\">\n            <div class=\"info-header\">\n                                    <div><img decoding=\"async\" class=\"logo-img logo-defaut\"                                  src=\"https:\/\/bienvenue.bretagne.bzh\/app\/uploads\/2021\/03\/logo-sbr-quadri-blanc.png\">\n                    <\/div>\n                                <h1 class=\"title color-white font-JostSemiBold pb-3\"><span class=\"htitle  \" style=\"background-color: transparent;color:white\">Station Biologique de Roscoff<\/span><\/h1>\n                <div class=\"text color-white font-WorkSansLight\">\n                    Fond\u00e9e en 1872, la Station Biologique de Roscoff est situ\u00e9e sur la c\u00f4te nord de la Bretagne. Cette localisation offre aux chercheur\u00b7se\u00b7s un acc\u00e8s \u00e0 une vari\u00e9t\u00e9 exceptionnelle de biotopes.\n                <\/div>\n            <\/div>\n        <\/div>\n        <div class=\"bg-filter\"><\/div>\n\n        <div>\n            <img decoding=\"async\" class=\"logo-arrow\" src=\"\/app\/themes\/msca-bienvenue\/src\/img\/picto\/arrow@3x.png\" alt=\"logo-arrow\">\n        <\/div>\n\n<\/section>\n\n\n<section class=\"block-contenu pt-4\">\n    <div class=\"container text font-WorkSansLight\"><p>Les chercheur\u00b7se\u00b7s de la Station Biologique de Roscoff travaillent \u00e0 mieux comprendre l&rsquo;\u00e9volution de la vie, le fonctionnement des \u00e9cosyst\u00e8mes et l&rsquo;adaptation des organismes marins au changement climatique. Ces travaux mobilisent des chercheur\u00b7se\u00b7s en biologie, sciences de l&rsquo;environnement, chimie et en math\u00e9matiques.<\/p>\n<p>Par ailleurs, les chercheur\u00b7se\u00b7s sont fortement mobilis\u00e9s dans des activit\u00e9s comme des \u00e9tudes d&rsquo;impact sur l&rsquo;environnement. Ils abordent aussi le r\u00f4le de la science dans les questions de soci\u00e9t\u00e9, en particulier sur l&rsquo;impact du changement climatique sur les \u00e9cosyst\u00e8mes marins.<\/p>\n<p>&nbsp;<\/p>\n<\/div>\n<\/section>\n\n\n<section class=\"block-pictos block-contenu\">\n    <div class=\"container\">\n        <div class=\"row py-3\">\n                            <div class=\"col-12 col-lg-6 d-flex flex-row align-items-center pb-3 pb-lg-0\">\n                    <div class=\"icon mr-3\">\n                        <img decoding=\"async\" src=\"https:\/\/bienvenue.bretagne.bzh\/app\/uploads\/2020\/12\/picto-ecole1@3x.png\" alt=\"picto-ecole\">\n                    <\/div>\n\n                    <div class=\"text font-WorkSansLight\">Class\u00e9e troisi\u00e8me institution mondiale en oc\u00e9anographie, et premi\u00e8re europ\u00e9enne, par le classement de Shanghai en 2022<\/div>\n                <\/div>\n                            <div class=\"col-12 col-lg-6 d-flex flex-row align-items-center pb-3 pb-lg-0\">\n                    <div class=\"icon mr-3\">\n                        <img decoding=\"async\" src=\"https:\/\/bienvenue.bretagne.bzh\/app\/uploads\/2020\/12\/picto-institution2@3x.png\" alt=\"picto-ecole\">\n                    <\/div>\n\n                    <div class=\"text font-WorkSansLight\">300 chercheur\u00b7se\u00b7s organis\u00e9\u00b7e\u00b7s en 4 laboratoires<\/div>\n                <\/div>\n                    <\/div>\n    <\/div>\n<\/section>\n\n\n<section class=\"block-contenu pt-4\">\n    <div class=\"container text font-WorkSansLight\"><p style=\"text-align: center;\"><a href=\"http:\/\/www.sb-roscoff.fr\">http:\/\/www.sb-roscoff.fr<\/a><\/p>\n<p>&nbsp;<\/p>\n<h3>Laur\u00e9at\u00b7s accueilli\u00b7e\u00b7s \u00e0 la Station Biologique de Roscoff<\/h3>\n<\/div>\n<\/section>\n\n\r\n<section class=\"bloc-programs block-temoignages\">\r\n\r\n    <div class=\"container py-5\">\r\n        <div class=\"programs-info d-flex flex-wrap justify-content-center\">\r\n                            <a class=\"program-info px-3 py-4 mr-3 mt-4\"\r\n                   style=\"background-image: url(https:\/\/bienvenue.bretagne.bzh\/app\/uploads\/2023\/12\/photo.CSCampagne2023.VF_.jpg);\" href=\"https:\/\/bienvenue.bretagne.bzh\/fr\/temoignage\/sylvie-campagne-travaillant-sur-les-systemes-socio-ecologiques-au-travers-des-services-ecosystemiques-dans-une-approche-multidisciplinaire\/\">\r\n                    <div class=\"pb-3\">\r\n                        <span class=\"text font-WorkSansMedium text-uppercase p-2\" style=\"background-color:#55b3e8\">Sylvie Campagne, travaillant sur les syst\u00e8mes socio-\u00e9cologiques au travers des services \u00e9cosyst\u00e9miques dans une approche multidisciplinaire<\/span>\r\n                    <\/div>\r\n                    <div class=\"text font-WorkSansLight\" style=\"color:#212529\"> <\/div>\r\n                <\/a>\r\n                            <a class=\"program-info px-3 py-4 mr-3 mt-4\"\r\n                   style=\"background-image: url(https:\/\/bienvenue.bretagne.bzh\/app\/uploads\/2022\/02\/photo_marine_landa.jpg);\" href=\"https:\/\/bienvenue.bretagne.bzh\/fr\/temoignage\/marine-landa\/\">\r\n                    <div class=\"pb-3\">\r\n                        <span class=\"text font-WorkSansMedium text-uppercase p-2\" style=\"background-color:#55b3e8\">Marine Landa, chercheuse en \u00e9cologie microbienne, travaille sur une bact\u00e9rie tueuse d\u2019algues<\/span>\r\n                    <\/div>\r\n                    <div class=\"text font-WorkSansLight\" style=\"color:#212529\"> <\/div>\r\n                <\/a>\r\n                            <a class=\"program-info px-3 py-4 mr-3 mt-4\"\r\n                   style=\"background-image: url(https:\/\/bienvenue.bretagne.bzh\/app\/uploads\/2022\/04\/Photo-Jean-Charles-Leclerc.jpg);\" href=\"https:\/\/bienvenue.bretagne.bzh\/fr\/temoignage\/jean-charles-leclerc-ecologue-marin\/\">\r\n                    <div class=\"pb-3\">\r\n                        <span class=\"text font-WorkSansMedium text-uppercase p-2\" style=\"background-color:#55b3e8\">Jean-Charles Leclerc, \u00e9cologue marin, travaille sur l\u2019\u00e9tude des for\u00eats de macroalgues<\/span>\r\n                    <\/div>\r\n                    <div class=\"text font-WorkSansLight\" style=\"color:#212529\"> <\/div>\r\n                <\/a>\r\n                            <a class=\"program-info px-3 py-4 mr-3 mt-4\"\r\n                   style=\"background-image: url(https:\/\/bienvenue.bretagne.bzh\/app\/uploads\/2022\/02\/photo_metz.jpeg);\" href=\"https:\/\/bienvenue.bretagne.bzh\/fr\/temoignage\/sebastian-metz-bioinformaticien\/\">\r\n                    <div class=\"pb-3\">\r\n                        <span class=\"text font-WorkSansMedium text-uppercase p-2\" style=\"background-color: #55B3E8\">Sebastian Metz, bioinformaticien, travaille sur le processus d&rsquo;infection des parasites chez les palourdes<\/span>\r\n                    <\/div>\r\n                    <div class=\"text font-WorkSansLight\" style=\"color:#212529\"> <\/div>\r\n                <\/a>\r\n                    <\/div>\r\n    <\/div>\r\n\r\n<\/section>\r\n","protected":false},"excerpt":{"rendered":"","protected":false},"author":6,"featured_media":0,"parent":2901,"menu_order":44,"comment_status":"closed","ping_status":"closed","template":"","meta":{"_acf_changed":false,"inline_featured_image":false,"footnotes":""},"class_list":["post-2837","page","type-page","status-publish","hentry"],"acf":[],"yoast_head":"<!-- This site is optimized with the Yoast SEO plugin v26.0 - https:\/\/yoast.com\/wordpress\/plugins\/seo\/ -->\n<title>Station Biologique de Roscoff &#183; BIENVEN\u00dcE<\/title>\n<meta name=\"robots\" content=\"index, follow, max-snippet:-1, max-image-preview:large, max-video-preview:-1\" \/>\n<link rel=\"canonical\" href=\"https:\/\/msca-bienvenue.bretagne.bzh\/fr\/institutions-partenaires\/station-biologique-roscoff\/\" \/>\n<meta property=\"og:locale\" content=\"fr_FR\" \/>\n<meta property=\"og:type\" content=\"article\" \/>\n<meta property=\"og:title\" content=\"Station Biologique de Roscoff &#183; BIENVEN\u00dcE\" \/>\n<meta property=\"og:url\" content=\"https:\/\/msca-bienvenue.bretagne.bzh\/fr\/institutions-partenaires\/station-biologique-roscoff\/\" \/>\n<meta property=\"og:site_name\" content=\"BIENVEN\u00dcE\" \/>\n<meta property=\"article:modified_time\" content=\"2024-01-03T09:14:32+00:00\" \/>\n<meta name=\"twitter:card\" content=\"summary_large_image\" \/>\n<script type=\"application\/ld+json\" class=\"yoast-schema-graph\">{\"@context\":\"https:\/\/schema.org\",\"@graph\":[{\"@type\":\"WebPage\",\"@id\":\"https:\/\/msca-bienvenue.bretagne.bzh\/fr\/institutions-partenaires\/station-biologique-roscoff\/\",\"url\":\"https:\/\/msca-bienvenue.bretagne.bzh\/fr\/institutions-partenaires\/station-biologique-roscoff\/\",\"name\":\"Station Biologique de Roscoff &#183; BIENVEN\u00dcE\",\"isPartOf\":{\"@id\":\"https:\/\/msca-bienvenue.bretagne.bzh\/#website\"},\"datePublished\":\"2022-08-19T10:02:28+00:00\",\"dateModified\":\"2024-01-03T09:14:32+00:00\",\"breadcrumb\":{\"@id\":\"https:\/\/msca-bienvenue.bretagne.bzh\/fr\/institutions-partenaires\/station-biologique-roscoff\/#breadcrumb\"},\"inLanguage\":\"fr-FR\",\"potentialAction\":[{\"@type\":\"ReadAction\",\"target\":[\"https:\/\/msca-bienvenue.bretagne.bzh\/fr\/institutions-partenaires\/station-biologique-roscoff\/\"]}]},{\"@type\":\"BreadcrumbList\",\"@id\":\"https:\/\/msca-bienvenue.bretagne.bzh\/fr\/institutions-partenaires\/station-biologique-roscoff\/#breadcrumb\",\"itemListElement\":[{\"@type\":\"ListItem\",\"position\":1,\"name\":\"Home\",\"item\":\"https:\/\/bienvenue.bretagne.bzh\/fr\/\"},{\"@type\":\"ListItem\",\"position\":2,\"name\":\"Institutions partenaires\",\"item\":\"https:\/\/msca-bienvenue.bretagne.bzh\/fr\/institutions-partenaires\/\"},{\"@type\":\"ListItem\",\"position\":3,\"name\":\"Station Biologique de Roscoff\"}]},{\"@type\":\"WebSite\",\"@id\":\"https:\/\/msca-bienvenue.bretagne.bzh\/#website\",\"url\":\"https:\/\/msca-bienvenue.bretagne.bzh\/\",\"name\":\"BIENVEN\u00dcE\",\"description\":\"Welcoming talented international post-docs in Brittany.\",\"potentialAction\":[{\"@type\":\"SearchAction\",\"target\":{\"@type\":\"EntryPoint\",\"urlTemplate\":\"https:\/\/msca-bienvenue.bretagne.bzh\/?s={search_term_string}\"},\"query-input\":{\"@type\":\"PropertyValueSpecification\",\"valueRequired\":true,\"valueName\":\"search_term_string\"}}],\"inLanguage\":\"fr-FR\"}]}<\/script>\n<!-- \/ Yoast SEO plugin. -->","yoast_head_json":{"title":"Station Biologique de Roscoff &#183; BIENVEN\u00dcE","robots":{"index":"index","follow":"follow","max-snippet":"max-snippet:-1","max-image-preview":"max-image-preview:large","max-video-preview":"max-video-preview:-1"},"canonical":"https:\/\/msca-bienvenue.bretagne.bzh\/fr\/institutions-partenaires\/station-biologique-roscoff\/","og_locale":"fr_FR","og_type":"article","og_title":"Station Biologique de Roscoff &#183; BIENVEN\u00dcE","og_url":"https:\/\/msca-bienvenue.bretagne.bzh\/fr\/institutions-partenaires\/station-biologique-roscoff\/","og_site_name":"BIENVEN\u00dcE","article_modified_time":"2024-01-03T09:14:32+00:00","twitter_card":"summary_large_image","schema":{"@context":"https:\/\/schema.org","@graph":[{"@type":"WebPage","@id":"https:\/\/msca-bienvenue.bretagne.bzh\/fr\/institutions-partenaires\/station-biologique-roscoff\/","url":"https:\/\/msca-bienvenue.bretagne.bzh\/fr\/institutions-partenaires\/station-biologique-roscoff\/","name":"Station Biologique de Roscoff &#183; BIENVEN\u00dcE","isPartOf":{"@id":"https:\/\/msca-bienvenue.bretagne.bzh\/#website"},"datePublished":"2022-08-19T10:02:28+00:00","dateModified":"2024-01-03T09:14:32+00:00","breadcrumb":{"@id":"https:\/\/msca-bienvenue.bretagne.bzh\/fr\/institutions-partenaires\/station-biologique-roscoff\/#breadcrumb"},"inLanguage":"fr-FR","potentialAction":[{"@type":"ReadAction","target":["https:\/\/msca-bienvenue.bretagne.bzh\/fr\/institutions-partenaires\/station-biologique-roscoff\/"]}]},{"@type":"BreadcrumbList","@id":"https:\/\/msca-bienvenue.bretagne.bzh\/fr\/institutions-partenaires\/station-biologique-roscoff\/#breadcrumb","itemListElement":[{"@type":"ListItem","position":1,"name":"Home","item":"https:\/\/bienvenue.bretagne.bzh\/fr\/"},{"@type":"ListItem","position":2,"name":"Institutions partenaires","item":"https:\/\/msca-bienvenue.bretagne.bzh\/fr\/institutions-partenaires\/"},{"@type":"ListItem","position":3,"name":"Station Biologique de Roscoff"}]},{"@type":"WebSite","@id":"https:\/\/msca-bienvenue.bretagne.bzh\/#website","url":"https:\/\/msca-bienvenue.bretagne.bzh\/","name":"BIENVEN\u00dcE","description":"Welcoming talented international post-docs in Brittany.","potentialAction":[{"@type":"SearchAction","target":{"@type":"EntryPoint","urlTemplate":"https:\/\/msca-bienvenue.bretagne.bzh\/?s={search_term_string}"},"query-input":{"@type":"PropertyValueSpecification","valueRequired":true,"valueName":"search_term_string"}}],"inLanguage":"fr-FR"}]}},"_links":{"self":[{"href":"https:\/\/bienvenue.bretagne.bzh\/fr\/wp-json\/wp\/v2\/pages\/2837","targetHints":{"allow":["GET"]}}],"collection":[{"href":"https:\/\/bienvenue.bretagne.bzh\/fr\/wp-json\/wp\/v2\/pages"}],"about":[{"href":"https:\/\/bienvenue.bretagne.bzh\/fr\/wp-json\/wp\/v2\/types\/page"}],"author":[{"embeddable":true,"href":"https:\/\/bienvenue.bretagne.bzh\/fr\/wp-json\/wp\/v2\/users\/6"}],"replies":[{"embeddable":true,"href":"https:\/\/bienvenue.bretagne.bzh\/fr\/wp-json\/wp\/v2\/comments?post=2837"}],"version-history":[{"count":8,"href":"https:\/\/bienvenue.bretagne.bzh\/fr\/wp-json\/wp\/v2\/pages\/2837\/revisions"}],"predecessor-version":[{"id":3653,"href":"https:\/\/bienvenue.bretagne.bzh\/fr\/wp-json\/wp\/v2\/pages\/2837\/revisions\/3653"}],"up":[{"embeddable":true,"href":"https:\/\/bienvenue.bretagne.bzh\/fr\/wp-json\/wp\/v2\/pages\/2901"}],"wp:attachment":[{"href":"https:\/\/bienvenue.bretagne.bzh\/fr\/wp-json\/wp\/v2\/media?parent=2837"}],"curies":[{"name":"wp","href":"https:\/\/api.w.org\/{rel}","templated":true}]}}