{"id":2826,"date":"2022-08-19T11:18:16","date_gmt":"2022-08-19T09:18:16","guid":{"rendered":"https:\/\/bienvenue.bretagne.bzh\/?page_id=2826"},"modified":"2024-02-23T14:13:13","modified_gmt":"2024-02-23T13:13:13","slug":"imt-atlantique","status":"publish","type":"page","link":"https:\/\/bienvenue.bretagne.bzh\/fr\/institutions-partenaires\/imt-atlantique\/","title":{"rendered":"IMT Atlantique"},"content":{"rendered":"<section class=\"bloc-header page-header\">\n    <div class=\"bg-header bg-header-1 d-flex flex-column justify-content-end\"\n        style=\"background-image: url('https:\/\/bienvenue.bretagne.bzh\/app\/uploads\/2021\/01\/00029662-scaled.jpg'); background-position: center\">\n        <div class=\"container px-4 px-lg-5\">\n            <div class=\"info-header\">\n                                    <div><img decoding=\"async\" class=\"logo-img logo-defaut\"                                  src=\"https:\/\/bienvenue.bretagne.bzh\/app\/uploads\/2021\/01\/IMT_Atlantique_logo.png\">\n                    <\/div>\n                                <h1 class=\"title color-white font-JostSemiBold pb-3\"><span class=\"htitle  \" style=\"background-color: transparent;color:white\">IMT Atlantique<\/span><\/h1>\n                <div class=\"text color-white font-WorkSansLight\">\n                    Cr\u00e9\u00e9 par la fusion de deux \u00e9coles d&rsquo;ing\u00e9nieurs fran\u00e7aises de haut-niveau, IMT Atlantique est sp\u00e9cialis\u00e9 dans les technologies du num\u00e9rique, de l&rsquo;\u00e9nergie et de l&rsquo;environnement.\n                <\/div>\n            <\/div>\n        <\/div>\n        <div class=\"bg-filter\"><\/div>\n\n        <div>\n            <img decoding=\"async\" class=\"logo-arrow\" src=\"\/app\/themes\/msca-bienvenue\/src\/img\/picto\/arrow@3x.png\" alt=\"logo-arrow\">\n        <\/div>\n\n<\/section>\n\n\n<section class=\"block-contenu pt-4\">\n    <div class=\"container text font-WorkSansLight\"><p>Localis\u00e9e \u00e0 Brest, Rennes et Nantes, l&rsquo;Institut accueille autour de 1 800 \u00e9tudiant\u00b7e\u00b7s. Ses chercheur\u00b7se\u00b7s sont reconnu\u00b7e\u00b7s dans les domaines suivants :<\/p>\n<ul>\n<li>R\u00e9seaux, syst\u00e8mes de t\u00e9l\u00e9communications et th\u00e9orie de l&rsquo;information<\/li>\n<li>Sciences du num\u00e9rique, robotique, Interfaces Homme-Machine avanc\u00e9es<\/li>\n<li>Mod\u00e9lisation, design de capteurs \u00e9lectroniques, optiques et de micro-ondes,<\/li>\n<li>Traitement du signal et des images pour la sant\u00e9, observation satellite<\/li>\n<li>Informatique, cybers\u00e9curit\u00e9, intelligence artificielle<\/li>\n<li>Sciences humaines et sociales dans l&rsquo;environnement num\u00e9rique<\/li>\n<\/ul>\n<\/div>\n<\/section>\n\n\n<section class=\"block-pictos block-contenu\">\n    <div class=\"container\">\n        <div class=\"row py-3\">\n                            <div class=\"col-12 col-lg-6 d-flex flex-row align-items-center pb-3 pb-lg-0\">\n                    <div class=\"icon mr-3\">\n                        <img decoding=\"async\" src=\"https:\/\/bienvenue.bretagne.bzh\/app\/uploads\/2020\/12\/picto-ecole1@3x.png\" alt=\"picto-ecole\">\n                    <\/div>\n\n                    <div class=\"text font-WorkSansLight\">260 enseignant\u00b7e\u00b7s-chercheur\u00b7se\u00b7s et chercheur\u00b7se\u00b7s<\/div>\n                <\/div>\n                            <div class=\"col-12 col-lg-6 d-flex flex-row align-items-center pb-3 pb-lg-0\">\n                    <div class=\"icon mr-3\">\n                        <img decoding=\"async\" src=\"https:\/\/bienvenue.bretagne.bzh\/app\/uploads\/2020\/12\/picto-institution2@3x.png\" alt=\"picto-ecole\">\n                    <\/div>\n\n                    <div class=\"text font-WorkSansLight\">15 chaires de recherche et d&rsquo;enseignement industriels<\/div>\n                <\/div>\n                    <\/div>\n    <\/div>\n<\/section>\n\n\n<section class=\"block-contenu pt-4\">\n    <div class=\"container text font-WorkSansLight\"><p>La recherche d&rsquo;IMT Atlantique est reconnue internationalement, avec par exemple le financement de 3 ERC depuis 2017.<\/p>\n<p>L&rsquo;Institut est \u00e9galement en forte collaboration avec l&rsquo;\u00e9cosyst\u00e8me local d&rsquo;innovation et accueille un incubateur d&rsquo;entreprise et des Fablabs.<\/p>\n<p>&nbsp;<\/p>\n<p style=\"text-align: center;\"><a href=\"https:\/\/www.imt-atlantique.fr\">https:\/\/www.imt-atlantique.fr<\/a><\/p>\n<p>&nbsp;<\/p>\n<h3>Laur\u00e9ate accueillie \u00e0 l&rsquo;IMT Atlantique<\/h3>\n<\/div>\n<\/section>\n\n\r\n<section class=\"bloc-programs block-temoignages\">\r\n\r\n    <div class=\"container py-5\">\r\n        <div class=\"programs-info d-flex flex-wrap justify-content-center\">\r\n                            <a class=\"program-info px-3 py-4 mr-3 mt-4\"\r\n                   style=\"background-image: url(https:\/\/bienvenue.bretagne.bzh\/app\/uploads\/2024\/02\/ImageOption1-scaled.jpg);\" href=\"https:\/\/bienvenue.bretagne.bzh\/fr\/temoignage\/derek-asiedu-ingenieur-en-electronique-travaille-sur-la-communication-efficace-et-fiable-des-reseaux-de-capteurs-dans-lagriculture-de-precision\/\">\r\n                    <div class=\"pb-3\">\r\n                        <span class=\"text font-WorkSansMedium text-uppercase p-2\" style=\"background-color:#52d88b\">Derek Asiedu, ing\u00e9nieur en \u00e9lectronique, travaille sur la communication efficace et fiable des r\u00e9seaux de capteurs dans l\u2019agriculture de pr\u00e9cision<\/span>\r\n                    <\/div>\r\n                    <div class=\"text font-WorkSansLight\" style=\"color:#212529\"> <\/div>\r\n                <\/a>\r\n                            <a class=\"program-info px-3 py-4 mr-3 mt-4\"\r\n                   style=\"background-image: url(https:\/\/bienvenue.bretagne.bzh\/app\/uploads\/2021\/11\/JarrellSq.png);\" href=\"https:\/\/bienvenue.bretagne.bzh\/fr\/temoignage\/marie-jarrell-chercheuse-en-psychologie-et-en-science-informatique\/\">\r\n                    <div class=\"pb-3\">\r\n                        <span class=\"text font-WorkSansMedium text-uppercase p-2\" style=\"background-color:#f9d354\">Marie Jarrell, chercheuse en psychologie et en science informatique en r\u00e9alit\u00e9 augment\u00e9e<\/span>\r\n                    <\/div>\r\n                    <div class=\"text font-WorkSansLight\" style=\"color:#212529\"> <\/div>\r\n                <\/a>\r\n                    <\/div>\r\n    <\/div>\r\n\r\n<\/section>\r\n","protected":false},"excerpt":{"rendered":"","protected":false},"author":6,"featured_media":0,"parent":2901,"menu_order":35,"comment_status":"closed","ping_status":"closed","template":"","meta":{"_acf_changed":false,"inline_featured_image":false,"footnotes":""},"class_list":["post-2826","page","type-page","status-publish","hentry"],"acf":[],"yoast_head":"<!-- This site is optimized with the Yoast SEO plugin v26.0 - https:\/\/yoast.com\/wordpress\/plugins\/seo\/ -->\n<title>IMT Atlantique &#183; BIENVEN\u00dcE<\/title>\n<meta name=\"robots\" content=\"index, follow, max-snippet:-1, max-image-preview:large, max-video-preview:-1\" \/>\n<link rel=\"canonical\" href=\"https:\/\/msca-bienvenue.bretagne.bzh\/fr\/institutions-partenaires\/imt-atlantique\/\" \/>\n<meta property=\"og:locale\" content=\"fr_FR\" \/>\n<meta property=\"og:type\" content=\"article\" \/>\n<meta property=\"og:title\" content=\"IMT Atlantique &#183; BIENVEN\u00dcE\" \/>\n<meta property=\"og:url\" content=\"https:\/\/msca-bienvenue.bretagne.bzh\/fr\/institutions-partenaires\/imt-atlantique\/\" \/>\n<meta property=\"og:site_name\" content=\"BIENVEN\u00dcE\" \/>\n<meta property=\"article:modified_time\" content=\"2024-02-23T13:13:13+00:00\" \/>\n<meta name=\"twitter:card\" content=\"summary_large_image\" \/>\n<script type=\"application\/ld+json\" class=\"yoast-schema-graph\">{\"@context\":\"https:\/\/schema.org\",\"@graph\":[{\"@type\":\"WebPage\",\"@id\":\"https:\/\/msca-bienvenue.bretagne.bzh\/fr\/institutions-partenaires\/imt-atlantique\/\",\"url\":\"https:\/\/msca-bienvenue.bretagne.bzh\/fr\/institutions-partenaires\/imt-atlantique\/\",\"name\":\"IMT Atlantique &#183; BIENVEN\u00dcE\",\"isPartOf\":{\"@id\":\"https:\/\/msca-bienvenue.bretagne.bzh\/#website\"},\"datePublished\":\"2022-08-19T09:18:16+00:00\",\"dateModified\":\"2024-02-23T13:13:13+00:00\",\"breadcrumb\":{\"@id\":\"https:\/\/msca-bienvenue.bretagne.bzh\/fr\/institutions-partenaires\/imt-atlantique\/#breadcrumb\"},\"inLanguage\":\"fr-FR\",\"potentialAction\":[{\"@type\":\"ReadAction\",\"target\":[\"https:\/\/msca-bienvenue.bretagne.bzh\/fr\/institutions-partenaires\/imt-atlantique\/\"]}]},{\"@type\":\"BreadcrumbList\",\"@id\":\"https:\/\/msca-bienvenue.bretagne.bzh\/fr\/institutions-partenaires\/imt-atlantique\/#breadcrumb\",\"itemListElement\":[{\"@type\":\"ListItem\",\"position\":1,\"name\":\"Home\",\"item\":\"https:\/\/bienvenue.bretagne.bzh\/fr\/\"},{\"@type\":\"ListItem\",\"position\":2,\"name\":\"Institutions partenaires\",\"item\":\"https:\/\/msca-bienvenue.bretagne.bzh\/fr\/institutions-partenaires\/\"},{\"@type\":\"ListItem\",\"position\":3,\"name\":\"IMT Atlantique\"}]},{\"@type\":\"WebSite\",\"@id\":\"https:\/\/msca-bienvenue.bretagne.bzh\/#website\",\"url\":\"https:\/\/msca-bienvenue.bretagne.bzh\/\",\"name\":\"BIENVEN\u00dcE\",\"description\":\"Welcoming talented international post-docs in Brittany.\",\"potentialAction\":[{\"@type\":\"SearchAction\",\"target\":{\"@type\":\"EntryPoint\",\"urlTemplate\":\"https:\/\/msca-bienvenue.bretagne.bzh\/?s={search_term_string}\"},\"query-input\":{\"@type\":\"PropertyValueSpecification\",\"valueRequired\":true,\"valueName\":\"search_term_string\"}}],\"inLanguage\":\"fr-FR\"}]}<\/script>\n<!-- \/ Yoast SEO plugin. -->","yoast_head_json":{"title":"IMT Atlantique &#183; BIENVEN\u00dcE","robots":{"index":"index","follow":"follow","max-snippet":"max-snippet:-1","max-image-preview":"max-image-preview:large","max-video-preview":"max-video-preview:-1"},"canonical":"https:\/\/msca-bienvenue.bretagne.bzh\/fr\/institutions-partenaires\/imt-atlantique\/","og_locale":"fr_FR","og_type":"article","og_title":"IMT Atlantique &#183; BIENVEN\u00dcE","og_url":"https:\/\/msca-bienvenue.bretagne.bzh\/fr\/institutions-partenaires\/imt-atlantique\/","og_site_name":"BIENVEN\u00dcE","article_modified_time":"2024-02-23T13:13:13+00:00","twitter_card":"summary_large_image","schema":{"@context":"https:\/\/schema.org","@graph":[{"@type":"WebPage","@id":"https:\/\/msca-bienvenue.bretagne.bzh\/fr\/institutions-partenaires\/imt-atlantique\/","url":"https:\/\/msca-bienvenue.bretagne.bzh\/fr\/institutions-partenaires\/imt-atlantique\/","name":"IMT Atlantique &#183; BIENVEN\u00dcE","isPartOf":{"@id":"https:\/\/msca-bienvenue.bretagne.bzh\/#website"},"datePublished":"2022-08-19T09:18:16+00:00","dateModified":"2024-02-23T13:13:13+00:00","breadcrumb":{"@id":"https:\/\/msca-bienvenue.bretagne.bzh\/fr\/institutions-partenaires\/imt-atlantique\/#breadcrumb"},"inLanguage":"fr-FR","potentialAction":[{"@type":"ReadAction","target":["https:\/\/msca-bienvenue.bretagne.bzh\/fr\/institutions-partenaires\/imt-atlantique\/"]}]},{"@type":"BreadcrumbList","@id":"https:\/\/msca-bienvenue.bretagne.bzh\/fr\/institutions-partenaires\/imt-atlantique\/#breadcrumb","itemListElement":[{"@type":"ListItem","position":1,"name":"Home","item":"https:\/\/bienvenue.bretagne.bzh\/fr\/"},{"@type":"ListItem","position":2,"name":"Institutions partenaires","item":"https:\/\/msca-bienvenue.bretagne.bzh\/fr\/institutions-partenaires\/"},{"@type":"ListItem","position":3,"name":"IMT Atlantique"}]},{"@type":"WebSite","@id":"https:\/\/msca-bienvenue.bretagne.bzh\/#website","url":"https:\/\/msca-bienvenue.bretagne.bzh\/","name":"BIENVEN\u00dcE","description":"Welcoming talented international post-docs in Brittany.","potentialAction":[{"@type":"SearchAction","target":{"@type":"EntryPoint","urlTemplate":"https:\/\/msca-bienvenue.bretagne.bzh\/?s={search_term_string}"},"query-input":{"@type":"PropertyValueSpecification","valueRequired":true,"valueName":"search_term_string"}}],"inLanguage":"fr-FR"}]}},"_links":{"self":[{"href":"https:\/\/bienvenue.bretagne.bzh\/fr\/wp-json\/wp\/v2\/pages\/2826","targetHints":{"allow":["GET"]}}],"collection":[{"href":"https:\/\/bienvenue.bretagne.bzh\/fr\/wp-json\/wp\/v2\/pages"}],"about":[{"href":"https:\/\/bienvenue.bretagne.bzh\/fr\/wp-json\/wp\/v2\/types\/page"}],"author":[{"embeddable":true,"href":"https:\/\/bienvenue.bretagne.bzh\/fr\/wp-json\/wp\/v2\/users\/6"}],"replies":[{"embeddable":true,"href":"https:\/\/bienvenue.bretagne.bzh\/fr\/wp-json\/wp\/v2\/comments?post=2826"}],"version-history":[{"count":6,"href":"https:\/\/bienvenue.bretagne.bzh\/fr\/wp-json\/wp\/v2\/pages\/2826\/revisions"}],"predecessor-version":[{"id":3692,"href":"https:\/\/bienvenue.bretagne.bzh\/fr\/wp-json\/wp\/v2\/pages\/2826\/revisions\/3692"}],"up":[{"embeddable":true,"href":"https:\/\/bienvenue.bretagne.bzh\/fr\/wp-json\/wp\/v2\/pages\/2901"}],"wp:attachment":[{"href":"https:\/\/bienvenue.bretagne.bzh\/fr\/wp-json\/wp\/v2\/media?parent=2826"}],"curies":[{"name":"wp","href":"https:\/\/api.w.org\/{rel}","templated":true}]}}