{"id":2810,"date":"2022-08-19T10:51:35","date_gmt":"2022-08-19T08:51:35","guid":{"rendered":"https:\/\/bienvenue.bretagne.bzh\/?page_id=2810"},"modified":"2023-10-19T12:21:08","modified_gmt":"2023-10-19T10:21:08","slug":"linstitut-agro-rennes-angers","status":"publish","type":"page","link":"https:\/\/bienvenue.bretagne.bzh\/fr\/institutions-partenaires\/linstitut-agro-rennes-angers\/","title":{"rendered":"L&rsquo;Institut Agro Rennes-Angers"},"content":{"rendered":"<section class=\"bloc-header page-header\">\n    <div class=\"bg-header bg-header-1 d-flex flex-column justify-content-end\"\n        style=\"background-image: url('https:\/\/bienvenue.bretagne.bzh\/app\/uploads\/2021\/01\/AgroCampus-Ouest-preview.jpeg'); background-position: top\">\n        <div class=\"container px-4 px-lg-5\">\n            <div class=\"info-header\">\n                                    <div><img decoding=\"async\" class=\"logo-img logo-defaut\"                                  src=\"https:\/\/bienvenue.bretagne.bzh\/app\/uploads\/2022\/04\/INSTITUT_AGRO_Rennes-Angers_CMJN_png.png\">\n                    <\/div>\n                                <h1 class=\"title color-white font-JostSemiBold pb-3\"><span class=\"htitle  \" style=\"background-color: transparent;color:white\">L&rsquo;Institut Agro Rennes-Angers<\/span><\/h1>\n                <div class=\"text color-white font-WorkSansLight\">\n                    D\u00e9di\u00e9 aux sciences et technologies de la vie et de l&rsquo;environnement, L&rsquo;Institut Agro Rennes-Angers b\u00e9n\u00e9ficie de sa localisation au c\u0153ur d&rsquo;une r\u00e9gion agricole de premier plan au niveau europ\u00e9en.\n                <\/div>\n            <\/div>\n        <\/div>\n        <div class=\"bg-filter\"><\/div>\n\n        <div>\n            <img decoding=\"async\" class=\"logo-arrow\" src=\"\/app\/themes\/msca-bienvenue\/src\/img\/picto\/arrow@3x.png\" alt=\"logo-arrow\">\n        <\/div>\n\n<\/section>\n\n\n<section class=\"block-contenu pt-4\">\n    <div class=\"container text font-WorkSansLight\"><p>L&rsquo;Institut Agro Rennes-Angers est une institution d&rsquo;enseignement sup\u00e9rieur d\u00e9di\u00e9e au sciences et technologies de la vie et de l&rsquo;environnement accr\u00e9dit\u00e9e et sous la tutelle du Minist\u00e8re fran\u00e7ais de l&rsquo;Agriculture, de l&rsquo;Alimentation. L&rsquo;Institut comprend 140 professeur\u00b7e\u00b7s et enseignant\u00b7e\u00b7s-chercheur\u00b7se\u00b7s \u00e0 Rennes et \u00e0 Angers, travaillant au sein de 13 laboratoires, 9 \u00e9tant des unit\u00e9s mixtes de recherche.<\/p>\n<p>Il accueille presque 2000 \u00e9tudiant\u00b7e\u00b7s, dont 130 doctorant\u00b7e\u00b7s.\u00a0 Les dipl\u00f4mes d\u00e9livr\u00e9s par l&rsquo;Institut couvre l&rsquo;ensemble LMD (Licence-Master-Doctorat). L&rsquo;Institut accueille 10% d&rsquo;\u00e9tudiant\u00b7e\u00b7s internationaux et offre des double cursus et des Masters Erasmus Mundus. Les cours multidisciplinaires (sciences de la vie, science de l&rsquo;ing\u00e9nieur, sciences \u00e9conomiques et sociales, management) sont donn\u00e9s par des enseignant\u00b7e\u00b7s-chercheur\u00b7se\u00b7s. Des intervenants issus du monde professionnel interviennent \u00e9galement dans les formations propos\u00e9es. L&rsquo;Institut est certifi\u00e9 par le label EUR-ACE (EURopena ACcredited Engineer).<\/p>\n<p>L&rsquo;Institut est reconnu au niveau international pour l&rsquo;excellence de sa recherche et de ses infrastructures de recherche dans plusieurs domaines-cl\u00e9s:<\/p>\n<ul>\n<li>Infrastructures d&rsquo;exp\u00e9rimentation d\u00e9di\u00e9es au suivi des poissons et \u00e0 l&rsquo;\u00e9levage<\/li>\n<li>Laboratoires technologiques et plateformes d\u00e9di\u00e9es au ph\u00e9notypage de plantes et de graines et \u00e0 l&rsquo;\u00e9valuation multifactorielle de la soutenabilit\u00e9 des syst\u00e8mes agricoles<\/li>\n<li>Une plateforme reconnue au niveau national d\u00e9di\u00e9e \u00e0 la transformation laiti\u00e8re<\/li>\n<\/ul>\n<p>&nbsp;<\/p>\n<\/div>\n<\/section>\n\n\n<section class=\"block-pictos block-contenu\">\n    <div class=\"container\">\n        <div class=\"row py-3\">\n                            <div class=\"col-12 col-lg-6 d-flex flex-row align-items-center pb-3 pb-lg-0\">\n                    <div class=\"icon mr-3\">\n                        <img decoding=\"async\" src=\"https:\/\/bienvenue.bretagne.bzh\/app\/uploads\/2020\/12\/picto-ecole1@3x.png\" alt=\"picto-ecole\">\n                    <\/div>\n\n                    <div class=\"text font-WorkSansLight\">140 professeur\u00b7e\u00b7s et enseignant\u00b7e\u00b7s-chercheur\u00b7se\u00b7s \u00e0 Rennes et \u00e0 Angers<\/div>\n                <\/div>\n                            <div class=\"col-12 col-lg-6 d-flex flex-row align-items-center pb-3 pb-lg-0\">\n                    <div class=\"icon mr-3\">\n                        <img decoding=\"async\" src=\"https:\/\/bienvenue.bretagne.bzh\/app\/uploads\/2020\/12\/picto-institution2@3x.png\" alt=\"picto-ecole\">\n                    <\/div>\n\n                    <div class=\"text font-WorkSansLight\">13 laboratoires, dont 9 unit\u00e9s mixtes de recherche<\/div>\n                <\/div>\n                    <\/div>\n    <\/div>\n<\/section>\n\n\n<section class=\"block-contenu pt-4\">\n    <div class=\"container text font-WorkSansLight\"><p>Les chercheur\u00b7se\u00b7s de l&rsquo;Institut travaillent au sein du cluster r\u00e9gional scientifique d\u00e9di\u00e9e aux sciences de la vie, en collaboration notamment avec l&rsquo;ANSES, l&rsquo;IFREMER, l&rsquo;INRAE, l&rsquo;IRD et des \u00e9coles sup\u00e9rieures agricoles et v\u00e9t\u00e9rinaires. Les chercheur\u00b7se\u00b7s de l&rsquo;Institut sont aussi impliqu\u00e9es dans les p\u00f4les de comp\u00e9titivit\u00e9 d\u00e9di\u00e9s aux v\u00e9g\u00e9taux (\u00ab\u00a0Vegepolys\u00a0\u00bb) et aux sciences de l&rsquo;alimentation (\u00ab\u00a0Valorial\u00a0\u00bb).<\/p>\n<p style=\"text-align: center;\"><a href=\"https:\/\/www.institut-agro-rennes-angers.fr\">https:\/\/www.institut-agro-rennes-angers.fr<\/a><\/p>\n<h3>Les laur\u00e9at\u00b7e\u00b7s accueilli\u00b7e\u00b7s \u00e0 l&rsquo;Institut Agro Rennes-Angers<\/h3>\n<\/div>\n<\/section>\n\n\r\n<section class=\"bloc-programs block-temoignages\">\r\n\r\n    <div class=\"container py-5\">\r\n        <div class=\"programs-info d-flex flex-wrap justify-content-center\">\r\n                            <a class=\"program-info px-3 py-4 mr-3 mt-4\"\r\n                   style=\"background-image: url(https:\/\/bienvenue.bretagne.bzh\/app\/uploads\/2021\/09\/Sophie-Brajon-2021.jpg);\" href=\"https:\/\/bienvenue.bretagne.bzh\/fr\/temoignage\/sophie-brajon-ethologue-travaille-a-lamelioration-des-elevages-porcins\/\">\r\n                    <div class=\"pb-3\">\r\n                        <span class=\"text font-WorkSansMedium text-uppercase p-2\" style=\"background-color:#52d88b\">Sophie Brajon, \u00e9thologue, travaille \u00e0 l&rsquo;am\u00e9lioration des \u00e9levages porcins<\/span>\r\n                    <\/div>\r\n                    <div class=\"text font-WorkSansLight\" style=\"color:#212529\"> <\/div>\r\n                <\/a>\r\n                            <a class=\"program-info px-3 py-4 mr-3 mt-4\"\r\n                   style=\"background-image: url(https:\/\/bienvenue.bretagne.bzh\/app\/uploads\/2023\/10\/Photo.jpg);\" href=\"https:\/\/bienvenue.bretagne.bzh\/fr\/temoignage\/coralie-goetz-microbiologiste-travaillant-au-developpement-dune-strategie-microbienne-pour-la-prevention-des-infections-intramammaires-des-bovins\/\">\r\n                    <div class=\"pb-3\">\r\n                        <span class=\"text font-WorkSansMedium text-uppercase p-2\" style=\"background-color:#52d88b\">Coralie Goetz, microbiologiste, travaillant au d\u00e9veloppement d\u2019une strat\u00e9gie microbienne de pr\u00e9vention des infections intra-mammaires bovines<\/span>\r\n                    <\/div>\r\n                    <div class=\"text font-WorkSansLight\" style=\"color:#212529\"> <\/div>\r\n                <\/a>\r\n                            <a class=\"program-info px-3 py-4 mr-3 mt-4\"\r\n                   style=\"background-image: url(https:\/\/bienvenue.bretagne.bzh\/app\/uploads\/2022\/03\/Photo_KandiSRIDHAR.jpg);\" href=\"https:\/\/bienvenue.bretagne.bzh\/fr\/temoignage\/kandi-sridhar-chimiste-alimentaire\/\">\r\n                    <div class=\"pb-3\">\r\n                        <span class=\"text font-WorkSansMedium text-uppercase p-2\" style=\"background-color:#52d88b\">Kandi Sridhar, chimiste alimentaire, travaille sur la microencapsulation des prot\u00e9ines de l\u00e9gumineuses<\/span>\r\n                    <\/div>\r\n                    <div class=\"text font-WorkSansLight\" style=\"color:#212529\"> <\/div>\r\n                <\/a>\r\n                            <a class=\"program-info px-3 py-4 mr-3 mt-4\"\r\n                   style=\"background-image: url(https:\/\/bienvenue.bretagne.bzh\/app\/uploads\/2023\/09\/Photo-NEMO.png);\" href=\"https:\/\/bienvenue.bretagne.bzh\/fr\/temoignage\/israel-tankam-un-mathematicien-travaillant-sur-les-applications-pratiques-de-la-modelisation-mathematique-en-agriculture\/\">\r\n                    <div class=\"pb-3\">\r\n                        <span class=\"text font-WorkSansMedium text-uppercase p-2\" style=\"background-color:#52d88b\">Isra\u00ebl Tankam, un math\u00e9maticien travaillant sur les applications pratiques de la mod\u00e9lisation math\u00e9matique en agriculture<\/span>\r\n                    <\/div>\r\n                    <div class=\"text font-WorkSansLight\" style=\"color:#212529\"> <\/div>\r\n                <\/a>\r\n                    <\/div>\r\n    <\/div>\r\n\r\n<\/section>\r\n","protected":false},"excerpt":{"rendered":"","protected":false},"author":6,"featured_media":0,"parent":2901,"menu_order":39,"comment_status":"closed","ping_status":"closed","template":"","meta":{"_acf_changed":false,"inline_featured_image":false,"footnotes":""},"class_list":["post-2810","page","type-page","status-publish","hentry"],"acf":[],"yoast_head":"<!-- This site is optimized with the Yoast SEO plugin v26.0 - https:\/\/yoast.com\/wordpress\/plugins\/seo\/ -->\n<title>L&#039;Institut Agro Rennes-Angers &#183; BIENVEN\u00dcE<\/title>\n<meta name=\"robots\" content=\"index, follow, max-snippet:-1, max-image-preview:large, max-video-preview:-1\" \/>\n<link rel=\"canonical\" href=\"https:\/\/msca-bienvenue.bretagne.bzh\/fr\/institutions-partenaires\/linstitut-agro-rennes-angers\/\" \/>\n<meta property=\"og:locale\" content=\"fr_FR\" \/>\n<meta property=\"og:type\" content=\"article\" \/>\n<meta property=\"og:title\" content=\"L&#039;Institut Agro Rennes-Angers &#183; BIENVEN\u00dcE\" \/>\n<meta property=\"og:url\" content=\"https:\/\/msca-bienvenue.bretagne.bzh\/fr\/institutions-partenaires\/linstitut-agro-rennes-angers\/\" \/>\n<meta property=\"og:site_name\" content=\"BIENVEN\u00dcE\" \/>\n<meta property=\"article:modified_time\" content=\"2023-10-19T10:21:08+00:00\" \/>\n<meta name=\"twitter:card\" content=\"summary_large_image\" \/>\n<script type=\"application\/ld+json\" class=\"yoast-schema-graph\">{\"@context\":\"https:\/\/schema.org\",\"@graph\":[{\"@type\":\"WebPage\",\"@id\":\"https:\/\/msca-bienvenue.bretagne.bzh\/fr\/institutions-partenaires\/linstitut-agro-rennes-angers\/\",\"url\":\"https:\/\/msca-bienvenue.bretagne.bzh\/fr\/institutions-partenaires\/linstitut-agro-rennes-angers\/\",\"name\":\"L'Institut Agro Rennes-Angers &#183; BIENVEN\u00dcE\",\"isPartOf\":{\"@id\":\"https:\/\/msca-bienvenue.bretagne.bzh\/#website\"},\"datePublished\":\"2022-08-19T08:51:35+00:00\",\"dateModified\":\"2023-10-19T10:21:08+00:00\",\"breadcrumb\":{\"@id\":\"https:\/\/msca-bienvenue.bretagne.bzh\/fr\/institutions-partenaires\/linstitut-agro-rennes-angers\/#breadcrumb\"},\"inLanguage\":\"fr-FR\",\"potentialAction\":[{\"@type\":\"ReadAction\",\"target\":[\"https:\/\/msca-bienvenue.bretagne.bzh\/fr\/institutions-partenaires\/linstitut-agro-rennes-angers\/\"]}]},{\"@type\":\"BreadcrumbList\",\"@id\":\"https:\/\/msca-bienvenue.bretagne.bzh\/fr\/institutions-partenaires\/linstitut-agro-rennes-angers\/#breadcrumb\",\"itemListElement\":[{\"@type\":\"ListItem\",\"position\":1,\"name\":\"Home\",\"item\":\"https:\/\/bienvenue.bretagne.bzh\/fr\/\"},{\"@type\":\"ListItem\",\"position\":2,\"name\":\"Institutions partenaires\",\"item\":\"https:\/\/msca-bienvenue.bretagne.bzh\/fr\/institutions-partenaires\/\"},{\"@type\":\"ListItem\",\"position\":3,\"name\":\"L&#8217;Institut Agro Rennes-Angers\"}]},{\"@type\":\"WebSite\",\"@id\":\"https:\/\/msca-bienvenue.bretagne.bzh\/#website\",\"url\":\"https:\/\/msca-bienvenue.bretagne.bzh\/\",\"name\":\"BIENVEN\u00dcE\",\"description\":\"Welcoming talented international post-docs in Brittany.\",\"potentialAction\":[{\"@type\":\"SearchAction\",\"target\":{\"@type\":\"EntryPoint\",\"urlTemplate\":\"https:\/\/msca-bienvenue.bretagne.bzh\/?s={search_term_string}\"},\"query-input\":{\"@type\":\"PropertyValueSpecification\",\"valueRequired\":true,\"valueName\":\"search_term_string\"}}],\"inLanguage\":\"fr-FR\"}]}<\/script>\n<!-- \/ Yoast SEO plugin. -->","yoast_head_json":{"title":"L'Institut Agro Rennes-Angers &#183; BIENVEN\u00dcE","robots":{"index":"index","follow":"follow","max-snippet":"max-snippet:-1","max-image-preview":"max-image-preview:large","max-video-preview":"max-video-preview:-1"},"canonical":"https:\/\/msca-bienvenue.bretagne.bzh\/fr\/institutions-partenaires\/linstitut-agro-rennes-angers\/","og_locale":"fr_FR","og_type":"article","og_title":"L'Institut Agro Rennes-Angers &#183; BIENVEN\u00dcE","og_url":"https:\/\/msca-bienvenue.bretagne.bzh\/fr\/institutions-partenaires\/linstitut-agro-rennes-angers\/","og_site_name":"BIENVEN\u00dcE","article_modified_time":"2023-10-19T10:21:08+00:00","twitter_card":"summary_large_image","schema":{"@context":"https:\/\/schema.org","@graph":[{"@type":"WebPage","@id":"https:\/\/msca-bienvenue.bretagne.bzh\/fr\/institutions-partenaires\/linstitut-agro-rennes-angers\/","url":"https:\/\/msca-bienvenue.bretagne.bzh\/fr\/institutions-partenaires\/linstitut-agro-rennes-angers\/","name":"L'Institut Agro Rennes-Angers &#183; BIENVEN\u00dcE","isPartOf":{"@id":"https:\/\/msca-bienvenue.bretagne.bzh\/#website"},"datePublished":"2022-08-19T08:51:35+00:00","dateModified":"2023-10-19T10:21:08+00:00","breadcrumb":{"@id":"https:\/\/msca-bienvenue.bretagne.bzh\/fr\/institutions-partenaires\/linstitut-agro-rennes-angers\/#breadcrumb"},"inLanguage":"fr-FR","potentialAction":[{"@type":"ReadAction","target":["https:\/\/msca-bienvenue.bretagne.bzh\/fr\/institutions-partenaires\/linstitut-agro-rennes-angers\/"]}]},{"@type":"BreadcrumbList","@id":"https:\/\/msca-bienvenue.bretagne.bzh\/fr\/institutions-partenaires\/linstitut-agro-rennes-angers\/#breadcrumb","itemListElement":[{"@type":"ListItem","position":1,"name":"Home","item":"https:\/\/bienvenue.bretagne.bzh\/fr\/"},{"@type":"ListItem","position":2,"name":"Institutions partenaires","item":"https:\/\/msca-bienvenue.bretagne.bzh\/fr\/institutions-partenaires\/"},{"@type":"ListItem","position":3,"name":"L&#8217;Institut Agro Rennes-Angers"}]},{"@type":"WebSite","@id":"https:\/\/msca-bienvenue.bretagne.bzh\/#website","url":"https:\/\/msca-bienvenue.bretagne.bzh\/","name":"BIENVEN\u00dcE","description":"Welcoming talented international post-docs in Brittany.","potentialAction":[{"@type":"SearchAction","target":{"@type":"EntryPoint","urlTemplate":"https:\/\/msca-bienvenue.bretagne.bzh\/?s={search_term_string}"},"query-input":{"@type":"PropertyValueSpecification","valueRequired":true,"valueName":"search_term_string"}}],"inLanguage":"fr-FR"}]}},"_links":{"self":[{"href":"https:\/\/bienvenue.bretagne.bzh\/fr\/wp-json\/wp\/v2\/pages\/2810","targetHints":{"allow":["GET"]}}],"collection":[{"href":"https:\/\/bienvenue.bretagne.bzh\/fr\/wp-json\/wp\/v2\/pages"}],"about":[{"href":"https:\/\/bienvenue.bretagne.bzh\/fr\/wp-json\/wp\/v2\/types\/page"}],"author":[{"embeddable":true,"href":"https:\/\/bienvenue.bretagne.bzh\/fr\/wp-json\/wp\/v2\/users\/6"}],"replies":[{"embeddable":true,"href":"https:\/\/bienvenue.bretagne.bzh\/fr\/wp-json\/wp\/v2\/comments?post=2810"}],"version-history":[{"count":13,"href":"https:\/\/bienvenue.bretagne.bzh\/fr\/wp-json\/wp\/v2\/pages\/2810\/revisions"}],"predecessor-version":[{"id":3492,"href":"https:\/\/bienvenue.bretagne.bzh\/fr\/wp-json\/wp\/v2\/pages\/2810\/revisions\/3492"}],"up":[{"embeddable":true,"href":"https:\/\/bienvenue.bretagne.bzh\/fr\/wp-json\/wp\/v2\/pages\/2901"}],"wp:attachment":[{"href":"https:\/\/bienvenue.bretagne.bzh\/fr\/wp-json\/wp\/v2\/media?parent=2810"}],"curies":[{"name":"wp","href":"https:\/\/api.w.org\/{rel}","templated":true}]}}